{"id":22781,"date":"2021-09-18T09:46:49","date_gmt":"2021-09-18T13:46:49","guid":{"rendered":"https:\/\/www.lirapopular.cl\/lirapopularxix\/?page_id=22781"},"modified":"2021-09-18T09:46:49","modified_gmt":"2021-09-18T13:46:49","slug":"ejecucion-del-reo-mendoza","status":"publish","type":"page","link":"https:\/\/www.lirapopular.cl\/lirapopularxix\/ejecucion-del-reo-mendoza\/","title":{"rendered":"Ejecuc[ion del reo Mendoza]"},"content":{"rendered":"\n<div class=\"wp-block-image\"><figure class=\"alignright size-medium\"><a href=\"http:\/\/https:\/\/www.lirapopular.cl\/lirapopularxix\/wp-content\/uploads\/2021\/09\/503-1.jpg\"><img decoding=\"async\" src=\"http:\/\/https:\/\/www.lirapopular.cl\/lirapopularxix\/wp-content\/uploads\/2021\/09\/503-1-300x221.jpg\" alt=\"\" class=\"wp-image-22782\"\/><\/a><figcaption>Colecci\u00f3n Lira Popular de la<br \/>Universidad de Chile<\/figcaption><\/figure><\/div>\n\n\n\n<p>Autor: Pedro Villegas.<br \/>Impresor: Impreso por P Ramirez\u2014Ech\u00e1urren 6.<br \/>Tama\u00f1o: 25,6 x 35,5 cm<br \/>Clasificaci\u00f3n: 503 V732d Caja N\u00b03b<\/p>\n\n\n\n<ul class=\"wp-block-list\"><li><a href=\"https:\/\/www.lirapopular.cl\/lirapopularxix\/2021\/09\/18\/desigualda-ante-la-lei\/\">Desigualdad ante la ley<\/a><\/li><li><a href=\"https:\/\/www.lirapopular.cl\/lirapopularxix\/2021\/09\/18\/ejecuccion-del-reo-mendoza\/\">Ejecuc[i\u00f3n del reo Mendoza]<\/a><\/li><li><a href=\"https:\/\/www.lirapopular.cl\/lirapopularxix\/2021\/09\/18\/el-agua-i-el-fuego\/\">El agua y el fuego<\/a><\/li><li><a href=\"https:\/\/www.lirapopular.cl\/lirapopularxix\/2021\/09\/18\/el-poeta-porteno\/\">El poeta porte\u00f1o<\/a><\/li><\/ul>\n\n\n\n<p>Nota: Este ejemplar tiene escrito a mano con l\u00e1piz rojo \u201c503\u201d. Al documento se le recort\u00f3 parte de la imagen central. Usa el mismo grabado que este documento, <a href=\"https:\/\/www.lirapopular.cl\/lirapopularxix\/ejecucion-del-reo-acuna-2\/\">ver<\/a>.<br \/>Documento optimizado digitalmente.<\/p>\n","protected":false},"excerpt":{"rendered":"<p>Autor: Pedro Villegas.Impresor: Impreso por P Ramirez\u2014Ech\u00e1urren 6.Tama\u00f1o: 25,6 x 35,5 cmClasificaci\u00f3n: 503 V732d Caja N\u00b03b Desigualdad ante la ley Ejecuc[i\u00f3n del reo Mendoza] El agua y el fuego El poeta porte\u00f1o Nota: Este ejemplar tiene escrito a mano con l\u00e1piz rojo \u201c503\u201d. Al documento se le recort\u00f3 parte de la imagen central. Usa el [&hellip;]<\/p>\n","protected":false},"author":1,"featured_media":0,"parent":0,"menu_order":0,"comment_status":"closed","ping_status":"closed","template":"","meta":{"footnotes":""},"class_list":["post-22781","page","type-page","status-publish","hentry"],"jetpack_sharing_enabled":true,"_links":{"self":[{"href":"https:\/\/www.lirapopular.cl\/lirapopularxix\/wp-json\/wp\/v2\/pages\/22781","targetHints":{"allow":["GET"]}}],"collection":[{"href":"https:\/\/www.lirapopular.cl\/lirapopularxix\/wp-json\/wp\/v2\/pages"}],"about":[{"href":"https:\/\/www.lirapopular.cl\/lirapopularxix\/wp-json\/wp\/v2\/types\/page"}],"author":[{"embeddable":true,"href":"https:\/\/www.lirapopular.cl\/lirapopularxix\/wp-json\/wp\/v2\/users\/1"}],"replies":[{"embeddable":true,"href":"https:\/\/www.lirapopular.cl\/lirapopularxix\/wp-json\/wp\/v2\/comments?post=22781"}],"version-history":[{"count":0,"href":"https:\/\/www.lirapopular.cl\/lirapopularxix\/wp-json\/wp\/v2\/pages\/22781\/revisions"}],"wp:attachment":[{"href":"https:\/\/www.lirapopular.cl\/lirapopularxix\/wp-json\/wp\/v2\/media?parent=22781"}],"curies":[{"name":"wp","href":"https:\/\/api.w.org\/{rel}","templated":true}]}}