{"id":22748,"date":"2021-09-17T20:17:12","date_gmt":"2021-09-18T00:17:12","guid":{"rendered":"https:\/\/www.lirapopular.cl\/lirapopularxix\/?page_id=22748"},"modified":"2021-09-17T20:17:12","modified_gmt":"2021-09-18T00:17:12","slug":"el-crimen-de-lo-miranda","status":"publish","type":"page","link":"https:\/\/www.lirapopular.cl\/lirapopularxix\/el-crimen-de-lo-miranda\/","title":{"rendered":"El cr\u00ecmen de lo Miranda."},"content":{"rendered":"\n<div class=\"wp-block-image\"><figure class=\"alignright size-medium\"><a href=\"http:\/\/https:\/\/www.lirapopular.cl\/lirapopularxix\/wp-content\/uploads\/2021\/09\/501-1.jpg\"><img decoding=\"async\" src=\"http:\/\/https:\/\/www.lirapopular.cl\/lirapopularxix\/wp-content\/uploads\/2021\/09\/501-1-300x297.jpg\" alt=\"\" class=\"wp-image-22749\"\/><\/a><figcaption>Colecci\u00f3n Lira Popular de la<br \/>Universidad de Chile<\/figcaption><\/figure><\/div>\n\n\n\n<p>Autor: Pedro Villegas.<br \/>Impresor: Impreso por P. Ram\u00edrez\u2014Ech\u00e1urren 6.<br \/>Tama\u00f1o: 26,1 x 26 cm<br \/>Clasificaci\u00f3n: 501 V732c Caja N\u00b03b<\/p>\n\n\n\n<ul class=\"wp-block-list\"><li><a href=\"https:\/\/www.lirapopular.cl\/lirapopularxix\/2021\/09\/17\/el-crimende-la-calle-de-rancagua\/\">El crimen de la calle de Rancagua<\/a><\/li><li><a href=\"https:\/\/www.lirapopular.cl\/lirapopularxix\/2021\/09\/17\/el-crimen-de-lo-miranda\/\">El crimen de Lo Miranda. Horroroso cr\u00edmen contra la vida y el pudor de una mujer<\/a><\/li><li><a href=\"https:\/\/www.lirapopular.cl\/lirapopularxix\/2021\/09\/17\/la-brujade-la-calle-de-tarapaca\/\">La bruja de la calle de Tarapac\u00e1<\/a><\/li><\/ul>\n\n\n\n<p>Nota: Este ejemplar tiene escrito a mano con l\u00e1piz rojo \u201c501\u201d.<br \/>Documento optimizado digitalmente.<\/p>\n","protected":false},"excerpt":{"rendered":"<p>Autor: Pedro Villegas.Impresor: Impreso por P. Ram\u00edrez\u2014Ech\u00e1urren 6.Tama\u00f1o: 26,1 x 26 cmClasificaci\u00f3n: 501 V732c Caja N\u00b03b El crimen de la calle de Rancagua El crimen de Lo Miranda. Horroroso cr\u00edmen contra la vida y el pudor de una mujer La bruja de la calle de Tarapac\u00e1 Nota: Este ejemplar tiene escrito a mano con l\u00e1piz [&hellip;]<\/p>\n","protected":false},"author":1,"featured_media":0,"parent":0,"menu_order":0,"comment_status":"closed","ping_status":"closed","template":"","meta":{"footnotes":""},"class_list":["post-22748","page","type-page","status-publish","hentry"],"jetpack_sharing_enabled":true,"_links":{"self":[{"href":"https:\/\/www.lirapopular.cl\/lirapopularxix\/wp-json\/wp\/v2\/pages\/22748","targetHints":{"allow":["GET"]}}],"collection":[{"href":"https:\/\/www.lirapopular.cl\/lirapopularxix\/wp-json\/wp\/v2\/pages"}],"about":[{"href":"https:\/\/www.lirapopular.cl\/lirapopularxix\/wp-json\/wp\/v2\/types\/page"}],"author":[{"embeddable":true,"href":"https:\/\/www.lirapopular.cl\/lirapopularxix\/wp-json\/wp\/v2\/users\/1"}],"replies":[{"embeddable":true,"href":"https:\/\/www.lirapopular.cl\/lirapopularxix\/wp-json\/wp\/v2\/comments?post=22748"}],"version-history":[{"count":0,"href":"https:\/\/www.lirapopular.cl\/lirapopularxix\/wp-json\/wp\/v2\/pages\/22748\/revisions"}],"wp:attachment":[{"href":"https:\/\/www.lirapopular.cl\/lirapopularxix\/wp-json\/wp\/v2\/media?parent=22748"}],"curies":[{"name":"wp","href":"https:\/\/api.w.org\/{rel}","templated":true}]}}