{"id":22730,"date":"2021-09-17T16:55:05","date_gmt":"2021-09-17T20:55:05","guid":{"rendered":"https:\/\/www.lirapopular.cl\/lirapopularxix\/?page_id=22730"},"modified":"2021-09-17T16:55:05","modified_gmt":"2021-09-17T20:55:05","slug":"ejecucion-del-reo-jose-biliano-mayorga","status":"publish","type":"page","link":"https:\/\/www.lirapopular.cl\/lirapopularxix\/ejecucion-del-reo-jose-biliano-mayorga\/","title":{"rendered":"Ejecucion del reo Jos\u00e9 Biliano Mayorga"},"content":{"rendered":"\n<div class=\"wp-block-image\"><figure class=\"alignright size-medium\"><a href=\"http:\/\/https:\/\/www.lirapopular.cl\/lirapopularxix\/wp-content\/uploads\/2021\/09\/500-1.jpg\"><img decoding=\"async\" src=\"http:\/\/https:\/\/www.lirapopular.cl\/lirapopularxix\/wp-content\/uploads\/2021\/09\/500-1-300x214.jpg\" alt=\"\" class=\"wp-image-22733\"\/><\/a><figcaption>Colecci\u00f3n Lira Popular de la<br \/>Universidad de Chile<\/figcaption><\/figure><\/div>\n\n\n\n<p>Autor: Pedro Villegas.<br \/>Impresor: Impreso por P Ramirez\u2014Ech\u00e1urren 6.<br \/>Tama\u00f1o: 24,4 x 34,8 cm<br \/>Clasificaci\u00f3n: 500 V732e Caja N\u00b03b<\/p>\n\n\n\n<ul class=\"wp-block-list\"><li><a href=\"https:\/\/www.lirapopular.cl\/lirapopularxix\/2021\/09\/17\/el-hijo-prodigo-2\/\">El hijo pr\u00f3digo<\/a><\/li><li><a href=\"https:\/\/www.lirapopular.cl\/lirapopularxix\/2021\/09\/17\/ejecucion-del-reo-jose-biliano-mayorga\/\">Ejecuci\u00f3n del reo Jos\u00e9 Biliano Mayorga<\/a><\/li><li><a href=\"https:\/\/www.lirapopular.cl\/lirapopularxix\/2021\/09\/17\/carta-al-padre-del-reojose-biliano-mallorga\/\">Carta al padre del reo Jos\u00e9 Biliano Mayorga<\/a><\/li><li><a href=\"https:\/\/www.lirapopular.cl\/lirapopularxix\/2021\/09\/17\/las-aves-parleras\/\">Las aves parleras<\/a><\/li><li><a href=\"https:\/\/www.lirapopular.cl\/lirapopularxix\/2021\/09\/17\/el-doctor-castellanos\/\">El doctor castellanos<\/a><\/li><\/ul>\n\n\n\n<p>Nota: Este ejemplar tiene escrito a mano con l\u00e1piz rojo \u201c500\u201d.<br \/>Documento optimizado digitalmente.<\/p>\n","protected":false},"excerpt":{"rendered":"<p>Autor: Pedro Villegas.Impresor: Impreso por P Ramirez\u2014Ech\u00e1urren 6.Tama\u00f1o: 24,4 x 34,8 cmClasificaci\u00f3n: 500 V732e Caja N\u00b03b El hijo pr\u00f3digo Ejecuci\u00f3n del reo Jos\u00e9 Biliano Mayorga Carta al padre del reo Jos\u00e9 Biliano Mayorga Las aves parleras El doctor castellanos Nota: Este ejemplar tiene escrito a mano con l\u00e1piz rojo \u201c500\u201d.Documento optimizado digitalmente.<\/p>\n","protected":false},"author":1,"featured_media":0,"parent":0,"menu_order":0,"comment_status":"closed","ping_status":"closed","template":"","meta":{"footnotes":""},"class_list":["post-22730","page","type-page","status-publish","hentry"],"jetpack_sharing_enabled":true,"_links":{"self":[{"href":"https:\/\/www.lirapopular.cl\/lirapopularxix\/wp-json\/wp\/v2\/pages\/22730","targetHints":{"allow":["GET"]}}],"collection":[{"href":"https:\/\/www.lirapopular.cl\/lirapopularxix\/wp-json\/wp\/v2\/pages"}],"about":[{"href":"https:\/\/www.lirapopular.cl\/lirapopularxix\/wp-json\/wp\/v2\/types\/page"}],"author":[{"embeddable":true,"href":"https:\/\/www.lirapopular.cl\/lirapopularxix\/wp-json\/wp\/v2\/users\/1"}],"replies":[{"embeddable":true,"href":"https:\/\/www.lirapopular.cl\/lirapopularxix\/wp-json\/wp\/v2\/comments?post=22730"}],"version-history":[{"count":0,"href":"https:\/\/www.lirapopular.cl\/lirapopularxix\/wp-json\/wp\/v2\/pages\/22730\/revisions"}],"wp:attachment":[{"href":"https:\/\/www.lirapopular.cl\/lirapopularxix\/wp-json\/wp\/v2\/media?parent=22730"}],"curies":[{"name":"wp","href":"https:\/\/api.w.org\/{rel}","templated":true}]}}