{"id":22697,"date":"2021-09-17T15:23:46","date_gmt":"2021-09-17T19:23:46","guid":{"rendered":"https:\/\/www.lirapopular.cl\/lirapopularxix\/?page_id=22697"},"modified":"2021-09-17T15:23:46","modified_gmt":"2021-09-17T19:23:46","slug":"ejecucion-del-reo-acuna-2","status":"publish","type":"page","link":"https:\/\/www.lirapopular.cl\/lirapopularxix\/ejecucion-del-reo-acuna-2\/","title":{"rendered":"Ejecucion del reo Acu\u00f1a."},"content":{"rendered":"\n<div class=\"wp-block-image\"><figure class=\"alignright size-medium\"><a href=\"http:\/\/https:\/\/www.lirapopular.cl\/lirapopularxix\/wp-content\/uploads\/2021\/09\/498-1.jpg\"><img decoding=\"async\" src=\"http:\/\/https:\/\/www.lirapopular.cl\/lirapopularxix\/wp-content\/uploads\/2021\/09\/498-1-300x212.jpg\" alt=\"\" class=\"wp-image-22700\"\/><\/a><figcaption>Colecci\u00f3n Lira Popular de la<br \/>Universidad de Chile<\/figcaption><\/figure><\/div>\n\n\n\n<p>Autor: Pedro Villegas.<br \/>Impresor: Impreso por P Ramirez\u2014Ech\u00e1urren 6.<br \/>Tama\u00f1o: 24 x 35 cm<br \/>Clasificaci\u00f3n: 498 V732a Caja N\u00b03b<\/p>\n\n\n\n<ul class=\"wp-block-list\"><li><a href=\"https:\/\/www.lirapopular.cl\/lirapopularxix\/2021\/09\/17\/acuna-confesando-su-crimen\/\">Acu\u00f1a confesando su crimen<\/a><\/li><li><a href=\"https:\/\/www.lirapopular.cl\/lirapopularxix\/2021\/09\/17\/ejecucion-del-reo-acuna-2\/\">Ejecuci\u00f3n del reo Acu\u00f1a<\/a><\/li><li><a href=\"https:\/\/www.lirapopular.cl\/lirapopularxix\/2021\/09\/17\/el-perjurio\/\">El perjurio<\/a><\/li><li><a href=\"https:\/\/www.lirapopular.cl\/lirapopularxix\/2021\/09\/17\/despedida-de-anjel-8\/\">Despedida de \u00e1ngel<\/a><\/li><\/ul>\n\n\n\n<p>Nota: Este ejemplar tiene escrito a mano con l\u00e1piz rojo \u201c498\u201d. Usa el mismo grabado que este documento, <a href=\"https:\/\/www.lirapopular.cl\/lirapopularxix\/ejecucion-del-reo-mendoza\/\">ver<\/a>.<br \/>Documento optimizado digitalmente.<\/p>\n","protected":false},"excerpt":{"rendered":"<p>Autor: Pedro Villegas.Impresor: Impreso por P Ramirez\u2014Ech\u00e1urren 6.Tama\u00f1o: 24 x 35 cmClasificaci\u00f3n: 498 V732a Caja N\u00b03b Acu\u00f1a confesando su crimen Ejecuci\u00f3n del reo Acu\u00f1a El perjurio Despedida de \u00e1ngel Nota: Este ejemplar tiene escrito a mano con l\u00e1piz rojo \u201c498\u201d. Usa el mismo grabado que este documento, ver.Documento optimizado digitalmente.<\/p>\n","protected":false},"author":1,"featured_media":0,"parent":0,"menu_order":0,"comment_status":"closed","ping_status":"closed","template":"","meta":{"footnotes":""},"class_list":["post-22697","page","type-page","status-publish","hentry"],"jetpack_sharing_enabled":true,"_links":{"self":[{"href":"https:\/\/www.lirapopular.cl\/lirapopularxix\/wp-json\/wp\/v2\/pages\/22697","targetHints":{"allow":["GET"]}}],"collection":[{"href":"https:\/\/www.lirapopular.cl\/lirapopularxix\/wp-json\/wp\/v2\/pages"}],"about":[{"href":"https:\/\/www.lirapopular.cl\/lirapopularxix\/wp-json\/wp\/v2\/types\/page"}],"author":[{"embeddable":true,"href":"https:\/\/www.lirapopular.cl\/lirapopularxix\/wp-json\/wp\/v2\/users\/1"}],"replies":[{"embeddable":true,"href":"https:\/\/www.lirapopular.cl\/lirapopularxix\/wp-json\/wp\/v2\/comments?post=22697"}],"version-history":[{"count":0,"href":"https:\/\/www.lirapopular.cl\/lirapopularxix\/wp-json\/wp\/v2\/pages\/22697\/revisions"}],"wp:attachment":[{"href":"https:\/\/www.lirapopular.cl\/lirapopularxix\/wp-json\/wp\/v2\/media?parent=22697"}],"curies":[{"name":"wp","href":"https:\/\/api.w.org\/{rel}","templated":true}]}}