{"id":2268,"date":"2019-08-07T12:11:58","date_gmt":"2019-08-07T16:11:58","guid":{"rendered":"https:\/\/www.lirapopular.cl\/lirapopularxix\/?page_id=2268"},"modified":"2019-08-07T12:11:58","modified_gmt":"2019-08-07T16:11:58","slug":"sangrienta-tragedia-de-amor-captura-del-asesino-de-la-calle-morande","status":"publish","type":"page","link":"https:\/\/www.lirapopular.cl\/lirapopularxix\/sangrienta-tragedia-de-amor-captura-del-asesino-de-la-calle-morande\/","title":{"rendered":"Sangrienta Tragedia de Amor <br>CAPTURA DEL ASESINO DE LA CALLE MORAND\u00c9"},"content":{"rendered":"\n<div class=\"wp-block-image\"><figure class=\"alignright\"><a href=\"https:\/\/www.lirapopular.cl\/lirapopularxix\/wp-content\/uploads\/2019\/08\/475.jpg\"><img loading=\"lazy\" decoding=\"async\" width=\"219\" height=\"300\" src=\"https:\/\/www.lirapopular.cl\/lirapopularxix\/wp-content\/uploads\/2019\/08\/475-219x300.jpg\" alt=\"\" class=\"wp-image-2281\" srcset=\"https:\/\/www.lirapopular.cl\/lirapopularxix\/wp-content\/uploads\/2019\/08\/475-219x300.jpg 219w, https:\/\/www.lirapopular.cl\/lirapopularxix\/wp-content\/uploads\/2019\/08\/475.jpg 731w\" sizes=\"auto, (max-width: 219px) 100vw, 219px\" \/><\/a><figcaption>Colecci\u00f3n Lira Popular de la <br>Universidad de Chile<\/figcaption><\/figure><\/div>\n\n\n\n<p>Autor: Pepa Aravena<br>Impresor: Sin informaci\u00f3n<br>Tama\u00f1o: 37 x 51,5 cm<br>Clasificaci\u00f3n: 475 A663s Caja N\u00b06b<\/p>\n\n\n\n<ul class=\"wp-block-list\"><li><a href=\"https:\/\/www.lirapopular.cl\/lirapopularxix\/2019\/08\/07\/captura-del-reo-jose-del-carmen-garrido-en-talca\/\">Captura del reo Jos\u00e9 del Carmen Garrido en Talca<\/a><\/li><li><a href=\"https:\/\/www.lirapopular.cl\/lirapopularxix\/2019\/08\/07\/el-hijo-que-mato-al-padre-es-condenado-a-muerte\/\">El hijo que mat\u00f3 al padre es condenado a muerte<\/a><\/li><li><a href=\"https:\/\/www.lirapopular.cl\/lirapopularxix\/2019\/08\/07\/drama-conmovedor-el-joven-que-se-mato-por-el-amor\/\">Drama conmovedor el joven que se mat\u00f3 por el amor<\/a><\/li><li><a href=\"https:\/\/www.lirapopular.cl\/lirapopularxix\/2019\/08\/07\/el-futre-que-hizo-pacto-con-el-diablo-velado-vivo-en-la-calera\/\">El futre que hizo pacto con el diablo velado vivo en La Calera<\/a><\/li><li><a href=\"https:\/\/www.lirapopular.cl\/lirapopularxix\/2019\/08\/07\/espantosa-trajedia-la-hija-que-mato-a-la-madre-i-al-hermano-por-irse-con-un-futre\/\">Espantosa trajedia la hija que mato a la madre y al hermano por irse con un futre<\/a><\/li><li><a href=\"https:\/\/www.lirapopular.cl\/lirapopularxix\/2019\/08\/07\/varios-brindis\/\">Varios brindis<\/a><\/li><\/ul>\n\n\n\n<p>Nota: Este ejemplar tiene escrito a mano con l\u00e1piz rojo \u201c475\u201d<\/p>\n","protected":false},"excerpt":{"rendered":"<p>Autor: Pepa AravenaImpresor: Sin informaci\u00f3nTama\u00f1o: 37 x 51,5 cmClasificaci\u00f3n: 475 A663s Caja N\u00b06b Captura del reo Jos\u00e9 del Carmen Garrido en Talca El hijo que mat\u00f3 al padre es condenado a muerte Drama conmovedor el joven que se mat\u00f3 por el amor El futre que hizo pacto con el diablo velado vivo en La Calera [&hellip;]<\/p>\n","protected":false},"author":1,"featured_media":0,"parent":0,"menu_order":0,"comment_status":"closed","ping_status":"closed","template":"","meta":{"footnotes":""},"class_list":["post-2268","page","type-page","status-publish","hentry"],"jetpack_sharing_enabled":true,"_links":{"self":[{"href":"https:\/\/www.lirapopular.cl\/lirapopularxix\/wp-json\/wp\/v2\/pages\/2268","targetHints":{"allow":["GET"]}}],"collection":[{"href":"https:\/\/www.lirapopular.cl\/lirapopularxix\/wp-json\/wp\/v2\/pages"}],"about":[{"href":"https:\/\/www.lirapopular.cl\/lirapopularxix\/wp-json\/wp\/v2\/types\/page"}],"author":[{"embeddable":true,"href":"https:\/\/www.lirapopular.cl\/lirapopularxix\/wp-json\/wp\/v2\/users\/1"}],"replies":[{"embeddable":true,"href":"https:\/\/www.lirapopular.cl\/lirapopularxix\/wp-json\/wp\/v2\/comments?post=2268"}],"version-history":[{"count":0,"href":"https:\/\/www.lirapopular.cl\/lirapopularxix\/wp-json\/wp\/v2\/pages\/2268\/revisions"}],"wp:attachment":[{"href":"https:\/\/www.lirapopular.cl\/lirapopularxix\/wp-json\/wp\/v2\/media?parent=2268"}],"curies":[{"name":"wp","href":"https:\/\/api.w.org\/{rel}","templated":true}]}}