{"id":22667,"date":"2021-09-17T11:52:38","date_gmt":"2021-09-17T15:52:38","guid":{"rendered":"https:\/\/www.lirapopular.cl\/lirapopularxix\/?page_id=22667"},"modified":"2021-09-17T11:52:38","modified_gmt":"2021-09-17T15:52:38","slug":"asesinato-en-san-felipe","status":"publish","type":"page","link":"https:\/\/www.lirapopular.cl\/lirapopularxix\/asesinato-en-san-felipe\/","title":{"rendered":"Asesinato en San Felipe"},"content":{"rendered":"\n<div class=\"wp-block-image\"><figure class=\"alignright size-medium\"><a href=\"http:\/\/https:\/\/www.lirapopular.cl\/lirapopularxix\/wp-content\/uploads\/2021\/09\/496-1.jpg\"><img decoding=\"async\" src=\"http:\/\/https:\/\/www.lirapopular.cl\/lirapopularxix\/wp-content\/uploads\/2021\/09\/496-1-300x215.jpg\" alt=\"\" class=\"wp-image-22671\"\/><\/a><figcaption>Colecci\u00f3n Lira Popular de la<br \/>Universidad de Chile<\/figcaption><\/figure><\/div>\n\n\n\n<p>Autor: Pedro Villegas.<br \/>Impresor: Impreso por P. Ram\u00edrez\u2014Ech\u00e1urren 6.<br \/>Tama\u00f1o: 26,1 x 34 cm<br \/>Clasificaci\u00f3n: 496 V732a Caja N\u00b03b<\/p>\n\n\n\n<ul class=\"wp-block-list\"><li><a href=\"https:\/\/www.lirapopular.cl\/lirapopularxix\/2021\/09\/17\/robos-i-asesinatos\/\">Robos y asesinatos<\/a><\/li><li><a href=\"https:\/\/www.lirapopular.cl\/lirapopularxix\/2021\/09\/17\/asesinato-en-san-felipe-detalles-que-dan-al-crimen-un-caracter-de-horrorosa-crueldad\/\">Asesinato en San Felipe. Detalles que dan al crimen un car\u00e1cter de horrorosa crueldad<\/a><\/li><li><a href=\"https:\/\/www.lirapopular.cl\/lirapopularxix\/2021\/09\/17\/los-poetas-populares\/\">Los poetas populares<\/a><\/li><li><a href=\"https:\/\/www.lirapopular.cl\/lirapopularxix\/2021\/09\/17\/dichosde-varios-pueblos\/\">Dichos de varios pueblos<\/a><\/li><\/ul>\n\n\n\n<p>Nota: Este ejemplar tiene escrito a mano con l\u00e1piz rojo \u201c496\u201d.<br \/>Documento optimizado digitalmente.<\/p>\n","protected":false},"excerpt":{"rendered":"<p>Autor: Pedro Villegas.Impresor: Impreso por P. Ram\u00edrez\u2014Ech\u00e1urren 6.Tama\u00f1o: 26,1 x 34 cmClasificaci\u00f3n: 496 V732a Caja N\u00b03b Robos y asesinatos Asesinato en San Felipe. Detalles que dan al crimen un car\u00e1cter de horrorosa crueldad Los poetas populares Dichos de varios pueblos Nota: Este ejemplar tiene escrito a mano con l\u00e1piz rojo \u201c496\u201d.Documento optimizado digitalmente.<\/p>\n","protected":false},"author":1,"featured_media":0,"parent":0,"menu_order":0,"comment_status":"closed","ping_status":"closed","template":"","meta":{"footnotes":""},"class_list":["post-22667","page","type-page","status-publish","hentry"],"jetpack_sharing_enabled":true,"_links":{"self":[{"href":"https:\/\/www.lirapopular.cl\/lirapopularxix\/wp-json\/wp\/v2\/pages\/22667","targetHints":{"allow":["GET"]}}],"collection":[{"href":"https:\/\/www.lirapopular.cl\/lirapopularxix\/wp-json\/wp\/v2\/pages"}],"about":[{"href":"https:\/\/www.lirapopular.cl\/lirapopularxix\/wp-json\/wp\/v2\/types\/page"}],"author":[{"embeddable":true,"href":"https:\/\/www.lirapopular.cl\/lirapopularxix\/wp-json\/wp\/v2\/users\/1"}],"replies":[{"embeddable":true,"href":"https:\/\/www.lirapopular.cl\/lirapopularxix\/wp-json\/wp\/v2\/comments?post=22667"}],"version-history":[{"count":0,"href":"https:\/\/www.lirapopular.cl\/lirapopularxix\/wp-json\/wp\/v2\/pages\/22667\/revisions"}],"wp:attachment":[{"href":"https:\/\/www.lirapopular.cl\/lirapopularxix\/wp-json\/wp\/v2\/media?parent=22667"}],"curies":[{"name":"wp","href":"https:\/\/api.w.org\/{rel}","templated":true}]}}