{"id":22634,"date":"2021-09-17T10:42:40","date_gmt":"2021-09-17T14:42:40","guid":{"rendered":"https:\/\/www.lirapopular.cl\/lirapopularxix\/?page_id=22634"},"modified":"2021-09-17T10:42:40","modified_gmt":"2021-09-17T14:42:40","slug":"horroroso-asesinato-en-la-estacion-del-hospital","status":"publish","type":"page","link":"https:\/\/www.lirapopular.cl\/lirapopularxix\/horroroso-asesinato-en-la-estacion-del-hospital\/","title":{"rendered":"Horroroso asesinato en la Estacion del Hospital."},"content":{"rendered":"\n<div class=\"wp-block-image\"><figure class=\"alignright size-medium\"><a href=\"http:\/\/https:\/\/www.lirapopular.cl\/lirapopularxix\/wp-content\/uploads\/2021\/09\/494-1.jpg\"><img decoding=\"async\" src=\"http:\/\/https:\/\/www.lirapopular.cl\/lirapopularxix\/wp-content\/uploads\/2021\/09\/494-1-300x212.jpg\" alt=\"\" class=\"wp-image-22637\"\/><\/a><figcaption>Colecci\u00f3n Lira Popular de la<br \/>Universidad de Chile<\/figcaption><\/figure><\/div>\n\n\n\n<p>Autor: Pedro Villegas.<br \/>Impresor: Impreso por P. Ram\u00edrez\u2014Ech\u00e1urren 6.<br \/>Tama\u00f1o: 24 x 33,8 cm<br \/>Clasificaci\u00f3n: 494 V732ch Caja N\u00b03b<\/p>\n\n\n\n<ul class=\"wp-block-list\"><li><a href=\"https:\/\/www.lirapopular.cl\/lirapopularxix\/2021\/09\/17\/chilenos-y-cuyanos\/\">Chilenos y cuyanos<\/a><\/li><li><a href=\"https:\/\/www.lirapopular.cl\/lirapopularxix\/2021\/09\/17\/horroroso-asesinato-en-la-estacion-del-hospital\/\">Horroroso asesinato en la estaci\u00f3n del hospital. Una mujer, su marido y sus dos hijos inmolados durante el sue\u00f1o<\/a><\/li><li><a href=\"https:\/\/www.lirapopular.cl\/lirapopularxix\/2021\/09\/17\/promesas-de-enamorado\/\">Promesas de enamorado<\/a><\/li><li><a href=\"https:\/\/www.lirapopular.cl\/lirapopularxix\/2021\/09\/17\/querellas-amorosas\/\">Querellas amorosas<\/a><\/li><\/ul>\n\n\n\n<p>Nota: Este ejemplar tiene escrito a mano con l\u00e1piz rojo \u201c494\u201d.<br \/>Documento optimizado digitalmente.<\/p>\n","protected":false},"excerpt":{"rendered":"<p>Autor: Pedro Villegas.Impresor: Impreso por P. Ram\u00edrez\u2014Ech\u00e1urren 6.Tama\u00f1o: 24 x 33,8 cmClasificaci\u00f3n: 494 V732ch Caja N\u00b03b Chilenos y cuyanos Horroroso asesinato en la estaci\u00f3n del hospital. Una mujer, su marido y sus dos hijos inmolados durante el sue\u00f1o Promesas de enamorado Querellas amorosas Nota: Este ejemplar tiene escrito a mano con l\u00e1piz rojo \u201c494\u201d.Documento optimizado [&hellip;]<\/p>\n","protected":false},"author":1,"featured_media":0,"parent":0,"menu_order":0,"comment_status":"closed","ping_status":"closed","template":"","meta":{"footnotes":""},"class_list":["post-22634","page","type-page","status-publish","hentry"],"jetpack_sharing_enabled":true,"_links":{"self":[{"href":"https:\/\/www.lirapopular.cl\/lirapopularxix\/wp-json\/wp\/v2\/pages\/22634","targetHints":{"allow":["GET"]}}],"collection":[{"href":"https:\/\/www.lirapopular.cl\/lirapopularxix\/wp-json\/wp\/v2\/pages"}],"about":[{"href":"https:\/\/www.lirapopular.cl\/lirapopularxix\/wp-json\/wp\/v2\/types\/page"}],"author":[{"embeddable":true,"href":"https:\/\/www.lirapopular.cl\/lirapopularxix\/wp-json\/wp\/v2\/users\/1"}],"replies":[{"embeddable":true,"href":"https:\/\/www.lirapopular.cl\/lirapopularxix\/wp-json\/wp\/v2\/comments?post=22634"}],"version-history":[{"count":0,"href":"https:\/\/www.lirapopular.cl\/lirapopularxix\/wp-json\/wp\/v2\/pages\/22634\/revisions"}],"wp:attachment":[{"href":"https:\/\/www.lirapopular.cl\/lirapopularxix\/wp-json\/wp\/v2\/media?parent=22634"}],"curies":[{"name":"wp","href":"https:\/\/api.w.org\/{rel}","templated":true}]}}