{"id":22613,"date":"2021-09-16T15:42:52","date_gmt":"2021-09-16T19:42:52","guid":{"rendered":"https:\/\/www.lirapopular.cl\/lirapopularxix\/?page_id=22613"},"modified":"2021-09-16T15:42:52","modified_gmt":"2021-09-16T19:42:52","slug":"los-rateros-en-la-catedral","status":"publish","type":"page","link":"https:\/\/www.lirapopular.cl\/lirapopularxix\/los-rateros-en-la-catedral\/","title":{"rendered":"LOS RATEROS <BR>en la catedral"},"content":{"rendered":"\n<div class=\"wp-block-image\"><figure class=\"alignright size-medium\"><a href=\"http:\/\/https:\/\/www.lirapopular.cl\/lirapopularxix\/wp-content\/uploads\/2021\/09\/493-1.jpg\"><img decoding=\"async\" src=\"http:\/\/https:\/\/www.lirapopular.cl\/lirapopularxix\/wp-content\/uploads\/2021\/09\/493-1-300x231.jpg\" alt=\"\" class=\"wp-image-22617\"\/><\/a><figcaption>Colecci\u00f3n Lira Popular de la<br \/>Universidad de Chile<\/figcaption><\/figure><\/div>\n\n\n\n<p>Autor: Pedro Villegas.<br \/>Impresor: Impreso por P. Ram\u00edrez\u2014Ech\u00e1urren 6.<br \/>Tama\u00f1o: 26,4 x 34,8 cm<br \/>Clasificaci\u00f3n: 493 V732r Caja N\u00b03b<\/p>\n\n\n\n<ul class=\"wp-block-list\"><li><a href=\"https:\/\/www.lirapopular.cl\/lirapopularxix\/2021\/09\/16\/los-raterosen-la-catedral\/\">Los rateros en la Catedral<\/a><\/li><li><a href=\"https:\/\/www.lirapopular.cl\/lirapopularxix\/2021\/09\/17\/la-semana-santa-5\/\">La Semana Santa<\/a><\/li><li><a href=\"https:\/\/www.lirapopular.cl\/lirapopularxix\/2021\/09\/17\/la-virjen-del-carmen\/\">La virgen del Carmen<\/a><\/li><li><a href=\"https:\/\/www.lirapopular.cl\/lirapopularxix\/2021\/09\/17\/el-poeta-peralta\/\">El poeta Peralta<\/a><\/li><li><a href=\"https:\/\/www.lirapopular.cl\/lirapopularxix\/2021\/09\/17\/el-criticon-peralta\/\">El critic\u00f3n Peralta<\/a><\/li><\/ul>\n\n\n\n<p>Nota: Este ejemplar tiene escrito a mano con l\u00e1piz rojo \u201c493\u201d.<br \/>Documento optimizado digitalmente.<\/p>\n","protected":false},"excerpt":{"rendered":"<p>Autor: Pedro Villegas.Impresor: Impreso por P. Ram\u00edrez\u2014Ech\u00e1urren 6.Tama\u00f1o: 26,4 x 34,8 cmClasificaci\u00f3n: 493 V732r Caja N\u00b03b Los rateros en la Catedral La Semana Santa La virgen del Carmen El poeta Peralta El critic\u00f3n Peralta Nota: Este ejemplar tiene escrito a mano con l\u00e1piz rojo \u201c493\u201d.Documento optimizado digitalmente.<\/p>\n","protected":false},"author":1,"featured_media":0,"parent":0,"menu_order":0,"comment_status":"closed","ping_status":"closed","template":"","meta":{"footnotes":""},"class_list":["post-22613","page","type-page","status-publish","hentry"],"jetpack_sharing_enabled":true,"_links":{"self":[{"href":"https:\/\/www.lirapopular.cl\/lirapopularxix\/wp-json\/wp\/v2\/pages\/22613","targetHints":{"allow":["GET"]}}],"collection":[{"href":"https:\/\/www.lirapopular.cl\/lirapopularxix\/wp-json\/wp\/v2\/pages"}],"about":[{"href":"https:\/\/www.lirapopular.cl\/lirapopularxix\/wp-json\/wp\/v2\/types\/page"}],"author":[{"embeddable":true,"href":"https:\/\/www.lirapopular.cl\/lirapopularxix\/wp-json\/wp\/v2\/users\/1"}],"replies":[{"embeddable":true,"href":"https:\/\/www.lirapopular.cl\/lirapopularxix\/wp-json\/wp\/v2\/comments?post=22613"}],"version-history":[{"count":0,"href":"https:\/\/www.lirapopular.cl\/lirapopularxix\/wp-json\/wp\/v2\/pages\/22613\/revisions"}],"wp:attachment":[{"href":"https:\/\/www.lirapopular.cl\/lirapopularxix\/wp-json\/wp\/v2\/media?parent=22613"}],"curies":[{"name":"wp","href":"https:\/\/api.w.org\/{rel}","templated":true}]}}