{"id":22603,"date":"2021-09-16T15:22:24","date_gmt":"2021-09-16T19:22:24","guid":{"rendered":"https:\/\/www.lirapopular.cl\/lirapopularxix\/?page_id=22603"},"modified":"2021-09-16T15:22:24","modified_gmt":"2021-09-16T19:22:24","slug":"fusilamiento-de-dos-hombres-i-una-mujer","status":"publish","type":"page","link":"https:\/\/www.lirapopular.cl\/lirapopularxix\/fusilamiento-de-dos-hombres-i-una-mujer\/","title":{"rendered":"Fusilamiento de dos hombres <br>i una mujer"},"content":{"rendered":"\n<div class=\"wp-block-image\"><figure class=\"alignright size-medium\"><a href=\"http:\/\/https:\/\/www.lirapopular.cl\/lirapopularxix\/wp-content\/uploads\/2021\/09\/492-1.jpg\"><img decoding=\"async\" src=\"http:\/\/https:\/\/www.lirapopular.cl\/lirapopularxix\/wp-content\/uploads\/2021\/09\/492-1-300x286.jpg\" alt=\"\" class=\"wp-image-22604\"\/><\/a><figcaption>Colecci\u00f3n Lira Popular de la<br \/>Universidad de Chile<\/figcaption><\/figure><\/div>\n\n\n\n<p>Autor: Pedro Villegas.<br \/>Impresor: Impreso por P. Ram\u00edrez\u2014Ech\u00e1urren 6.<br \/>Tama\u00f1o: 24,7 x 26 cm<br \/>Clasificaci\u00f3n: 492 V732f Caja N\u00b03b<\/p>\n\n\n\n<ul class=\"wp-block-list\"><li><a href=\"https:\/\/www.lirapopular.cl\/lirapopularxix\/2021\/09\/16\/los-carros-urbanos\/\">Los carros urbanos<\/a><\/li><li><a href=\"https:\/\/www.lirapopular.cl\/lirapopularxix\/2021\/09\/16\/fusilamiento-de-dos-hombresi-una-mujer\/\">Fusilamiento de dos hombres y una mujer<\/a><\/li><li><a href=\"https:\/\/www.lirapopular.cl\/lirapopularxix\/2021\/09\/16\/las-tropas-de-faraon\/\">Las tropas de Fara\u00f3n<\/a><\/li><\/ul>\n\n\n\n<p>Nota: Este ejemplar tiene escrito a mano con l\u00e1piz rojo \u201c492\u201d.<br \/>Documento optimizado digitalmente.<\/p>\n","protected":false},"excerpt":{"rendered":"<p>Autor: Pedro Villegas.Impresor: Impreso por P. Ram\u00edrez\u2014Ech\u00e1urren 6.Tama\u00f1o: 24,7 x 26 cmClasificaci\u00f3n: 492 V732f Caja N\u00b03b Los carros urbanos Fusilamiento de dos hombres y una mujer Las tropas de Fara\u00f3n Nota: Este ejemplar tiene escrito a mano con l\u00e1piz rojo \u201c492\u201d.Documento optimizado digitalmente.<\/p>\n","protected":false},"author":1,"featured_media":0,"parent":0,"menu_order":0,"comment_status":"closed","ping_status":"closed","template":"","meta":{"footnotes":""},"class_list":["post-22603","page","type-page","status-publish","hentry"],"jetpack_sharing_enabled":true,"_links":{"self":[{"href":"https:\/\/www.lirapopular.cl\/lirapopularxix\/wp-json\/wp\/v2\/pages\/22603","targetHints":{"allow":["GET"]}}],"collection":[{"href":"https:\/\/www.lirapopular.cl\/lirapopularxix\/wp-json\/wp\/v2\/pages"}],"about":[{"href":"https:\/\/www.lirapopular.cl\/lirapopularxix\/wp-json\/wp\/v2\/types\/page"}],"author":[{"embeddable":true,"href":"https:\/\/www.lirapopular.cl\/lirapopularxix\/wp-json\/wp\/v2\/users\/1"}],"replies":[{"embeddable":true,"href":"https:\/\/www.lirapopular.cl\/lirapopularxix\/wp-json\/wp\/v2\/comments?post=22603"}],"version-history":[{"count":0,"href":"https:\/\/www.lirapopular.cl\/lirapopularxix\/wp-json\/wp\/v2\/pages\/22603\/revisions"}],"wp:attachment":[{"href":"https:\/\/www.lirapopular.cl\/lirapopularxix\/wp-json\/wp\/v2\/media?parent=22603"}],"curies":[{"name":"wp","href":"https:\/\/api.w.org\/{rel}","templated":true}]}}