{"id":22587,"date":"2021-09-16T14:48:08","date_gmt":"2021-09-16T18:48:08","guid":{"rendered":"https:\/\/www.lirapopular.cl\/lirapopularxix\/?page_id=22587"},"modified":"2021-09-16T14:48:08","modified_gmt":"2021-09-16T18:48:08","slug":"carreras-del-andarin","status":"publish","type":"page","link":"https:\/\/www.lirapopular.cl\/lirapopularxix\/carreras-del-andarin\/","title":{"rendered":"Carreras del Andarin <br>en la Cancha del Club H\u00edpico"},"content":{"rendered":"\n<div class=\"wp-block-image\"><figure class=\"alignright size-medium\"><a href=\"http:\/\/https:\/\/www.lirapopular.cl\/lirapopularxix\/wp-content\/uploads\/2021\/09\/491-1.jpg\"><img decoding=\"async\" src=\"http:\/\/https:\/\/www.lirapopular.cl\/lirapopularxix\/wp-content\/uploads\/2021\/09\/491-1-300x251.jpg\" alt=\"\" class=\"wp-image-22590\"\/><\/a><figcaption>Colecci\u00f3n Lira Popular de la<br \/>Universidad de Chile<\/figcaption><\/figure><\/div>\n\n\n\n<p>Autor: Pedro Villegas.<br \/>Impresor: Impreso por P Ramirez\u2014Ech\u00e1urren 6.<br \/>Tama\u00f1o: 25,9 x 31,9 cm<br \/>Clasificaci\u00f3n: 491 V732c Caja N\u00b03b<\/p>\n\n\n\n<ul class=\"wp-block-list\"><li><a href=\"https:\/\/www.lirapopular.cl\/lirapopularxix\/2021\/09\/16\/asesinato-2\/\">Asesinato<\/a><\/li><li><a href=\"https:\/\/www.lirapopular.cl\/lirapopularxix\/2021\/09\/16\/carreras-del-andarinen-la-cancha-del-club-hipico\/\">Carreras del Andar\u00edn en la cancha del Club H\u00edpico<\/a><\/li><li><a href=\"https:\/\/www.lirapopular.cl\/lirapopularxix\/2021\/09\/16\/mea-culpa\/\">Mea culpa<\/a><\/li><li><a href=\"https:\/\/www.lirapopular.cl\/lirapopularxix\/2021\/09\/16\/satisfacciones\/\">Satisfacciones<\/a><\/li><\/ul>\n\n\n\n<p>Nota: Este ejemplar tiene escrito a mano con l\u00e1piz rojo \u201c491\u201d.<br \/>Documento optimizado digitalmente.<\/p>\n","protected":false},"excerpt":{"rendered":"<p>Autor: Pedro Villegas.Impresor: Impreso por P Ramirez\u2014Ech\u00e1urren 6.Tama\u00f1o: 25,9 x 31,9 cmClasificaci\u00f3n: 491 V732c Caja N\u00b03b Asesinato Carreras del Andar\u00edn en la cancha del Club H\u00edpico Mea culpa Satisfacciones Nota: Este ejemplar tiene escrito a mano con l\u00e1piz rojo \u201c491\u201d.Documento optimizado digitalmente.<\/p>\n","protected":false},"author":1,"featured_media":0,"parent":0,"menu_order":0,"comment_status":"closed","ping_status":"closed","template":"","meta":{"footnotes":""},"class_list":["post-22587","page","type-page","status-publish","hentry"],"jetpack_sharing_enabled":true,"_links":{"self":[{"href":"https:\/\/www.lirapopular.cl\/lirapopularxix\/wp-json\/wp\/v2\/pages\/22587","targetHints":{"allow":["GET"]}}],"collection":[{"href":"https:\/\/www.lirapopular.cl\/lirapopularxix\/wp-json\/wp\/v2\/pages"}],"about":[{"href":"https:\/\/www.lirapopular.cl\/lirapopularxix\/wp-json\/wp\/v2\/types\/page"}],"author":[{"embeddable":true,"href":"https:\/\/www.lirapopular.cl\/lirapopularxix\/wp-json\/wp\/v2\/users\/1"}],"replies":[{"embeddable":true,"href":"https:\/\/www.lirapopular.cl\/lirapopularxix\/wp-json\/wp\/v2\/comments?post=22587"}],"version-history":[{"count":0,"href":"https:\/\/www.lirapopular.cl\/lirapopularxix\/wp-json\/wp\/v2\/pages\/22587\/revisions"}],"wp:attachment":[{"href":"https:\/\/www.lirapopular.cl\/lirapopularxix\/wp-json\/wp\/v2\/media?parent=22587"}],"curies":[{"name":"wp","href":"https:\/\/api.w.org\/{rel}","templated":true}]}}