{"id":22550,"date":"2021-09-15T19:19:51","date_gmt":"2021-09-15T23:19:51","guid":{"rendered":"https:\/\/www.lirapopular.cl\/lirapopularxix\/?page_id=22550"},"modified":"2021-09-15T19:19:51","modified_gmt":"2021-09-15T23:19:51","slug":"crimen-horrible-en-chillan","status":"publish","type":"page","link":"https:\/\/www.lirapopular.cl\/lirapopularxix\/crimen-horrible-en-chillan\/","title":{"rendered":"CRIMEN HORRIBLE <br>en Chillan."},"content":{"rendered":"\n<div class=\"wp-block-image\"><figure class=\"alignright size-medium\"><a href=\"http:\/\/https:\/\/www.lirapopular.cl\/lirapopularxix\/wp-content\/uploads\/2021\/09\/489-1.jpg\"><img decoding=\"async\" src=\"http:\/\/https:\/\/www.lirapopular.cl\/lirapopularxix\/wp-content\/uploads\/2021\/09\/489-1-300x232.jpg\" alt=\"\" class=\"wp-image-22554\"\/><\/a><figcaption>Colecci\u00f3n Lira Popular de la<br \/>Universidad de Chile<\/figcaption><\/figure><\/div>\n\n\n\n<p>Autor: Pedro Villegas.<br \/>Impresor: Impr. de P. Ram\u00edrez Ech\u00e1urren 6.<br \/>Tama\u00f1o: 25,7 x 33,9 cm<br \/>Clasificaci\u00f3n: 489 V732c Caja N\u00b03b, BN C\u00f3digo:\u00a0LO0012015<\/p>\n\n\n\n<ul class=\"wp-block-list\"><li><a href=\"https:\/\/www.lirapopular.cl\/lirapopularxix\/2021\/09\/16\/crimen-horribleen-chillan\/\">Crimen horrible en Chill\u00e1n<\/a><\/li><li><a href=\"https:\/\/www.lirapopular.cl\/lirapopularxix\/2021\/09\/16\/el-hijocasado-con-la-madre\/\">El hijo casado con la madre<\/a><\/li><li><a href=\"https:\/\/www.lirapopular.cl\/lirapopularxix\/2021\/09\/16\/el-fenomeno-3\/\">El fen\u00f3meno<\/a><\/li><li><a href=\"https:\/\/www.lirapopular.cl\/lirapopularxix\/2021\/09\/16\/parabienes-3\/\">Parabienes<\/a><\/li><li><a href=\"https:\/\/www.lirapopular.cl\/lirapopularxix\/2021\/09\/16\/el-juicio-final-4\/\">El juicio final<\/a><\/li><\/ul>\n\n\n\n<p>Nota: El 1er ejemplar tiene escrito a mano con l\u00e1piz rojo \u201c489\u201d y con l\u00e1piz grafito &#8220;20&#8221;.<br \/>El 2\u00ba ejemplar fue pegado en una hoja m\u00e1s grande y tiene escrito a mano con l\u00e1piz rojo \u201c-15-.<br \/>Documentos optimizados digitalmente.<\/p>\n\n\n\n<div class=\"wp-block-image\"><figure class=\"alignright size-medium\"><a href=\"https:\/\/www.lirapopular.cl\/lirapopularxix\/wp-content\/uploads\/2021\/10\/LO0012015.jpg\"><img loading=\"lazy\" decoding=\"async\" width=\"300\" height=\"238\" src=\"https:\/\/www.lirapopular.cl\/lirapopularxix\/wp-content\/uploads\/2021\/10\/LO0012015-300x238.jpg\" alt=\"\" class=\"wp-image-25531\" srcset=\"https:\/\/www.lirapopular.cl\/lirapopularxix\/wp-content\/uploads\/2021\/10\/LO0012015-300x238.jpg 300w, https:\/\/www.lirapopular.cl\/lirapopularxix\/wp-content\/uploads\/2021\/10\/LO0012015-768x609.jpg 768w, https:\/\/www.lirapopular.cl\/lirapopularxix\/wp-content\/uploads\/2021\/10\/LO0012015.jpg 1000w\" sizes=\"auto, (max-width: 300px) 100vw, 300px\" \/><\/a><figcaption>Archivo de Literatura Oral<br \/>Fondo Rodolfo Lenz<\/figcaption><\/figure><\/div>\n","protected":false},"excerpt":{"rendered":"<p>Autor: Pedro Villegas.Impresor: Impr. de P. Ram\u00edrez Ech\u00e1urren 6.Tama\u00f1o: 25,7 x 33,9 cmClasificaci\u00f3n: 489 V732c Caja N\u00b03b, BN C\u00f3digo:\u00a0LO0012015 Crimen horrible en Chill\u00e1n El hijo casado con la madre El fen\u00f3meno Parabienes El juicio final Nota: El 1er ejemplar tiene escrito a mano con l\u00e1piz rojo \u201c489\u201d y con l\u00e1piz grafito &#8220;20&#8221;.El 2\u00ba ejemplar fue [&hellip;]<\/p>\n","protected":false},"author":1,"featured_media":0,"parent":0,"menu_order":0,"comment_status":"closed","ping_status":"closed","template":"","meta":{"footnotes":""},"class_list":["post-22550","page","type-page","status-publish","hentry"],"jetpack_sharing_enabled":true,"_links":{"self":[{"href":"https:\/\/www.lirapopular.cl\/lirapopularxix\/wp-json\/wp\/v2\/pages\/22550","targetHints":{"allow":["GET"]}}],"collection":[{"href":"https:\/\/www.lirapopular.cl\/lirapopularxix\/wp-json\/wp\/v2\/pages"}],"about":[{"href":"https:\/\/www.lirapopular.cl\/lirapopularxix\/wp-json\/wp\/v2\/types\/page"}],"author":[{"embeddable":true,"href":"https:\/\/www.lirapopular.cl\/lirapopularxix\/wp-json\/wp\/v2\/users\/1"}],"replies":[{"embeddable":true,"href":"https:\/\/www.lirapopular.cl\/lirapopularxix\/wp-json\/wp\/v2\/comments?post=22550"}],"version-history":[{"count":0,"href":"https:\/\/www.lirapopular.cl\/lirapopularxix\/wp-json\/wp\/v2\/pages\/22550\/revisions"}],"wp:attachment":[{"href":"https:\/\/www.lirapopular.cl\/lirapopularxix\/wp-json\/wp\/v2\/media?parent=22550"}],"curies":[{"name":"wp","href":"https:\/\/api.w.org\/{rel}","templated":true}]}}