{"id":22506,"date":"2021-09-14T20:08:08","date_gmt":"2021-09-15T00:08:08","guid":{"rendered":"https:\/\/www.lirapopular.cl\/lirapopularxix\/?page_id=22506"},"modified":"2021-09-14T20:08:08","modified_gmt":"2021-09-15T00:08:08","slug":"la-sublevacion-de-lota","status":"publish","type":"page","link":"https:\/\/www.lirapopular.cl\/lirapopularxix\/la-sublevacion-de-lota\/","title":{"rendered":"La sublevacion de Lota"},"content":{"rendered":"\n<div class=\"wp-block-image\"><figure class=\"alignright size-medium\"><a href=\"http:\/\/https:\/\/www.lirapopular.cl\/lirapopularxix\/wp-content\/uploads\/2021\/09\/690-1.jpg\"><img decoding=\"async\" src=\"http:\/\/https:\/\/www.lirapopular.cl\/lirapopularxix\/wp-content\/uploads\/2021\/09\/690-1-300x211.jpg\" alt=\"\" class=\"wp-image-22509\"\/><\/a><figcaption>Colecci\u00f3n Lira Popular de la<br \/>Universidad de Chile<\/figcaption><\/figure><\/div>\n\n\n\n<p>Autor: Pedro Villegas.<br \/>Impresor: Impr. de P. Ram\u00edrez.\u2014 Ech\u00e1urren 6<br \/>Tama\u00f1o: 25.5 x 36,2 cm<br \/>Clasificaci\u00f3n: 690 V732 Caja N\u00b03a<\/p>\n\n\n\n<ul class=\"wp-block-list\"><li><a href=\"https:\/\/www.lirapopular.cl\/lirapopularxix\/2021\/09\/15\/oh-virjen-de-las-mercedes\/\">Oh Virgen de las Mercedes<\/a><\/li><li><a href=\"https:\/\/www.lirapopular.cl\/lirapopularxix\/2021\/09\/15\/la-sublevacion-de-lota\/\">La sublevaci\u00f3n de Lota<\/a><\/li><li><a href=\"https:\/\/www.lirapopular.cl\/lirapopularxix\/2021\/09\/15\/las-cuatro-muertes-en-lota\/\">Los cuatro muertos en Lota<\/a><\/li><li><a href=\"https:\/\/www.lirapopular.cl\/lirapopularxix\/2021\/09\/15\/a-lo-humano-2\/\">A lo humano<\/a><\/li><\/ul>\n\n\n\n<p>Nota: Este ejemplar tiene escrito a mano con l\u00e1piz rojo \u201c690\u201d y con l\u00e1piz grafito &#8220;20&#8221;.<br \/>Documento optimizado digitalmente.<\/p>\n","protected":false},"excerpt":{"rendered":"<p>Autor: Pedro Villegas.Impresor: Impr. de P. Ram\u00edrez.\u2014 Ech\u00e1urren 6Tama\u00f1o: 25.5 x 36,2 cmClasificaci\u00f3n: 690 V732 Caja N\u00b03a Oh Virgen de las Mercedes La sublevaci\u00f3n de Lota Los cuatro muertos en Lota A lo humano Nota: Este ejemplar tiene escrito a mano con l\u00e1piz rojo \u201c690\u201d y con l\u00e1piz grafito &#8220;20&#8221;.Documento optimizado digitalmente.<\/p>\n","protected":false},"author":1,"featured_media":0,"parent":0,"menu_order":0,"comment_status":"closed","ping_status":"closed","template":"","meta":{"footnotes":""},"class_list":["post-22506","page","type-page","status-publish","hentry"],"jetpack_sharing_enabled":true,"_links":{"self":[{"href":"https:\/\/www.lirapopular.cl\/lirapopularxix\/wp-json\/wp\/v2\/pages\/22506","targetHints":{"allow":["GET"]}}],"collection":[{"href":"https:\/\/www.lirapopular.cl\/lirapopularxix\/wp-json\/wp\/v2\/pages"}],"about":[{"href":"https:\/\/www.lirapopular.cl\/lirapopularxix\/wp-json\/wp\/v2\/types\/page"}],"author":[{"embeddable":true,"href":"https:\/\/www.lirapopular.cl\/lirapopularxix\/wp-json\/wp\/v2\/users\/1"}],"replies":[{"embeddable":true,"href":"https:\/\/www.lirapopular.cl\/lirapopularxix\/wp-json\/wp\/v2\/comments?post=22506"}],"version-history":[{"count":0,"href":"https:\/\/www.lirapopular.cl\/lirapopularxix\/wp-json\/wp\/v2\/pages\/22506\/revisions"}],"wp:attachment":[{"href":"https:\/\/www.lirapopular.cl\/lirapopularxix\/wp-json\/wp\/v2\/media?parent=22506"}],"curies":[{"name":"wp","href":"https:\/\/api.w.org\/{rel}","templated":true}]}}