{"id":22481,"date":"2021-09-13T21:14:28","date_gmt":"2021-09-14T01:14:28","guid":{"rendered":"https:\/\/www.lirapopular.cl\/lirapopularxix\/?page_id=22481"},"modified":"2021-09-13T21:14:28","modified_gmt":"2021-09-14T01:14:28","slug":"la-matanza-de-lo-cana-2","status":"publish","type":"page","link":"https:\/\/www.lirapopular.cl\/lirapopularxix\/la-matanza-de-lo-cana-2\/","title":{"rendered":"LA <br>MATANZA <br>DE <br>Lo Ca\u00f1a"},"content":{"rendered":"\n<div class=\"wp-block-image\"><figure class=\"alignright size-medium\"><a href=\"http:\/\/https:\/\/www.lirapopular.cl\/lirapopularxix\/wp-content\/uploads\/2021\/09\/641-1.jpg\"><img decoding=\"async\" src=\"http:\/\/https:\/\/www.lirapopular.cl\/lirapopularxix\/wp-content\/uploads\/2021\/09\/641-1-300x214.jpg\" alt=\"\" class=\"wp-image-22484\"\/><\/a><figcaption>Colecci\u00f3n Lira Popular de la<br \/>Universidad de Chile<\/figcaption><\/figure><\/div>\n\n\n\n<p>Autor: Juan Valiente.<br \/>Impresor: Sin informaci\u00f3n<br \/>Tama\u00f1o: 53 x 37,2 cm<br \/>Clasificaci\u00f3n: 641 V172 Caja N\u00b011a<\/p>\n\n\n\n<ul class=\"wp-block-list\"><li><a href=\"https:\/\/www.lirapopular.cl\/lirapopularxix\/2021\/09\/13\/lamatanzadelo-cana\/\">La matanza de Lo Ca\u00f1as<\/a><\/li><\/ul>\n\n\n\n<p>Nota: Este ejemplar tiene escrito a mano con l\u00e1piz rojo \u201c641\u201d.<br \/>Documento fechado a un a\u00f1o de la matanza de Lo Ca\u00f1as, ocurrida el 19 de agosto de 1891.<br \/>Documento optimizado digitalmente.<\/p>\n","protected":false},"excerpt":{"rendered":"<p>Autor: Juan Valiente.Impresor: Sin informaci\u00f3nTama\u00f1o: 53 x 37,2 cmClasificaci\u00f3n: 641 V172 Caja N\u00b011a La matanza de Lo Ca\u00f1as Nota: Este ejemplar tiene escrito a mano con l\u00e1piz rojo \u201c641\u201d.Documento fechado a un a\u00f1o de la matanza de Lo Ca\u00f1as, ocurrida el 19 de agosto de 1891.Documento optimizado digitalmente.<\/p>\n","protected":false},"author":1,"featured_media":0,"parent":0,"menu_order":0,"comment_status":"closed","ping_status":"closed","template":"","meta":{"footnotes":""},"class_list":["post-22481","page","type-page","status-publish","hentry"],"jetpack_sharing_enabled":true,"_links":{"self":[{"href":"https:\/\/www.lirapopular.cl\/lirapopularxix\/wp-json\/wp\/v2\/pages\/22481","targetHints":{"allow":["GET"]}}],"collection":[{"href":"https:\/\/www.lirapopular.cl\/lirapopularxix\/wp-json\/wp\/v2\/pages"}],"about":[{"href":"https:\/\/www.lirapopular.cl\/lirapopularxix\/wp-json\/wp\/v2\/types\/page"}],"author":[{"embeddable":true,"href":"https:\/\/www.lirapopular.cl\/lirapopularxix\/wp-json\/wp\/v2\/users\/1"}],"replies":[{"embeddable":true,"href":"https:\/\/www.lirapopular.cl\/lirapopularxix\/wp-json\/wp\/v2\/comments?post=22481"}],"version-history":[{"count":0,"href":"https:\/\/www.lirapopular.cl\/lirapopularxix\/wp-json\/wp\/v2\/pages\/22481\/revisions"}],"wp:attachment":[{"href":"https:\/\/www.lirapopular.cl\/lirapopularxix\/wp-json\/wp\/v2\/media?parent=22481"}],"curies":[{"name":"wp","href":"https:\/\/api.w.org\/{rel}","templated":true}]}}