{"id":2247,"date":"2019-08-04T22:34:21","date_gmt":"2019-08-05T02:34:21","guid":{"rendered":"https:\/\/www.lirapopular.cl\/lirapopularxix\/?page_id=2247"},"modified":"2019-08-04T22:34:21","modified_gmt":"2019-08-05T02:34:21","slug":"glorificacion-de-manuel-rodriguez","status":"publish","type":"page","link":"https:\/\/www.lirapopular.cl\/lirapopularxix\/glorificacion-de-manuel-rodriguez\/","title":{"rendered":"GLORIFICACION DE MANUEL RODRIGUEZ"},"content":{"rendered":"\n<div class=\"wp-block-image\"><figure class=\"alignright\"><a href=\"https:\/\/www.lirapopular.cl\/lirapopularxix\/wp-content\/uploads\/2019\/08\/474.jpg\"><img loading=\"lazy\" decoding=\"async\" width=\"210\" height=\"300\" src=\"https:\/\/www.lirapopular.cl\/lirapopularxix\/wp-content\/uploads\/2019\/08\/474-210x300.jpg\" alt=\"\" class=\"wp-image-2248\" srcset=\"https:\/\/www.lirapopular.cl\/lirapopularxix\/wp-content\/uploads\/2019\/08\/474-210x300.jpg 210w, https:\/\/www.lirapopular.cl\/lirapopularxix\/wp-content\/uploads\/2019\/08\/474.jpg 699w\" sizes=\"auto, (max-width: 210px) 100vw, 210px\" \/><\/a><figcaption>Colecci\u00f3n Lira Popular de la <br>Universidad de Chile<\/figcaption><\/figure><\/div>\n\n\n\n<p>Autor: Pepa Aravena<br>Impresor: Sin informaci\u00f3n<br>Tama\u00f1o: 37,6 x 53,2 cm<br>Clasificaci\u00f3n: 474 A663g Caja N\u00b06b<br>478 A663g Caja N\u00b06b<br>BN C\u00f3digo:&nbsp;LO0012077<\/p>\n\n\n\n<ul class=\"wp-block-list\"><li><a href=\"https:\/\/www.lirapopular.cl\/lirapopularxix\/2019\/08\/06\/glorificacion-de-manuel-rodriguez\/\">Glorificaci\u00f3n de Manuel Rodr\u00edguez<\/a><\/li><li><a href=\"https:\/\/www.lirapopular.cl\/lirapopularxix\/2019\/08\/06\/horroroso-asesinato-en-san-vicente-un-colono-i-sus-seis-hijos-muertos\/\">Horroroso asesinato en San Vicente<\/a><\/li><li><a href=\"https:\/\/www.lirapopular.cl\/lirapopularxix\/2019\/08\/06\/la-madre-que-degollo-a-sus-tres-hijos\/\">La madre que degoll\u00f3 a sus tres hijos<\/a><\/li><li><a href=\"https:\/\/www.lirapopular.cl\/lirapopularxix\/2019\/08\/06\/el-despachero-que-mato-al-zapatero\/\">El despachero que mat\u00f3 al zapatero<\/a><\/li><li><a href=\"https:\/\/www.lirapopular.cl\/lirapopularxix\/2019\/08\/06\/el-camino-del-cielo-cancion-del-borracho\/\">El camino del cielo<\/a><\/li><\/ul>\n\n\n\n<p><span style=\"color:#ffffff\" class=\"has-inline-color\">.<\/span><\/p>\n\n\n\n<p><span style=\"color:#ffffff\" class=\"has-inline-color\">..<\/span><\/p>\n\n\n\n<div class=\"wp-block-image\"><figure class=\"alignright size-medium\"><a href=\"https:\/\/www.lirapopular.cl\/lirapopularxix\/wp-content\/uploads\/2019\/08\/478.jpg\"><img loading=\"lazy\" decoding=\"async\" width=\"218\" height=\"300\" src=\"https:\/\/www.lirapopular.cl\/lirapopularxix\/wp-content\/uploads\/2019\/08\/478-218x300.jpg\" alt=\"\" class=\"wp-image-2351\" srcset=\"https:\/\/www.lirapopular.cl\/lirapopularxix\/wp-content\/uploads\/2019\/08\/478-218x300.jpg 218w, https:\/\/www.lirapopular.cl\/lirapopularxix\/wp-content\/uploads\/2019\/08\/478.jpg 727w\" sizes=\"auto, (max-width: 218px) 100vw, 218px\" \/><\/a><figcaption>Colecci\u00f3n Lira Popular de la<br>Universidad de Chile<\/figcaption><\/figure><\/div>\n\n\n\n<p>Nota: El 1er ejemplar tiene escrito a mano con l\u00e1piz rojo \u201c478\u201d. Sobre el verso &#8220;La madre que degoll\u00f3 a sus tres hijos&#8221; est\u00e1 manuscrito &#8220;de Reyes&#8221;.<br>El 2\u00ba ejemplar tiene escrito a mano con l\u00e1piz rojo \u201c474\u201d<br>El 3er ejemplar tiene escrito a mano con l\u00e1piz rojo \u201c-19-\u201d , con l\u00e1piz grafito &#8220;8&#8221; y con timbre &#8220;67&#8221;.<\/p>\n\n\n\n<p><span style=\"color:#ffffff\" class=\"has-inline-color\">.<\/span><\/p>\n\n\n\n<p><span style=\"color:#ffffff\" class=\"has-inline-color\">.<\/span><\/p>\n\n\n\n<p><span style=\"color:#ffffff\" class=\"has-inline-color\">.<\/span><\/p>\n\n\n\n<p><span class=\"has-inline-color has-white-color\">.<\/span><\/p>\n\n\n\n<p><span style=\"color:#ffffff\" class=\"has-inline-color\">.<\/span><\/p>\n\n\n\n<div class=\"wp-block-image\"><figure class=\"alignright size-medium\"><a href=\"https:\/\/www.lirapopular.cl\/lirapopularxix\/wp-content\/uploads\/2020\/06\/LO0012077.jpg\"><img loading=\"lazy\" decoding=\"async\" width=\"209\" height=\"300\" src=\"https:\/\/www.lirapopular.cl\/lirapopularxix\/wp-content\/uploads\/2020\/06\/LO0012077-209x300.jpg\" alt=\"\" class=\"wp-image-10066\" srcset=\"https:\/\/www.lirapopular.cl\/lirapopularxix\/wp-content\/uploads\/2020\/06\/LO0012077-209x300.jpg 209w, https:\/\/www.lirapopular.cl\/lirapopularxix\/wp-content\/uploads\/2020\/06\/LO0012077.jpg 696w\" sizes=\"auto, (max-width: 209px) 100vw, 209px\" \/><\/a><figcaption>Archivo de Literatura Oral<br>Fondo Rodolfo Lenz<\/figcaption><\/figure><\/div>\n","protected":false},"excerpt":{"rendered":"<p>Autor: Pepa AravenaImpresor: Sin informaci\u00f3nTama\u00f1o: 37,6 x 53,2 cmClasificaci\u00f3n: 474 A663g Caja N\u00b06b478 A663g Caja N\u00b06bBN C\u00f3digo:&nbsp;LO0012077 Glorificaci\u00f3n de Manuel Rodr\u00edguez Horroroso asesinato en San Vicente La madre que degoll\u00f3 a sus tres hijos El despachero que mat\u00f3 al zapatero El camino del cielo . .. Nota: El 1er ejemplar tiene escrito a mano con [&hellip;]<\/p>\n","protected":false},"author":1,"featured_media":0,"parent":0,"menu_order":0,"comment_status":"closed","ping_status":"closed","template":"","meta":{"footnotes":""},"class_list":["post-2247","page","type-page","status-publish","hentry"],"jetpack_sharing_enabled":true,"_links":{"self":[{"href":"https:\/\/www.lirapopular.cl\/lirapopularxix\/wp-json\/wp\/v2\/pages\/2247","targetHints":{"allow":["GET"]}}],"collection":[{"href":"https:\/\/www.lirapopular.cl\/lirapopularxix\/wp-json\/wp\/v2\/pages"}],"about":[{"href":"https:\/\/www.lirapopular.cl\/lirapopularxix\/wp-json\/wp\/v2\/types\/page"}],"author":[{"embeddable":true,"href":"https:\/\/www.lirapopular.cl\/lirapopularxix\/wp-json\/wp\/v2\/users\/1"}],"replies":[{"embeddable":true,"href":"https:\/\/www.lirapopular.cl\/lirapopularxix\/wp-json\/wp\/v2\/comments?post=2247"}],"version-history":[{"count":0,"href":"https:\/\/www.lirapopular.cl\/lirapopularxix\/wp-json\/wp\/v2\/pages\/2247\/revisions"}],"wp:attachment":[{"href":"https:\/\/www.lirapopular.cl\/lirapopularxix\/wp-json\/wp\/v2\/media?parent=2247"}],"curies":[{"name":"wp","href":"https:\/\/api.w.org\/{rel}","templated":true}]}}