{"id":22463,"date":"2021-09-13T20:41:02","date_gmt":"2021-09-14T00:41:02","guid":{"rendered":"https:\/\/www.lirapopular.cl\/lirapopularxix\/?page_id=22463"},"modified":"2021-09-13T20:41:02","modified_gmt":"2021-09-14T00:41:02","slug":"batallas-de-concon-y-la-placilla","status":"publish","type":"page","link":"https:\/\/www.lirapopular.cl\/lirapopularxix\/batallas-de-concon-y-la-placilla\/","title":{"rendered":"BATALLAS DE CONCON Y LA PLACILLA"},"content":{"rendered":"<div class=\"wp-block-image\">\n<figure class=\"alignright size-medium\"><a href=\"http:\/\/https:\/\/www.lirapopular.cl\/lirapopularxix\/wp-content\/uploads\/2021\/09\/644-1.jpg\"><img decoding=\"async\" src=\"http:\/\/https:\/\/www.lirapopular.cl\/lirapopularxix\/wp-content\/uploads\/2021\/09\/644-1-215x300.jpg\" alt=\"\" class=\"wp-image-22466\"\/><\/a><figcaption class=\"wp-element-caption\">Colecci\u00f3n Lira Popular de la<br \/>Universidad de Chile<\/figcaption><\/figure>\n<\/div>\n\n\n<p>Autor: A. Valdivieso.<br \/>Impresor: Sin informaci\u00f3n<br \/>Tama\u00f1o: 52,6 x 37,2 cm<br \/>Clasificaci\u00f3n: 644 V146 Caja N\u00b011a<\/p>\n\n\n\n<ul class=\"wp-block-list\">\n<li><a href=\"https:\/\/www.lirapopular.cl\/lirapopularxix\/2021\/09\/13\/batalla-de-concon\/\">Batalla de Conc\u00f3n<\/a><\/li>\n\n\n\n<li><a href=\"https:\/\/www.lirapopular.cl\/lirapopularxix\/2021\/09\/13\/batalla-de-la-placilla\/\">Batalla de La Placilla<\/a><\/li>\n\n\n\n<li><a href=\"https:\/\/www.lirapopular.cl\/lirapopularxix\/2021\/09\/13\/la-vuelta-de-los-vencedoreslanceros-y-artilleros\/\">La vuelta de los vencedores. Lanceros y artilleros<\/a><\/li>\n\n\n\n<li><a href=\"https:\/\/www.lirapopular.cl\/lirapopularxix\/2021\/09\/13\/soliloquios-de-balmaceda-ayer\/\">Soliloquios de Balmaceda. Ayer<\/a><\/li>\n\n\n\n<li><a href=\"https:\/\/www.lirapopular.cl\/lirapopularxix\/2021\/09\/13\/soliloquios-de-balmaceda-hoy\/\">Soliloquios de Balmaceda. Hoy<\/a><\/li>\n<\/ul>\n\n\n\n<p>Nota: Este ejemplar tiene escrito a mano con l\u00e1piz rojo \u201c644\u201d.<br \/>Documento optimizado digitalmente.<\/p>\n","protected":false},"excerpt":{"rendered":"<p>Autor: A. Valdivieso.Impresor: Sin informaci\u00f3nTama\u00f1o: 52,6 x 37,2 cmClasificaci\u00f3n: 644 V146 Caja N\u00b011a Nota: Este ejemplar tiene escrito a mano con l\u00e1piz rojo \u201c644\u201d.Documento optimizado digitalmente.<\/p>\n","protected":false},"author":1,"featured_media":0,"parent":0,"menu_order":0,"comment_status":"closed","ping_status":"closed","template":"","meta":{"footnotes":""},"class_list":["post-22463","page","type-page","status-publish","hentry"],"jetpack_sharing_enabled":true,"_links":{"self":[{"href":"https:\/\/www.lirapopular.cl\/lirapopularxix\/wp-json\/wp\/v2\/pages\/22463","targetHints":{"allow":["GET"]}}],"collection":[{"href":"https:\/\/www.lirapopular.cl\/lirapopularxix\/wp-json\/wp\/v2\/pages"}],"about":[{"href":"https:\/\/www.lirapopular.cl\/lirapopularxix\/wp-json\/wp\/v2\/types\/page"}],"author":[{"embeddable":true,"href":"https:\/\/www.lirapopular.cl\/lirapopularxix\/wp-json\/wp\/v2\/users\/1"}],"replies":[{"embeddable":true,"href":"https:\/\/www.lirapopular.cl\/lirapopularxix\/wp-json\/wp\/v2\/comments?post=22463"}],"version-history":[{"count":0,"href":"https:\/\/www.lirapopular.cl\/lirapopularxix\/wp-json\/wp\/v2\/pages\/22463\/revisions"}],"wp:attachment":[{"href":"https:\/\/www.lirapopular.cl\/lirapopularxix\/wp-json\/wp\/v2\/media?parent=22463"}],"curies":[{"name":"wp","href":"https:\/\/api.w.org\/{rel}","templated":true}]}}