{"id":22393,"date":"2021-09-09T17:52:01","date_gmt":"2021-09-09T21:52:01","guid":{"rendered":"https:\/\/www.lirapopular.cl\/lirapopularxix\/?page_id=22393"},"modified":"2021-09-09T17:52:01","modified_gmt":"2021-09-09T21:52:01","slug":"de-los-operarios-del-mapocho","status":"publish","type":"page","link":"https:\/\/www.lirapopular.cl\/lirapopularxix\/de-los-operarios-del-mapocho\/","title":{"rendered":"\u001b[   ] de los operarios del Mapocho"},"content":{"rendered":"\n<div class=\"wp-block-image\"><figure class=\"alignright size-medium\"><a href=\"http:\/\/https:\/\/www.lirapopular.cl\/lirapopularxix\/wp-content\/uploads\/2021\/09\/570-1.jpg\"><img decoding=\"async\" src=\"http:\/\/https:\/\/www.lirapopular.cl\/lirapopularxix\/wp-content\/uploads\/2021\/09\/570-1-269x300.jpg\" alt=\"\" class=\"wp-image-22394\"\/><\/a><figcaption>Colecci\u00f3n Lira Popular de la<br \/>Universidad de Chile<\/figcaption><\/figure><\/div>\n\n\n\n<p>Autor: Tulip\u00e1n.<br \/>Impresor: Imp. de <em>La Igualdad<\/em> Lastra 10.<br \/>Tama\u00f1o: 28,7 x 27,2 cm<br \/>Clasificaci\u00f3n: 570 T917o Caja N\u00b01a<\/p>\n\n\n\n<ul class=\"wp-block-list\"><li><a href=\"https:\/\/www.lirapopular.cl\/lirapopularxix\/2021\/09\/09\/por-que-no-les-han-pagado\/\">\u00bfPor qu\u00e9 no les han pagado\u2026<\/a><\/li><li><a href=\"https:\/\/www.lirapopular.cl\/lirapopularxix\/2021\/09\/09\/cuatro-millones-gastados\/\">Cuatro millones gastados<\/a><\/li><li><a href=\"https:\/\/www.lirapopular.cl\/lirapopularxix\/2021\/09\/09\/el-puente-de-cal-i-canto\/\">El Puente de Cal y Canto<\/a><\/li><li><a href=\"https:\/\/www.lirapopular.cl\/lirapopularxix\/2021\/09\/09\/uno-de-los-guzarapos\/\">Uno de los guzarapos<\/a><\/li><\/ul>\n\n\n\n<p>Nota: Este ejemplar tiene escrito a mano con l\u00e1piz rojo \u201c570\u201d y con l\u00e1piz grafito &#8220;20&#8221;.<br \/>Documento optimizado digitalmente.<\/p>\n","protected":false},"excerpt":{"rendered":"<p>Autor: Tulip\u00e1n.Impresor: Imp. de La Igualdad Lastra 10.Tama\u00f1o: 28,7 x 27,2 cmClasificaci\u00f3n: 570 T917o Caja N\u00b01a \u00bfPor qu\u00e9 no les han pagado\u2026 Cuatro millones gastados El Puente de Cal y Canto Uno de los guzarapos Nota: Este ejemplar tiene escrito a mano con l\u00e1piz rojo \u201c570\u201d y con l\u00e1piz grafito &#8220;20&#8221;.Documento optimizado digitalmente.<\/p>\n","protected":false},"author":1,"featured_media":0,"parent":0,"menu_order":0,"comment_status":"closed","ping_status":"closed","template":"","meta":{"footnotes":""},"class_list":["post-22393","page","type-page","status-publish","hentry"],"jetpack_sharing_enabled":true,"_links":{"self":[{"href":"https:\/\/www.lirapopular.cl\/lirapopularxix\/wp-json\/wp\/v2\/pages\/22393","targetHints":{"allow":["GET"]}}],"collection":[{"href":"https:\/\/www.lirapopular.cl\/lirapopularxix\/wp-json\/wp\/v2\/pages"}],"about":[{"href":"https:\/\/www.lirapopular.cl\/lirapopularxix\/wp-json\/wp\/v2\/types\/page"}],"author":[{"embeddable":true,"href":"https:\/\/www.lirapopular.cl\/lirapopularxix\/wp-json\/wp\/v2\/users\/1"}],"replies":[{"embeddable":true,"href":"https:\/\/www.lirapopular.cl\/lirapopularxix\/wp-json\/wp\/v2\/comments?post=22393"}],"version-history":[{"count":0,"href":"https:\/\/www.lirapopular.cl\/lirapopularxix\/wp-json\/wp\/v2\/pages\/22393\/revisions"}],"wp:attachment":[{"href":"https:\/\/www.lirapopular.cl\/lirapopularxix\/wp-json\/wp\/v2\/media?parent=22393"}],"curies":[{"name":"wp","href":"https:\/\/api.w.org\/{rel}","templated":true}]}}