{"id":22369,"date":"2021-09-08T20:50:00","date_gmt":"2021-09-09T00:50:00","guid":{"rendered":"https:\/\/www.lirapopular.cl\/lirapopularxix\/?page_id=22369"},"modified":"2021-09-08T20:50:00","modified_gmt":"2021-09-09T00:50:00","slug":"versos-populares-sobre-el-fin","status":"publish","type":"page","link":"https:\/\/www.lirapopular.cl\/lirapopularxix\/versos-populares-sobre-el-fin\/","title":{"rendered":"VERSOS POPULARES <br>SOBRE EL FIN DE LA DICTADURA"},"content":{"rendered":"\n<div class=\"wp-block-image\"><figure class=\"alignright size-medium\"><a href=\"http:\/\/https:\/\/www.lirapopular.cl\/lirapopularxix\/wp-content\/uploads\/2021\/09\/680-1.jpg\"><img decoding=\"async\" src=\"http:\/\/https:\/\/www.lirapopular.cl\/lirapopularxix\/wp-content\/uploads\/2021\/09\/680-1-215x300.jpg\" alt=\"\" class=\"wp-image-22370\"\/><\/a><figcaption>Colecci\u00f3n Lira Popular de la<br \/>Universidad de Chile<\/figcaption><\/figure><\/div>\n\n\n\n<p>Autor: Francisco Tapia, Santo Domingo, n\u00fam. 33.<br \/>Impresor: Sin informaci\u00f3n<br \/>Tama\u00f1o: 24,9 x 34,8 cm<br \/>Clasificaci\u00f3n: 680 T172 Caja N\u00b03a<\/p>\n\n\n\n<ul class=\"wp-block-list\"><li><a href=\"https:\/\/www.lirapopular.cl\/lirapopularxix\/2021\/09\/09\/las-batallasde-concon-y-la-placilla\/\">Las batallas de Conc\u00f3n y la Placilla<\/a><\/li><li><a href=\"https:\/\/www.lirapopular.cl\/lirapopularxix\/2021\/09\/09\/el-peso-de-la-carne\/\">El peso de la carne<\/a><\/li><li><a href=\"https:\/\/www.lirapopular.cl\/lirapopularxix\/2021\/09\/09\/ejemplode-la-politica-dictatorial\/\">Ejemplo de la pol\u00edtica dictatorial <\/a><\/li><li><span style=\"color: initial;\"><a href=\"https:\/\/www.lirapopular.cl\/lirapopularxix\/2021\/09\/09\/la-muerte-de-balmaceda-2\/\">La muerte de Balmaceda<\/a><\/span><\/li><\/ul>\n\n\n\n<p>Nota: Este ejemplar tiene escrito a mano con l\u00e1piz rojo \u201c680\u201d.<br \/>Documento optimizado digitalmente.<\/p>\n","protected":false},"excerpt":{"rendered":"<p>Autor: Francisco Tapia, Santo Domingo, n\u00fam. 33.Impresor: Sin informaci\u00f3nTama\u00f1o: 24,9 x 34,8 cmClasificaci\u00f3n: 680 T172 Caja N\u00b03a Las batallas de Conc\u00f3n y la Placilla El peso de la carne Ejemplo de la pol\u00edtica dictatorial La muerte de Balmaceda Nota: Este ejemplar tiene escrito a mano con l\u00e1piz rojo \u201c680\u201d.Documento optimizado digitalmente.<\/p>\n","protected":false},"author":1,"featured_media":0,"parent":0,"menu_order":0,"comment_status":"closed","ping_status":"closed","template":"","meta":{"footnotes":""},"class_list":["post-22369","page","type-page","status-publish","hentry"],"jetpack_sharing_enabled":true,"_links":{"self":[{"href":"https:\/\/www.lirapopular.cl\/lirapopularxix\/wp-json\/wp\/v2\/pages\/22369","targetHints":{"allow":["GET"]}}],"collection":[{"href":"https:\/\/www.lirapopular.cl\/lirapopularxix\/wp-json\/wp\/v2\/pages"}],"about":[{"href":"https:\/\/www.lirapopular.cl\/lirapopularxix\/wp-json\/wp\/v2\/types\/page"}],"author":[{"embeddable":true,"href":"https:\/\/www.lirapopular.cl\/lirapopularxix\/wp-json\/wp\/v2\/users\/1"}],"replies":[{"embeddable":true,"href":"https:\/\/www.lirapopular.cl\/lirapopularxix\/wp-json\/wp\/v2\/comments?post=22369"}],"version-history":[{"count":0,"href":"https:\/\/www.lirapopular.cl\/lirapopularxix\/wp-json\/wp\/v2\/pages\/22369\/revisions"}],"wp:attachment":[{"href":"https:\/\/www.lirapopular.cl\/lirapopularxix\/wp-json\/wp\/v2\/media?parent=22369"}],"curies":[{"name":"wp","href":"https:\/\/api.w.org\/{rel}","templated":true}]}}