{"id":22324,"date":"2021-09-08T19:14:32","date_gmt":"2021-09-08T23:14:32","guid":{"rendered":"https:\/\/www.lirapopular.cl\/lirapopularxix\/?page_id=22324"},"modified":"2021-09-08T19:14:32","modified_gmt":"2021-09-08T23:14:32","slug":"la-pascuay-el-ano-nuevo-2","status":"publish","type":"page","link":"https:\/\/www.lirapopular.cl\/lirapopularxix\/la-pascuay-el-ano-nuevo-2\/","title":{"rendered":"LA PASCUA<br>Y EL A\u00d1O NUEVO"},"content":{"rendered":"\n<div class=\"wp-block-image\"><figure class=\"alignright size-medium\"><a href=\"http:\/\/https:\/\/www.lirapopular.cl\/lirapopularxix\/wp-content\/uploads\/2021\/09\/612-1.jpg\"><img decoding=\"async\" src=\"http:\/\/https:\/\/www.lirapopular.cl\/lirapopularxix\/wp-content\/uploads\/2021\/09\/612-1-300x214.jpg\" alt=\"\" class=\"wp-image-22325\"\/><\/a><figcaption>Colecci\u00f3n Lira Popular de la<br \/>Universidad de Chile<\/figcaption><\/figure><\/div>\n\n\n\n<p>Autor: Nicasio Serrano (Boldo a Boldo).<br \/>Impresor: Sin informaci\u00f3n<br \/>Tama\u00f1o: 52,8 x 37 cm<br \/>Clasificaci\u00f3n: 612 S481p Caja N\u00b011a<\/p>\n\n\n\n<ul class=\"wp-block-list\"><li><a href=\"https:\/\/www.lirapopular.cl\/lirapopularxix\/2021\/09\/08\/la-pascua-2\/\">La Pascua<\/a><\/li><li><a href=\"https:\/\/www.lirapopular.cl\/lirapopularxix\/2021\/09\/08\/las-conductorassantiaguinas\/\">Las conductoras santiaguinas<\/a><\/li><li><a href=\"https:\/\/www.lirapopular.cl\/lirapopularxix\/2021\/09\/08\/cuecas-8\/\">Cuecas<\/a><\/li><li><a href=\"https:\/\/www.lirapopular.cl\/lirapopularxix\/2021\/09\/08\/el-lechero-3\/\">El lechero<\/a><\/li><li><a href=\"https:\/\/www.lirapopular.cl\/lirapopularxix\/2021\/09\/08\/el-caldito-saludable-3\/\">El caldito saludable<\/a><\/li><li><a href=\"https:\/\/www.lirapopular.cl\/lirapopularxix\/2021\/09\/08\/los-jigantes-turcos-2\/\">Los gigantes turcos<\/a><\/li><\/ul>\n\n\n\n<p>Nota: Este ejemplar tiene escrito a mano con l\u00e1piz rojo \u201c612\u201d.<br \/>El lado izquierdo de este documento reutiliza <a href=\"https:\/\/www.lirapopular.cl\/lirapopularxix\/la-pascuay-el-ano-nuevo\/\">esta lira<\/a> y su lado derecho <a href=\"https:\/\/www.lirapopular.cl\/lirapopularxix\/fuga-del-reo-vergara\/\">esta otra lira<\/a>.<br \/>Documento optimizado digitalmente.<\/p>\n","protected":false},"excerpt":{"rendered":"<p>Autor: Nicasio Serrano (Boldo a Boldo).Impresor: Sin informaci\u00f3nTama\u00f1o: 52,8 x 37 cmClasificaci\u00f3n: 612 S481p Caja N\u00b011a La Pascua Las conductoras santiaguinas Cuecas El lechero El caldito saludable Los gigantes turcos Nota: Este ejemplar tiene escrito a mano con l\u00e1piz rojo \u201c612\u201d.El lado izquierdo de este documento reutiliza esta lira y su lado derecho esta otra [&hellip;]<\/p>\n","protected":false},"author":1,"featured_media":0,"parent":0,"menu_order":0,"comment_status":"closed","ping_status":"closed","template":"","meta":{"footnotes":""},"class_list":["post-22324","page","type-page","status-publish","hentry"],"jetpack_sharing_enabled":true,"_links":{"self":[{"href":"https:\/\/www.lirapopular.cl\/lirapopularxix\/wp-json\/wp\/v2\/pages\/22324","targetHints":{"allow":["GET"]}}],"collection":[{"href":"https:\/\/www.lirapopular.cl\/lirapopularxix\/wp-json\/wp\/v2\/pages"}],"about":[{"href":"https:\/\/www.lirapopular.cl\/lirapopularxix\/wp-json\/wp\/v2\/types\/page"}],"author":[{"embeddable":true,"href":"https:\/\/www.lirapopular.cl\/lirapopularxix\/wp-json\/wp\/v2\/users\/1"}],"replies":[{"embeddable":true,"href":"https:\/\/www.lirapopular.cl\/lirapopularxix\/wp-json\/wp\/v2\/comments?post=22324"}],"version-history":[{"count":0,"href":"https:\/\/www.lirapopular.cl\/lirapopularxix\/wp-json\/wp\/v2\/pages\/22324\/revisions"}],"wp:attachment":[{"href":"https:\/\/www.lirapopular.cl\/lirapopularxix\/wp-json\/wp\/v2\/media?parent=22324"}],"curies":[{"name":"wp","href":"https:\/\/api.w.org\/{rel}","templated":true}]}}