{"id":22285,"date":"2021-09-06T18:52:10","date_gmt":"2021-09-06T22:52:10","guid":{"rendered":"https:\/\/www.lirapopular.cl\/lirapopularxix\/?page_id=22285"},"modified":"2024-07-11T14:23:22","modified_gmt":"2024-07-11T17:23:22","slug":"el-primer-combate-de-concon-y-la-placilla","status":"publish","type":"page","link":"https:\/\/www.lirapopular.cl\/lirapopularxix\/el-primer-combate-de-concon-y-la-placilla\/","title":{"rendered":"EL PRIMER COMBATE DE <br>Concon y la Placilla"},"content":{"rendered":"<div class=\"wp-block-image\">\n<figure class=\"alignright size-full\"><a href=\"https:\/\/www.lirapopular.cl\/lirapopularxix\/wp-content\/uploads\/2024\/07\/653-1-235x300-1.jpg\"><img loading=\"lazy\" decoding=\"async\" width=\"235\" height=\"300\" src=\"https:\/\/www.lirapopular.cl\/lirapopularxix\/wp-content\/uploads\/2024\/07\/653-1-235x300-1.jpg\" alt=\"\" class=\"wp-image-28383\"\/><\/a><figcaption class=\"wp-element-caption\">Colecci\u00f3n Lira Popular de la<br>Universidad de Chile<\/figcaption><\/figure>\n<\/div>\n\n\n<p>Autor: Ignacio Salazar.<br>Impresor: Sin informaci\u00f3n<br>Tama\u00f1o: 25,2 x 32,5 cm<br>Clasificaci\u00f3n: 653 S161 Caja N\u00b03a<\/p>\n\n\n\n<ul class=\"wp-block-list\">\n<li><a href=\"https:\/\/www.lirapopular.cl\/lirapopularxix\/2021\/09\/06\/el-primer-combate-de-concon-y-la-placilla\/\">El primer combate de Conc\u00f3n y la Placilla<\/a><\/li>\n\n\n\n<li><a href=\"https:\/\/www.lirapopular.cl\/lirapopularxix\/2021\/09\/06\/el-glorioso-triunfo-de-laoposicion\/\">El glorioso triunfo de la oposici\u00f3n<\/a><\/li>\n\n\n\n<li><a href=\"https:\/\/www.lirapopular.cl\/lirapopularxix\/2021\/09\/06\/jefes-y-oficialesy-el-premio-de-pio-fierro\/\">Jefes y oficiales y el premio de Pio Fierro<\/a><\/li>\n\n\n\n<li><a href=\"https:\/\/www.lirapopular.cl\/lirapopularxix\/2021\/09\/06\/regreso-de-un-militar-quehizo-toda-la-campana\/\">Regreso de un militar que hizo toda la campa\u00f1a.<\/a><\/li>\n<\/ul>\n\n\n\n<p>Nota: Este ejemplar tiene escrito a mano con l\u00e1piz rojo \u201c653\u201d.<br>Documento optimizado digitalmente.<\/p>\n","protected":false},"excerpt":{"rendered":"<p>Autor: Ignacio Salazar.Impresor: Sin informaci\u00f3nTama\u00f1o: 25,2 x 32,5 cmClasificaci\u00f3n: 653 S161 Caja N\u00b03a Nota: Este ejemplar tiene escrito a mano con l\u00e1piz rojo \u201c653\u201d.Documento optimizado digitalmente.<\/p>\n","protected":false},"author":1,"featured_media":0,"parent":0,"menu_order":0,"comment_status":"closed","ping_status":"closed","template":"","meta":{"footnotes":""},"class_list":["post-22285","page","type-page","status-publish","hentry"],"jetpack_sharing_enabled":true,"_links":{"self":[{"href":"https:\/\/www.lirapopular.cl\/lirapopularxix\/wp-json\/wp\/v2\/pages\/22285","targetHints":{"allow":["GET"]}}],"collection":[{"href":"https:\/\/www.lirapopular.cl\/lirapopularxix\/wp-json\/wp\/v2\/pages"}],"about":[{"href":"https:\/\/www.lirapopular.cl\/lirapopularxix\/wp-json\/wp\/v2\/types\/page"}],"author":[{"embeddable":true,"href":"https:\/\/www.lirapopular.cl\/lirapopularxix\/wp-json\/wp\/v2\/users\/1"}],"replies":[{"embeddable":true,"href":"https:\/\/www.lirapopular.cl\/lirapopularxix\/wp-json\/wp\/v2\/comments?post=22285"}],"version-history":[{"count":2,"href":"https:\/\/www.lirapopular.cl\/lirapopularxix\/wp-json\/wp\/v2\/pages\/22285\/revisions"}],"predecessor-version":[{"id":28384,"href":"https:\/\/www.lirapopular.cl\/lirapopularxix\/wp-json\/wp\/v2\/pages\/22285\/revisions\/28384"}],"wp:attachment":[{"href":"https:\/\/www.lirapopular.cl\/lirapopularxix\/wp-json\/wp\/v2\/media?parent=22285"}],"curies":[{"name":"wp","href":"https:\/\/api.w.org\/{rel}","templated":true}]}}