{"id":22250,"date":"2021-09-06T11:07:31","date_gmt":"2021-09-06T15:07:31","guid":{"rendered":"https:\/\/www.lirapopular.cl\/lirapopularxix\/?page_id=22250"},"modified":"2021-09-06T11:07:31","modified_gmt":"2021-09-06T15:07:31","slug":"21-de-mayo","status":"publish","type":"page","link":"https:\/\/www.lirapopular.cl\/lirapopularxix\/21-de-mayo\/","title":{"rendered":"21 DE MAYO"},"content":{"rendered":"\n<div class=\"wp-block-image\"><figure class=\"alignright size-medium\"><a href=\"http:\/\/https:\/\/www.lirapopular.cl\/lirapopularxix\/wp-content\/uploads\/2021\/09\/656-1.jpg\"><img decoding=\"async\" src=\"http:\/\/https:\/\/www.lirapopular.cl\/lirapopularxix\/wp-content\/uploads\/2021\/09\/656-1-300x213.jpg\" alt=\"\" class=\"wp-image-22251\"\/><\/a><figcaption>Colecci\u00f3n Lira Popular de la<br \/>Universidad de Chile<\/figcaption><\/figure><\/div>\n\n\n\n<p>Autor: Pancho Romero<br \/>Impresor: Sin informaci\u00f3n<br \/>Tama\u00f1o: 53 x 37,2 cm<br \/>Clasificaci\u00f3n: 656 R763v Caja N\u00b012a, BN C\u00f3digo:\u00a0LO0012051<\/p>\n\n\n\n<ul class=\"wp-block-list\"><li><a href=\"https:\/\/www.lirapopular.cl\/lirapopularxix\/2021\/09\/06\/vivael-21-de-mayo\/\">Viva el 21 de Mayo<\/a><\/li><li><a href=\"https:\/\/www.lirapopular.cl\/lirapopularxix\/2021\/09\/06\/himno-a-prat\/\">Himno a Prat<\/a><\/li><li><a href=\"https:\/\/www.lirapopular.cl\/lirapopularxix\/2021\/09\/06\/el-gran-incendiodel-congreso\/\">El gran incendio del Congreso<\/a><\/li><li><a href=\"https:\/\/www.lirapopular.cl\/lirapopularxix\/2021\/09\/06\/el-marido-que-matoa-su-mujer-i-dos-hijos-i-se-ahorco\/\">El marido que mato a su mujer y sus dos hijos y se ahorc\u00f3<\/a><\/li><li><a href=\"https:\/\/www.lirapopular.cl\/lirapopularxix\/2021\/09\/06\/definicion-del-amor-4\/\">Definici\u00f3n del amor<\/a><\/li><\/ul>\n\n\n\n<p>Nota: El 1er ejemplar tiene escrito a mano con l\u00e1piz rojo \u201c656\u201d. Sobre primer verso aparece texto manuscrito &#8220;de Reyes&#8221;.<br \/>El 2\u00ba ejemplar tiene escrito a mano con l\u00e1piz grafito \u201c1894\u201d, con rojo &#8220;22&#8221; y texto poco legible &#8220;pelo de la cabeza del \u2026\u00b7.<br \/>Basados en el verso sobre el incendio del Congreso y los dedicados a Prat, esta lira se public\u00f3 en mayo de 1895.<br \/>Documento optimizado digitalmente.<\/p>\n\n\n\n<div class=\"wp-block-image\"><figure class=\"alignright size-medium\"><a href=\"https:\/\/www.lirapopular.cl\/lirapopularxix\/wp-content\/uploads\/2021\/10\/LO0012051.jpg\"><img loading=\"lazy\" decoding=\"async\" width=\"300\" height=\"208\" src=\"https:\/\/www.lirapopular.cl\/lirapopularxix\/wp-content\/uploads\/2021\/10\/LO0012051-300x208.jpg\" alt=\"\" class=\"wp-image-25408\" srcset=\"https:\/\/www.lirapopular.cl\/lirapopularxix\/wp-content\/uploads\/2021\/10\/LO0012051-300x208.jpg 300w, https:\/\/www.lirapopular.cl\/lirapopularxix\/wp-content\/uploads\/2021\/10\/LO0012051-768x533.jpg 768w, https:\/\/www.lirapopular.cl\/lirapopularxix\/wp-content\/uploads\/2021\/10\/LO0012051.jpg 1000w\" sizes=\"auto, (max-width: 300px) 100vw, 300px\" \/><\/a><figcaption>Archivo de Literatura Oral<br \/>Fondo Rodolfo Lenz<\/figcaption><\/figure><\/div>\n","protected":false},"excerpt":{"rendered":"<p>Autor: Pancho RomeroImpresor: Sin informaci\u00f3nTama\u00f1o: 53 x 37,2 cmClasificaci\u00f3n: 656 R763v Caja N\u00b012a, BN C\u00f3digo:\u00a0LO0012051 Viva el 21 de Mayo Himno a Prat El gran incendio del Congreso El marido que mato a su mujer y sus dos hijos y se ahorc\u00f3 Definici\u00f3n del amor Nota: El 1er ejemplar tiene escrito a mano con l\u00e1piz [&hellip;]<\/p>\n","protected":false},"author":1,"featured_media":0,"parent":0,"menu_order":0,"comment_status":"closed","ping_status":"closed","template":"","meta":{"footnotes":""},"class_list":["post-22250","page","type-page","status-publish","hentry"],"jetpack_sharing_enabled":true,"_links":{"self":[{"href":"https:\/\/www.lirapopular.cl\/lirapopularxix\/wp-json\/wp\/v2\/pages\/22250","targetHints":{"allow":["GET"]}}],"collection":[{"href":"https:\/\/www.lirapopular.cl\/lirapopularxix\/wp-json\/wp\/v2\/pages"}],"about":[{"href":"https:\/\/www.lirapopular.cl\/lirapopularxix\/wp-json\/wp\/v2\/types\/page"}],"author":[{"embeddable":true,"href":"https:\/\/www.lirapopular.cl\/lirapopularxix\/wp-json\/wp\/v2\/users\/1"}],"replies":[{"embeddable":true,"href":"https:\/\/www.lirapopular.cl\/lirapopularxix\/wp-json\/wp\/v2\/comments?post=22250"}],"version-history":[{"count":0,"href":"https:\/\/www.lirapopular.cl\/lirapopularxix\/wp-json\/wp\/v2\/pages\/22250\/revisions"}],"wp:attachment":[{"href":"https:\/\/www.lirapopular.cl\/lirapopularxix\/wp-json\/wp\/v2\/media?parent=22250"}],"curies":[{"name":"wp","href":"https:\/\/api.w.org\/{rel}","templated":true}]}}