{"id":22211,"date":"2021-09-05T19:31:30","date_gmt":"2021-09-05T23:31:30","guid":{"rendered":"https:\/\/www.lirapopular.cl\/lirapopularxix\/?page_id=22211"},"modified":"2021-09-05T19:31:30","modified_gmt":"2021-09-05T23:31:30","slug":"aparicion-del-famoso-bandido-belarmino-mendoza","status":"publish","type":"page","link":"https:\/\/www.lirapopular.cl\/lirapopularxix\/aparicion-del-famoso-bandido-belarmino-mendoza\/","title":{"rendered":"Aparicion del famoso bandido <br>Belarmino Mendoza"},"content":{"rendered":"\n<div class=\"wp-block-image\"><figure class=\"alignright size-medium\"><a href=\"http:\/\/https:\/\/www.lirapopular.cl\/lirapopularxix\/wp-content\/uploads\/2021\/09\/650-1.jpg\"><img decoding=\"async\" src=\"http:\/\/https:\/\/www.lirapopular.cl\/lirapopularxix\/wp-content\/uploads\/2021\/09\/650-1-230x300.jpg\" alt=\"\" class=\"wp-image-22214\"\/><\/a><figcaption>Colecci\u00f3n Lira Popular de la<br \/>Universidad de Chile<\/figcaption><\/figure><\/div>\n\n\n\n<p>Autor: Pancho Romero. Se venden: Cequi\u00f3n n\u00fam. 11<br \/>Impresor: Imprenta Estrella de Chile, Sto. Domingo, 47<br \/>Tama\u00f1o: 27,7 x 35,7 cm<br \/>Clasificaci\u00f3n: 650 R763 Caja N\u00b03a, 853 R171 Caja N\u00b08a<\/p>\n\n\n\n<ul class=\"wp-block-list\"><li><a href=\"https:\/\/www.lirapopular.cl\/lirapopularxix\/2021\/09\/05\/aparicion-del-famoso-bandidobelarmino-mendoza\/\">Aparici\u00f3n del famoso bandido Belarmino Mendoza<\/a><\/li><li><a href=\"https:\/\/www.lirapopular.cl\/lirapopularxix\/2021\/09\/05\/adultero-y-asesino\/\">Ad\u00faltero y asesino<\/a><\/li><li><a href=\"https:\/\/www.lirapopular.cl\/lirapopularxix\/2021\/09\/05\/un-asesino-de-tres-anos\/\">Un asesino de tres a\u00f1os<\/a><\/li><li><a href=\"https:\/\/www.lirapopular.cl\/lirapopularxix\/2021\/09\/05\/el-asesinato-del-ingles\/\">El asesinato del ingl\u00e9s<\/a><\/li><\/ul>\n\n\n\n<p>Nota: El 1er ejemplar tiene escrito a mano con l\u00e1piz rojo \u201c650\u201d.<br \/>El 2\u00ba ejemplar tiene escrito a mano con l\u00e1piz rojo \u201c853\u201d. Probablemente fue una prueba de imprenta, ya que presenta correcciones manuscritas pero no est\u00e1n incluidas en el otro documento.<br \/>Documentos optimizados digitalmente.<\/p>\n\n\n\n<p><\/p>\n\n\n\n<div class=\"wp-block-image\"><figure class=\"alignright size-medium\"><a href=\"http:\/\/https:\/\/www.lirapopular.cl\/lirapopularxix\/wp-content\/uploads\/2021\/09\/853-1.jpg\"><img decoding=\"async\" src=\"http:\/\/https:\/\/www.lirapopular.cl\/lirapopularxix\/wp-content\/uploads\/2021\/09\/853-1-222x300.jpg\" alt=\"\" class=\"wp-image-22216\"\/><\/a><figcaption>Colecci\u00f3n Lira Popular de la<br \/>Universidad de Chile<\/figcaption><\/figure><\/div>\n","protected":false},"excerpt":{"rendered":"<p>Autor: Pancho Romero. Se venden: Cequi\u00f3n n\u00fam. 11Impresor: Imprenta Estrella de Chile, Sto. Domingo, 47Tama\u00f1o: 27,7 x 35,7 cmClasificaci\u00f3n: 650 R763 Caja N\u00b03a, 853 R171 Caja N\u00b08a Aparici\u00f3n del famoso bandido Belarmino Mendoza Ad\u00faltero y asesino Un asesino de tres a\u00f1os El asesinato del ingl\u00e9s Nota: El 1er ejemplar tiene escrito a mano con l\u00e1piz [&hellip;]<\/p>\n","protected":false},"author":1,"featured_media":0,"parent":0,"menu_order":0,"comment_status":"closed","ping_status":"closed","template":"","meta":{"footnotes":""},"class_list":["post-22211","page","type-page","status-publish","hentry"],"jetpack_sharing_enabled":true,"_links":{"self":[{"href":"https:\/\/www.lirapopular.cl\/lirapopularxix\/wp-json\/wp\/v2\/pages\/22211","targetHints":{"allow":["GET"]}}],"collection":[{"href":"https:\/\/www.lirapopular.cl\/lirapopularxix\/wp-json\/wp\/v2\/pages"}],"about":[{"href":"https:\/\/www.lirapopular.cl\/lirapopularxix\/wp-json\/wp\/v2\/types\/page"}],"author":[{"embeddable":true,"href":"https:\/\/www.lirapopular.cl\/lirapopularxix\/wp-json\/wp\/v2\/users\/1"}],"replies":[{"embeddable":true,"href":"https:\/\/www.lirapopular.cl\/lirapopularxix\/wp-json\/wp\/v2\/comments?post=22211"}],"version-history":[{"count":0,"href":"https:\/\/www.lirapopular.cl\/lirapopularxix\/wp-json\/wp\/v2\/pages\/22211\/revisions"}],"wp:attachment":[{"href":"https:\/\/www.lirapopular.cl\/lirapopularxix\/wp-json\/wp\/v2\/media?parent=22211"}],"curies":[{"name":"wp","href":"https:\/\/api.w.org\/{rel}","templated":true}]}}