{"id":22194,"date":"2021-09-05T18:59:42","date_gmt":"2021-09-05T22:59:42","guid":{"rendered":"https:\/\/www.lirapopular.cl\/lirapopularxix\/?page_id=22194"},"modified":"2021-09-05T18:59:42","modified_gmt":"2021-09-05T22:59:42","slug":"el-roto-chileno-no3","status":"publish","type":"page","link":"https:\/\/www.lirapopular.cl\/lirapopularxix\/el-roto-chileno-no3\/","title":{"rendered":"EL ROTO CHILENO N\u00ba3"},"content":{"rendered":"\n<div class=\"wp-block-image\"><figure class=\"alignright size-medium\"><a href=\"http:\/\/https:\/\/www.lirapopular.cl\/lirapopularxix\/wp-content\/uploads\/2021\/09\/670-1.jpg\"><img decoding=\"async\" src=\"http:\/\/https:\/\/www.lirapopular.cl\/lirapopularxix\/wp-content\/uploads\/2021\/09\/670-1-300x213.jpg\" alt=\"\" class=\"wp-image-22195\"\/><\/a><figcaption>Colecci\u00f3n Lira Popular de la<br \/>Universidad de Chile<\/figcaption><\/figure><\/div>\n\n\n\n<p>Autor: Manuel Z\u00fa\u00f1iga.<br \/>Impresor: Sin informaci\u00f3n<br \/>Tama\u00f1o: 50,5 x 37,2 cm<br \/>Clasificaci\u00f3n: 670 Z95 Caja N\u00b012a<\/p>\n\n\n\n<ul class=\"wp-block-list\"><li><a href=\"https:\/\/www.lirapopular.cl\/lirapopularxix\/2021\/09\/05\/el-sarjentoasesinado-en-los-andes\/\">El sarjento asesinado en Los Andes<\/a><\/li><li><a href=\"https:\/\/www.lirapopular.cl\/lirapopularxix\/2021\/09\/05\/el-clerigoque-sedujo-a-una-ninade-13-anos\/\">El cl\u00e9rigo que sedujo a una ni\u00f1a de 13 a\u00f1os<\/a><\/li><li><a href=\"https:\/\/www.lirapopular.cl\/lirapopularxix\/2021\/09\/05\/caida-del-tren-nocturnode-pasajeros-de-talcaal-estero-de-troncoso\/\">Ca\u00edda del tren nocturno de pasajeros de Talca al estero de Troncoso<\/a><\/li><li><a href=\"https:\/\/www.lirapopular.cl\/lirapopularxix\/2021\/09\/05\/gran-salteoen-victoria\/\">Gran asalto en Victoria<\/a><\/li><li><a href=\"https:\/\/www.lirapopular.cl\/lirapopularxix\/2021\/09\/05\/una-mujercondenada-a-muerteporque-mato-al-hijo\/\">Una mujer condenada a muerte porque mat\u00f3 al hijo<\/a><\/li><\/ul>\n\n\n\n<p>Nota: Este ejemplar tiene escrito a mano con l\u00e1piz rojo \u201c670\u201d.<br \/>Documento optimizado digitalmente.<\/p>\n","protected":false},"excerpt":{"rendered":"<p>Autor: Manuel Z\u00fa\u00f1iga.Impresor: Sin informaci\u00f3nTama\u00f1o: 50,5 x 37,2 cmClasificaci\u00f3n: 670 Z95 Caja N\u00b012a El sarjento asesinado en Los Andes El cl\u00e9rigo que sedujo a una ni\u00f1a de 13 a\u00f1os Ca\u00edda del tren nocturno de pasajeros de Talca al estero de Troncoso Gran asalto en Victoria Una mujer condenada a muerte porque mat\u00f3 al hijo Nota: [&hellip;]<\/p>\n","protected":false},"author":1,"featured_media":0,"parent":0,"menu_order":0,"comment_status":"closed","ping_status":"closed","template":"","meta":{"footnotes":""},"class_list":["post-22194","page","type-page","status-publish","hentry"],"jetpack_sharing_enabled":true,"_links":{"self":[{"href":"https:\/\/www.lirapopular.cl\/lirapopularxix\/wp-json\/wp\/v2\/pages\/22194","targetHints":{"allow":["GET"]}}],"collection":[{"href":"https:\/\/www.lirapopular.cl\/lirapopularxix\/wp-json\/wp\/v2\/pages"}],"about":[{"href":"https:\/\/www.lirapopular.cl\/lirapopularxix\/wp-json\/wp\/v2\/types\/page"}],"author":[{"embeddable":true,"href":"https:\/\/www.lirapopular.cl\/lirapopularxix\/wp-json\/wp\/v2\/users\/1"}],"replies":[{"embeddable":true,"href":"https:\/\/www.lirapopular.cl\/lirapopularxix\/wp-json\/wp\/v2\/comments?post=22194"}],"version-history":[{"count":0,"href":"https:\/\/www.lirapopular.cl\/lirapopularxix\/wp-json\/wp\/v2\/pages\/22194\/revisions"}],"wp:attachment":[{"href":"https:\/\/www.lirapopular.cl\/lirapopularxix\/wp-json\/wp\/v2\/media?parent=22194"}],"curies":[{"name":"wp","href":"https:\/\/api.w.org\/{rel}","templated":true}]}}