{"id":22123,"date":"2021-09-04T10:54:37","date_gmt":"2021-09-04T14:54:37","guid":{"rendered":"https:\/\/www.lirapopular.cl\/lirapopularxix\/?page_id=22123"},"modified":"2021-09-04T10:54:37","modified_gmt":"2021-09-04T14:54:37","slug":"el-roto-chileno","status":"publish","type":"page","link":"https:\/\/www.lirapopular.cl\/lirapopularxix\/el-roto-chileno\/","title":{"rendered":"EL ROTO CHILENO"},"content":{"rendered":"\n<div class=\"wp-block-image\"><figure class=\"alignright size-medium\"><a href=\"https:\/\/www.lirapopular.cl\/lirapopularxix\/wp-content\/uploads\/2021\/09\/Lira_259M.jpg\"><img loading=\"lazy\" decoding=\"async\" width=\"300\" height=\"219\" src=\"https:\/\/www.lirapopular.cl\/lirapopularxix\/wp-content\/uploads\/2021\/09\/Lira_259M-300x219.jpg\" alt=\"\" class=\"wp-image-22126\" srcset=\"https:\/\/www.lirapopular.cl\/lirapopularxix\/wp-content\/uploads\/2021\/09\/Lira_259M-300x219.jpg 300w, https:\/\/www.lirapopular.cl\/lirapopularxix\/wp-content\/uploads\/2021\/09\/Lira_259M-768x561.jpg 768w, https:\/\/www.lirapopular.cl\/lirapopularxix\/wp-content\/uploads\/2021\/09\/Lira_259M.jpg 1000w\" sizes=\"auto, (max-width: 300px) 100vw, 300px\" \/><\/a><figcaption>Colecci\u00f3n Lira Popular de la<br \/>Universidad de Chile<\/figcaption><\/figure><\/div>\n\n\n\n<p>Autor: El Poeta Popular (Mejor de todos).<br \/>Impresor: Sin informaci\u00f3n<br \/>Tama\u00f1o: 53 x 37,2 cm<br \/>Clasificaci\u00f3n: 259 P796f Caja N\u00b010, BN C\u00f3digo:&nbsp;LO0012050<\/p>\n\n\n\n<ul class=\"wp-block-list\"><li><a href=\"https:\/\/www.lirapopular.cl\/lirapopularxix\/2021\/09\/04\/el-asesino-cesareo-santos\/\">El asesino Ces\u00e1reo Santos. Fusilamiento del asesino del presidente de Francia<\/a><\/li><li><a href=\"https:\/\/www.lirapopular.cl\/lirapopularxix\/2021\/09\/04\/mal-pago-de-sauljenerosidad-de-david-2\/\">Mal pago de Sa\u00fal. Generosidad de David<\/a><\/li><li><a href=\"https:\/\/www.lirapopular.cl\/lirapopularxix\/2021\/09\/04\/las-cocheras-2\/\">Las cocheras<\/a><\/li><li><a href=\"https:\/\/www.lirapopular.cl\/lirapopularxix\/2021\/09\/04\/agravio-de-los-cocheros-2\/\">Agravio de los cocheros<\/a><\/li><li><a href=\"https:\/\/www.lirapopular.cl\/lirapopularxix\/2021\/09\/04\/los-muertos-i-heridosen-el-tren-espreso-2\/\">Los muertos y heridos en el tren expreso<\/a><\/li><\/ul>\n\n\n\n<p>Nota: Ejemplar de <em>El Roto Chileno<\/em> sin n\u00famero.<br \/>Se destaca un grabado probablemente de J. M. Carrera pero al pie pone &#8220;Presidente de Francia&#8221;<br \/>La primera imagen de la izquierda fue usada en &#8220;El Criminal&#8221;, folleto firmado por el Negro Peluca, seud\u00f3nimo de R\u00f3mulo Larra\u00f1aga. <br \/>En el 1er ejemplar el nombre del autor est\u00e1 tachado y reemplazado manuscrito por &#8220;Rolak&#8221;, sobre cuatro versos aparece manuscrito &#8220;de Guajardo&#8221;<br \/>En el 2\u00ba ejemplar tiene escrito a mano con l\u00e1piz rojo \u201c-21-\u201d, con l\u00e1piz grafito &#8220;6&#8221;.<br \/>Documentos optimizados digitalmente.<\/p>\n\n\n\n<div class=\"wp-block-image\"><figure class=\"alignright size-medium\"><a href=\"https:\/\/www.lirapopular.cl\/lirapopularxix\/wp-content\/uploads\/2021\/11\/LO0012050.jpg\"><img loading=\"lazy\" decoding=\"async\" width=\"300\" height=\"209\" src=\"https:\/\/www.lirapopular.cl\/lirapopularxix\/wp-content\/uploads\/2021\/11\/LO0012050-300x209.jpg\" alt=\"\" class=\"wp-image-25887\" srcset=\"https:\/\/www.lirapopular.cl\/lirapopularxix\/wp-content\/uploads\/2021\/11\/LO0012050-300x209.jpg 300w, https:\/\/www.lirapopular.cl\/lirapopularxix\/wp-content\/uploads\/2021\/11\/LO0012050-768x536.jpg 768w, https:\/\/www.lirapopular.cl\/lirapopularxix\/wp-content\/uploads\/2021\/11\/LO0012050.jpg 1000w\" sizes=\"auto, (max-width: 300px) 100vw, 300px\" \/><\/a><figcaption>Archivo de Literatura Oral<br \/>Fondo Rodolfo Lenz<\/figcaption><\/figure><\/div>\n","protected":false},"excerpt":{"rendered":"<p>Autor: El Poeta Popular (Mejor de todos).Impresor: Sin informaci\u00f3nTama\u00f1o: 53 x 37,2 cmClasificaci\u00f3n: 259 P796f Caja N\u00b010, BN C\u00f3digo:&nbsp;LO0012050 El asesino Ces\u00e1reo Santos. Fusilamiento del asesino del presidente de Francia Mal pago de Sa\u00fal. Generosidad de David Las cocheras Agravio de los cocheros Los muertos y heridos en el tren expreso Nota: Ejemplar de El [&hellip;]<\/p>\n","protected":false},"author":1,"featured_media":0,"parent":0,"menu_order":0,"comment_status":"closed","ping_status":"closed","template":"","meta":{"footnotes":""},"class_list":["post-22123","page","type-page","status-publish","hentry"],"jetpack_sharing_enabled":true,"_links":{"self":[{"href":"https:\/\/www.lirapopular.cl\/lirapopularxix\/wp-json\/wp\/v2\/pages\/22123","targetHints":{"allow":["GET"]}}],"collection":[{"href":"https:\/\/www.lirapopular.cl\/lirapopularxix\/wp-json\/wp\/v2\/pages"}],"about":[{"href":"https:\/\/www.lirapopular.cl\/lirapopularxix\/wp-json\/wp\/v2\/types\/page"}],"author":[{"embeddable":true,"href":"https:\/\/www.lirapopular.cl\/lirapopularxix\/wp-json\/wp\/v2\/users\/1"}],"replies":[{"embeddable":true,"href":"https:\/\/www.lirapopular.cl\/lirapopularxix\/wp-json\/wp\/v2\/comments?post=22123"}],"version-history":[{"count":0,"href":"https:\/\/www.lirapopular.cl\/lirapopularxix\/wp-json\/wp\/v2\/pages\/22123\/revisions"}],"wp:attachment":[{"href":"https:\/\/www.lirapopular.cl\/lirapopularxix\/wp-json\/wp\/v2\/media?parent=22123"}],"curies":[{"name":"wp","href":"https:\/\/api.w.org\/{rel}","templated":true}]}}