{"id":22108,"date":"2021-09-04T10:21:28","date_gmt":"2021-09-04T14:21:28","guid":{"rendered":"https:\/\/www.lirapopular.cl\/lirapopularxix\/?page_id=22108"},"modified":"2021-09-04T10:21:28","modified_gmt":"2021-09-04T14:21:28","slug":"brindis-de-cinco-amigos-en-una-tertulia","status":"publish","type":"page","link":"https:\/\/www.lirapopular.cl\/lirapopularxix\/brindis-de-cinco-amigos-en-una-tertulia\/","title":{"rendered":"Brindis de cinco Amigos <br>en una tertulia. <br>Un militar, un campecino, un falte<br> un minero i un poeta"},"content":{"rendered":"\n<div class=\"wp-block-image\"><figure class=\"alignright size-medium\"><a href=\"http:\/\/https:\/\/www.lirapopular.cl\/lirapopularxix\/wp-content\/uploads\/2021\/09\/631-1.jpg\"><img decoding=\"async\" src=\"http:\/\/https:\/\/www.lirapopular.cl\/lirapopularxix\/wp-content\/uploads\/2021\/09\/631-1-224x300.jpg\" alt=\"\" class=\"wp-image-22111\"\/><\/a><figcaption>Colecci\u00f3n Lira Popular de la<br \/>Universidad de Chile<\/figcaption><\/figure><\/div>\n\n\n\n<p>Autor: J. M. Plaicoa.<br \/>Impresor: Sin informaci\u00f3n<br \/>Tama\u00f1o: 23,8 x 31,4 cm<br \/>Clasificaci\u00f3n: 631 P698b Caja N\u00b02a<\/p>\n\n\n\n<ul class=\"wp-block-list\"><li><a href=\"https:\/\/www.lirapopular.cl\/lirapopularxix\/2021\/09\/04\/brindis-de-cinco-amigos\/\">Brindis de cinco amigos en una tertulia. Un militar, un campesino, un falte, un minero y un poeta<\/a><\/li><li><a href=\"https:\/\/www.lirapopular.cl\/lirapopularxix\/2021\/09\/04\/el-paraiso-deliciosoola-caida-de-adan\/\">El para\u00edso delicioso o la ca\u00edda de Ad\u00e1n<\/a><\/li><li><a href=\"https:\/\/www.lirapopular.cl\/lirapopularxix\/2021\/09\/04\/a-chile-llego-invadiendo\/\">A Chile llego invadiendo\u2026<\/a><\/li><\/ul>\n\n\n\n<p>Nota: Este ejemplar tiene escrito a mano con l\u00e1piz rojo \u201c631\u201d.<br \/>Grabado firmado: &#8220;Urra- Marti&#8221;, el segundo poco legible.<br \/>Documento optimizado digitalmente.<\/p>\n","protected":false},"excerpt":{"rendered":"<p>Autor: J. M. Plaicoa.Impresor: Sin informaci\u00f3nTama\u00f1o: 23,8 x 31,4 cmClasificaci\u00f3n: 631 P698b Caja N\u00b02a Brindis de cinco amigos en una tertulia. Un militar, un campesino, un falte, un minero y un poeta El para\u00edso delicioso o la ca\u00edda de Ad\u00e1n A Chile llego invadiendo\u2026 Nota: Este ejemplar tiene escrito a mano con l\u00e1piz rojo \u201c631\u201d.Grabado [&hellip;]<\/p>\n","protected":false},"author":1,"featured_media":0,"parent":0,"menu_order":0,"comment_status":"closed","ping_status":"closed","template":"","meta":{"footnotes":""},"class_list":["post-22108","page","type-page","status-publish","hentry"],"jetpack_sharing_enabled":true,"_links":{"self":[{"href":"https:\/\/www.lirapopular.cl\/lirapopularxix\/wp-json\/wp\/v2\/pages\/22108","targetHints":{"allow":["GET"]}}],"collection":[{"href":"https:\/\/www.lirapopular.cl\/lirapopularxix\/wp-json\/wp\/v2\/pages"}],"about":[{"href":"https:\/\/www.lirapopular.cl\/lirapopularxix\/wp-json\/wp\/v2\/types\/page"}],"author":[{"embeddable":true,"href":"https:\/\/www.lirapopular.cl\/lirapopularxix\/wp-json\/wp\/v2\/users\/1"}],"replies":[{"embeddable":true,"href":"https:\/\/www.lirapopular.cl\/lirapopularxix\/wp-json\/wp\/v2\/comments?post=22108"}],"version-history":[{"count":0,"href":"https:\/\/www.lirapopular.cl\/lirapopularxix\/wp-json\/wp\/v2\/pages\/22108\/revisions"}],"wp:attachment":[{"href":"https:\/\/www.lirapopular.cl\/lirapopularxix\/wp-json\/wp\/v2\/media?parent=22108"}],"curies":[{"name":"wp","href":"https:\/\/api.w.org\/{rel}","templated":true}]}}