{"id":22092,"date":"2021-09-02T17:28:03","date_gmt":"2021-09-02T21:28:03","guid":{"rendered":"https:\/\/www.lirapopular.cl\/lirapopularxix\/?page_id=22092"},"modified":"2021-09-02T17:28:03","modified_gmt":"2021-09-02T21:28:03","slug":"poesias-de-j-m-plaicoa","status":"publish","type":"page","link":"https:\/\/www.lirapopular.cl\/lirapopularxix\/poesias-de-j-m-plaicoa\/","title":{"rendered":"POESIAS DE J. M. PLAICOA"},"content":{"rendered":"\n<div class=\"wp-block-image\"><figure class=\"alignright size-medium\"><a href=\"http:\/\/https:\/\/www.lirapopular.cl\/lirapopularxix\/wp-content\/uploads\/2021\/09\/630-1.jpg\"><img decoding=\"async\" src=\"http:\/\/https:\/\/www.lirapopular.cl\/lirapopularxix\/wp-content\/uploads\/2021\/09\/630-1-217x300.jpg\" alt=\"\" class=\"wp-image-22093\"\/><\/a><figcaption>Colecci\u00f3n Lira Popular de la<br \/>Universidad de Chile<\/figcaption><\/figure><\/div>\n\n\n\n<p>Autor: J. M. Plaicoa. Estos versos son propiedad de autor, quien perseguir\u00e1 conforme a la lei al que los reimprima.<br \/>Impresor: 61-Imp. Vicu\u00f1a Mackenna<br \/>Tama\u00f1o: 27,3 x 37 cm<br \/>Clasificaci\u00f3n: 630 P698 Caja N\u00b02a<\/p>\n\n\n\n<ul class=\"wp-block-list\"><li><a href=\"https:\/\/www.lirapopular.cl\/lirapopularxix\/2021\/09\/04\/cristo-crucificadopor-amor-de-los-hombres\/\">Cristo crucificado por amor de los hombres<\/a><\/li><li><a href=\"https:\/\/www.lirapopular.cl\/lirapopularxix\/2021\/09\/04\/el-juiciosobre-los-hombres\/\">El juicio sobre los hombres<\/a><\/li><li><a href=\"https:\/\/www.lirapopular.cl\/lirapopularxix\/2021\/09\/04\/contestacional-poeta-pedro-villegas\/\">Contestaci\u00f3n al poeta Pedro Villegas<\/a><\/li><\/ul>\n\n\n\n<p>Nota: Este ejemplar tiene escrito a mano con l\u00e1piz rojo \u201c630\u201d.<br \/>Documento optimizado digitalmente.<\/p>\n","protected":false},"excerpt":{"rendered":"<p>Autor: J. M. Plaicoa. Estos versos son propiedad de autor, quien perseguir\u00e1 conforme a la lei al que los reimprima.Impresor: 61-Imp. Vicu\u00f1a MackennaTama\u00f1o: 27,3 x 37 cmClasificaci\u00f3n: 630 P698 Caja N\u00b02a Cristo crucificado por amor de los hombres El juicio sobre los hombres Contestaci\u00f3n al poeta Pedro Villegas Nota: Este ejemplar tiene escrito a mano [&hellip;]<\/p>\n","protected":false},"author":1,"featured_media":0,"parent":0,"menu_order":0,"comment_status":"closed","ping_status":"closed","template":"","meta":{"footnotes":""},"class_list":["post-22092","page","type-page","status-publish","hentry"],"jetpack_sharing_enabled":true,"_links":{"self":[{"href":"https:\/\/www.lirapopular.cl\/lirapopularxix\/wp-json\/wp\/v2\/pages\/22092","targetHints":{"allow":["GET"]}}],"collection":[{"href":"https:\/\/www.lirapopular.cl\/lirapopularxix\/wp-json\/wp\/v2\/pages"}],"about":[{"href":"https:\/\/www.lirapopular.cl\/lirapopularxix\/wp-json\/wp\/v2\/types\/page"}],"author":[{"embeddable":true,"href":"https:\/\/www.lirapopular.cl\/lirapopularxix\/wp-json\/wp\/v2\/users\/1"}],"replies":[{"embeddable":true,"href":"https:\/\/www.lirapopular.cl\/lirapopularxix\/wp-json\/wp\/v2\/comments?post=22092"}],"version-history":[{"count":0,"href":"https:\/\/www.lirapopular.cl\/lirapopularxix\/wp-json\/wp\/v2\/pages\/22092\/revisions"}],"wp:attachment":[{"href":"https:\/\/www.lirapopular.cl\/lirapopularxix\/wp-json\/wp\/v2\/media?parent=22092"}],"curies":[{"name":"wp","href":"https:\/\/api.w.org\/{rel}","templated":true}]}}