{"id":22066,"date":"2021-09-02T16:28:16","date_gmt":"2021-09-02T20:28:16","guid":{"rendered":"https:\/\/www.lirapopular.cl\/lirapopularxix\/?page_id=22066"},"modified":"2021-09-02T16:28:16","modified_gmt":"2021-09-02T20:28:16","slug":"gran-suceso-la-nina-que-se-ahorco","status":"publish","type":"page","link":"https:\/\/www.lirapopular.cl\/lirapopularxix\/gran-suceso-la-nina-que-se-ahorco\/","title":{"rendered":"GRAN SUCESO <br>La ni\u00f1a que se ahorc\u00f3 porque el padre no la dej\u00f3 casarse"},"content":{"rendered":"\n<div class=\"wp-block-image\"><figure class=\"alignright size-medium\"><a href=\"http:\/\/https:\/\/www.lirapopular.cl\/lirapopularxix\/wp-content\/uploads\/2021\/09\/673-1.jpg\"><img decoding=\"async\" src=\"http:\/\/https:\/\/www.lirapopular.cl\/lirapopularxix\/wp-content\/uploads\/2021\/09\/673-1-216x300.jpg\" alt=\"\" class=\"wp-image-22067\"\/><\/a><figcaption>Colecci\u00f3n Lira Popular de la<br \/>Universidad de Chile<\/figcaption><\/figure><\/div>\n\n\n\n<p>Autor: Javier Perez, poeta popular.<br \/>Impresor: Sin informaci\u00f3n<br \/>Tama\u00f1o: 53 x 37 cm<br \/>Clasificaci\u00f3n: 673 P434 Caja N\u00b012a<\/p>\n\n\n\n<ul class=\"wp-block-list\"><li><a href=\"https:\/\/www.lirapopular.cl\/lirapopularxix\/2021\/09\/02\/la-nina-que-se-ahorco\/\">La ni\u00f1a que se ahorc\u00f3 porque el padre no la dej\u00f3 casarse<\/a><\/li><li><a href=\"https:\/\/www.lirapopular.cl\/lirapopularxix\/2021\/09\/02\/la-hija-que-ahorco-a-lamadre\/\">La hija que ahorc\u00f3 a la madre<\/a><\/li><li><a href=\"https:\/\/www.lirapopular.cl\/lirapopularxix\/2021\/09\/02\/la-nina-robada-por-unfutre\/\">La ni\u00f1a robada por un futre<\/a><\/li><li><a href=\"https:\/\/www.lirapopular.cl\/lirapopularxix\/2021\/09\/02\/un-adios\/\">Un adi\u00f3s<\/a><\/li><li><a href=\"https:\/\/www.lirapopular.cl\/lirapopularxix\/2021\/09\/02\/parabienes-para-novios-4\/\">Parabienes para novios<\/a><\/li><li><a href=\"https:\/\/www.lirapopular.cl\/lirapopularxix\/2021\/09\/02\/lo-que-padecio-el-hijoprodigo\/\">Lo que padeci\u00f3 el hijo prodigo<\/a><\/li><li><a href=\"https:\/\/www.lirapopular.cl\/lirapopularxix\/2021\/09\/02\/las-tres-horasde-agonia-a-lo-divino-2\/\">Las tres horas de agon\u00eda a lo divino<\/a><\/li><li><a href=\"https:\/\/www.lirapopular.cl\/lirapopularxix\/2021\/09\/02\/cancion-amorosa-2\/\">Canci\u00f3n amorosa<\/a><\/li><\/ul>\n\n\n\n<p>Nota: Este ejemplar tiene escrito a mano con l\u00e1piz rojo &#8220;673\u201d.<br \/>Documento optimizado digitalmente.<\/p>\n","protected":false},"excerpt":{"rendered":"<p>Autor: Javier Perez, poeta popular.Impresor: Sin informaci\u00f3nTama\u00f1o: 53 x 37 cmClasificaci\u00f3n: 673 P434 Caja N\u00b012a La ni\u00f1a que se ahorc\u00f3 porque el padre no la dej\u00f3 casarse La hija que ahorc\u00f3 a la madre La ni\u00f1a robada por un futre Un adi\u00f3s Parabienes para novios Lo que padeci\u00f3 el hijo prodigo Las tres horas de [&hellip;]<\/p>\n","protected":false},"author":1,"featured_media":0,"parent":0,"menu_order":0,"comment_status":"closed","ping_status":"closed","template":"","meta":{"footnotes":""},"class_list":["post-22066","page","type-page","status-publish","hentry"],"jetpack_sharing_enabled":true,"_links":{"self":[{"href":"https:\/\/www.lirapopular.cl\/lirapopularxix\/wp-json\/wp\/v2\/pages\/22066","targetHints":{"allow":["GET"]}}],"collection":[{"href":"https:\/\/www.lirapopular.cl\/lirapopularxix\/wp-json\/wp\/v2\/pages"}],"about":[{"href":"https:\/\/www.lirapopular.cl\/lirapopularxix\/wp-json\/wp\/v2\/types\/page"}],"author":[{"embeddable":true,"href":"https:\/\/www.lirapopular.cl\/lirapopularxix\/wp-json\/wp\/v2\/users\/1"}],"replies":[{"embeddable":true,"href":"https:\/\/www.lirapopular.cl\/lirapopularxix\/wp-json\/wp\/v2\/comments?post=22066"}],"version-history":[{"count":0,"href":"https:\/\/www.lirapopular.cl\/lirapopularxix\/wp-json\/wp\/v2\/pages\/22066\/revisions"}],"wp:attachment":[{"href":"https:\/\/www.lirapopular.cl\/lirapopularxix\/wp-json\/wp\/v2\/media?parent=22066"}],"curies":[{"name":"wp","href":"https:\/\/api.w.org\/{rel}","templated":true}]}}