{"id":22018,"date":"2021-08-31T18:49:02","date_gmt":"2021-08-31T22:49:02","guid":{"rendered":"https:\/\/www.lirapopular.cl\/lirapopularxix\/?page_id=22018"},"modified":"2021-08-31T18:49:02","modified_gmt":"2021-08-31T22:49:02","slug":"fusilamiento-de-hijinio-sepulveda","status":"publish","type":"page","link":"https:\/\/www.lirapopular.cl\/lirapopularxix\/fusilamiento-de-hijinio-sepulveda\/","title":{"rendered":"FUSILAMIENTO DE HIJINIO SEP\u00daLVEDA <br>HORRIBLE CRIMEN <br>En la calle de San Ignacio"},"content":{"rendered":"<div class=\"wp-block-image\">\n<figure class=\"alignright size-medium\"><a href=\"http:\/\/https:\/\/www.lirapopular.cl\/lirapopularxix\/wp-content\/uploads\/2021\/08\/405-1.jpg\"><img decoding=\"async\" src=\"http:\/\/https:\/\/www.lirapopular.cl\/lirapopularxix\/wp-content\/uploads\/2021\/08\/405-1-212x300.jpg\" alt=\"\" class=\"wp-image-22021\"\/><\/a><figcaption class=\"wp-element-caption\">Colecci\u00f3n Lira Popular de la<br \/>Universidad de Chile<\/figcaption><\/figure>\n<\/div>\n\n\n<p>Autor: Juan Bautista Peralta, poeta santiaguino, Huemul 34, entre Copiap\u00f3 y Coquimbo.<br \/>Impresor: Imp. Albi\u00f3n. San Diego 45-B<br \/>Tama\u00f1o: 37,4 x 53 cm<br \/>Clasificaci\u00f3n: 405 P426h Caja N\u00b05b, BN C\u00f3digo: LO0012449, BN C\u00f3digo:&nbsp;LO0012105<\/p>\n\n\n\n<ul class=\"wp-block-list\">\n<li><a href=\"https:\/\/www.lirapopular.cl\/lirapopularxix\/2021\/09\/02\/fusilamientodel-reo-hijinio-sepulveda\/\">Fusilamiento del reo Hijinio Sep\u00falveda<\/a><\/li>\n\n\n\n<li><a href=\"https:\/\/www.lirapopular.cl\/lirapopularxix\/2021\/09\/02\/terrible-crimenpor-celos\/\">Terrible crimen por celos<\/a><\/li>\n\n\n\n<li><a href=\"https:\/\/www.lirapopular.cl\/lirapopularxix\/2021\/09\/02\/versospor-la-independencia-de-cuba\/\">Versos por la independencia de Cuba<\/a><\/li>\n\n\n\n<li><a href=\"https:\/\/www.lirapopular.cl\/lirapopularxix\/2021\/09\/02\/contestacional-poeta-meneses-3\/\">Contestaci\u00f3n al poeta Meneses<\/a><\/li>\n\n\n\n<li><a href=\"https:\/\/www.lirapopular.cl\/lirapopularxix\/2021\/09\/02\/pensamientosde-un-flojo\/\">Pensamientos de un flojo<\/a><\/li>\n\n\n\n<li><a href=\"https:\/\/www.lirapopular.cl\/lirapopularxix\/2021\/09\/02\/versospor-el-apocalipsis-de-san-juan\/\">Versos por el Apocalipsis de San Juan.<\/a><\/li>\n<\/ul>\n\n\n\n<p>Nota: El 1er ejemplar tiene escrito a mano con l\u00e1piz rojo \u201c405\u201d.<br \/>El 2\u00ba ejemplar tiene escrito a mano con l\u00e1piz azul \u201c3\u201d y con plum\u00f3n &#8220;123&#8221;.<br \/>El 3er ejemplar tiene escrito a mano con l\u00e1piz rojo \u201c-13-\u201d, con l\u00e1piz grafito &#8220;13&#8221; y con un timbre &#8220;0252&#8221;.<br \/>Documentos optimizados digitalmente.<\/p>\n\n\n\n<p><\/p>\n\n\n<div class=\"wp-block-image is-style-default\">\n<figure class=\"alignright size-medium\"><a href=\"https:\/\/www.lirapopular.cl\/lirapopularxix\/wp-content\/uploads\/2021\/11\/LO0012449.jpg\"><img decoding=\"async\" src=\"https:\/\/www.lirapopular.cl\/lirapopularxix\/wp-content\/uploads\/2021\/11\/LO0012449-213x300.jpg\" alt=\"\" class=\"wp-image-26114\"\/><\/a><figcaption class=\"wp-element-caption\">Archivo de Literatura Oral<br \/>Colecci\u00f3n Alamiro de \u00c1vila<\/figcaption><\/figure>\n<\/div>\n\n\n<p><span class=\"has-inline-color has-white-color\">.<\/span><\/p>\n\n\n\n<p><span class=\"has-inline-color has-white-color\">.<\/span><\/p>\n\n\n\n<p><span class=\"has-inline-color has-white-color\">.<\/span><\/p>\n\n\n\n<p><span class=\"has-inline-color has-white-color\">.<\/span><\/p>\n\n\n\n<p><span class=\"has-inline-color has-white-color\">.<\/span><\/p>\n\n\n\n<p><span class=\"has-inline-color has-white-color\">.<\/span><\/p>\n\n\n\n<p><span class=\"has-inline-color has-white-color\">.<\/span><\/p>\n\n\n\n<p><span class=\"has-inline-color has-white-color\">.<\/span><\/p>\n\n\n\n<p><span class=\"has-inline-color has-white-color\">.<\/span><\/p>\n\n\n<div class=\"wp-block-image is-style-default\">\n<figure class=\"alignright size-medium\"><a href=\"https:\/\/www.lirapopular.cl\/lirapopularxix\/wp-content\/uploads\/2021\/11\/LO0012105.jpg\"><img loading=\"lazy\" decoding=\"async\" width=\"208\" height=\"300\" src=\"https:\/\/www.lirapopular.cl\/lirapopularxix\/wp-content\/uploads\/2021\/11\/LO0012105-208x300.jpg\" alt=\"\" class=\"wp-image-26116\" srcset=\"https:\/\/www.lirapopular.cl\/lirapopularxix\/wp-content\/uploads\/2021\/11\/LO0012105-208x300.jpg 208w, https:\/\/www.lirapopular.cl\/lirapopularxix\/wp-content\/uploads\/2021\/11\/LO0012105.jpg 694w\" sizes=\"auto, (max-width: 208px) 100vw, 208px\" \/><\/a><figcaption class=\"wp-element-caption\">Archivo de Literatura Oral<br \/>Fondo Rodolfo Lenz<\/figcaption><\/figure>\n<\/div>\n\n\n<p><\/p>\n\n\n\n<p><\/p>\n","protected":false},"excerpt":{"rendered":"<p>Autor: Juan Bautista Peralta, poeta santiaguino, Huemul 34, entre Copiap\u00f3 y Coquimbo.Impresor: Imp. Albi\u00f3n. San Diego 45-BTama\u00f1o: 37,4 x 53 cmClasificaci\u00f3n: 405 P426h Caja N\u00b05b, BN C\u00f3digo: LO0012449, BN C\u00f3digo:&nbsp;LO0012105 Nota: El 1er ejemplar tiene escrito a mano con l\u00e1piz rojo \u201c405\u201d.El 2\u00ba ejemplar tiene escrito a mano con l\u00e1piz azul \u201c3\u201d y con plum\u00f3n [&hellip;]<\/p>\n","protected":false},"author":1,"featured_media":0,"parent":0,"menu_order":0,"comment_status":"closed","ping_status":"closed","template":"","meta":{"footnotes":""},"class_list":["post-22018","page","type-page","status-publish","hentry"],"jetpack_sharing_enabled":true,"_links":{"self":[{"href":"https:\/\/www.lirapopular.cl\/lirapopularxix\/wp-json\/wp\/v2\/pages\/22018","targetHints":{"allow":["GET"]}}],"collection":[{"href":"https:\/\/www.lirapopular.cl\/lirapopularxix\/wp-json\/wp\/v2\/pages"}],"about":[{"href":"https:\/\/www.lirapopular.cl\/lirapopularxix\/wp-json\/wp\/v2\/types\/page"}],"author":[{"embeddable":true,"href":"https:\/\/www.lirapopular.cl\/lirapopularxix\/wp-json\/wp\/v2\/users\/1"}],"replies":[{"embeddable":true,"href":"https:\/\/www.lirapopular.cl\/lirapopularxix\/wp-json\/wp\/v2\/comments?post=22018"}],"version-history":[{"count":0,"href":"https:\/\/www.lirapopular.cl\/lirapopularxix\/wp-json\/wp\/v2\/pages\/22018\/revisions"}],"wp:attachment":[{"href":"https:\/\/www.lirapopular.cl\/lirapopularxix\/wp-json\/wp\/v2\/media?parent=22018"}],"curies":[{"name":"wp","href":"https:\/\/api.w.org\/{rel}","templated":true}]}}