{"id":21954,"date":"2021-08-29T16:07:36","date_gmt":"2021-08-29T20:07:36","guid":{"rendered":"https:\/\/www.lirapopular.cl\/lirapopularxix\/?page_id=21954"},"modified":"2021-08-29T16:07:36","modified_gmt":"2021-08-29T20:07:36","slug":"chile-i-la-arjentina","status":"publish","type":"page","link":"https:\/\/www.lirapopular.cl\/lirapopularxix\/chile-i-la-arjentina\/","title":{"rendered":"Chile i la Arjentina"},"content":{"rendered":"<div class=\"wp-block-image\">\n<figure class=\"alignright size-medium\"><a href=\"http:\/\/https:\/\/www.lirapopular.cl\/lirapopularxix\/wp-content\/uploads\/2021\/08\/402-1.jpg\"><img decoding=\"async\" src=\"http:\/\/https:\/\/www.lirapopular.cl\/lirapopularxix\/wp-content\/uploads\/2021\/08\/402-1-218x300.jpg\" alt=\"\" class=\"wp-image-21955\"\/><\/a><figcaption class=\"wp-element-caption\">Colecci\u00f3n Lira Popular de la<br \/>Universidad de Chile<\/figcaption><\/figure>\n<\/div>\n\n\n<p>Autor: Juan Bautista Peralta. Huemul 34.<br \/>Impresor: Sin informaci\u00f3n<br \/>Tama\u00f1o: 37,5 x 53,2 cm<br \/>Clasificaci\u00f3n: 402 P426c Caja N\u00b05b, C\u00f3digos BN LO0012448, BN C\u00f3digo:&nbsp;LO0012107<\/p>\n\n\n\n<ul class=\"wp-block-list\">\n<li><a href=\"https:\/\/www.lirapopular.cl\/lirapopularxix\/2021\/08\/29\/chile-i-la-arjentina-2\/\">Chile y la Argentina<\/a><\/li>\n\n\n\n<li><a href=\"https:\/\/www.lirapopular.cl\/lirapopularxix\/2021\/08\/29\/cuecas-para-las-ninas\/\">Cuecas para las ni\u00f1as<\/a><\/li>\n\n\n\n<li><a href=\"https:\/\/www.lirapopular.cl\/lirapopularxix\/2021\/08\/29\/contrapuntedel-marido-con-la-mujer\/\">Contrapunte del marido con la mujer<\/a><\/li>\n\n\n\n<li><a href=\"https:\/\/www.lirapopular.cl\/lirapopularxix\/2021\/08\/29\/muerte-del-rei-herodestriunfo-del-nuevo-rei-arquelao\/\">Muerte del Rei Herodes. Triunfo del nuevo rey Arquelao<\/a><\/li>\n<\/ul>\n\n\n\n<p>Nota: El 1er ejemplar tiene escrito a mano con l\u00e1piz rojo \u201c402\u201d.<br \/>El 2\u00ba ejemplar tiene escrito a mano con l\u00e1piz azul \u201c12\u201d y con plum\u00f3n &#8220;122&#8221;.<br \/>El 3er ejemplar tiene escrito a mano con l\u00e1piz rojo \u201c-15-\u201d, con un timbre &#8220;0245&#8221; y con l\u00e1piz grafito una letra indefinida.<br \/>Documentos optimizados digitalmente.<\/p>\n\n\n\n<p><span style=\"background-color:rgba(0, 0, 0, 0)\" class=\"has-inline-color has-white-color\">.<\/span><\/p>\n\n\n<div class=\"wp-block-image\">\n<figure class=\"alignright size-medium\"><a href=\"https:\/\/www.lirapopular.cl\/lirapopularxix\/wp-content\/uploads\/2021\/09\/LO0012448.jpg\"><img loading=\"lazy\" decoding=\"async\" width=\"212\" height=\"300\" src=\"https:\/\/www.lirapopular.cl\/lirapopularxix\/wp-content\/uploads\/2021\/09\/LO0012448-212x300.jpg\" alt=\"\" class=\"wp-image-22941\" srcset=\"https:\/\/www.lirapopular.cl\/lirapopularxix\/wp-content\/uploads\/2021\/09\/LO0012448-212x300.jpg 212w, https:\/\/www.lirapopular.cl\/lirapopularxix\/wp-content\/uploads\/2021\/09\/LO0012448.jpg 705w\" sizes=\"auto, (max-width: 212px) 100vw, 212px\" \/><\/a><figcaption class=\"wp-element-caption\">Archivo de Literatura Oral<br \/>Colecci\u00f3n Alamiro de \u00c1vila<\/figcaption><\/figure>\n<\/div>\n\n\n<p><span style=\"background-color:rgba(0, 0, 0, 0)\" class=\"has-inline-color has-white-color\">.<\/span><\/p>\n\n\n\n<p><span style=\"background-color:rgba(0, 0, 0, 0)\" class=\"has-inline-color has-white-color\">.<\/span><\/p>\n\n\n\n<p><span style=\"background-color:rgba(0, 0, 0, 0)\" class=\"has-inline-color has-white-color\">.<\/span><\/p>\n\n\n\n<p><span style=\"background-color:rgba(0, 0, 0, 0)\" class=\"has-inline-color has-white-color\">.<\/span><\/p>\n\n\n\n<p><span style=\"background-color:rgba(0, 0, 0, 0)\" class=\"has-inline-color has-white-color\">.<\/span><\/p>\n\n\n\n<p><span style=\"background-color:rgba(0, 0, 0, 0)\" class=\"has-inline-color has-white-color\">.<\/span><\/p>\n\n\n\n<p><span style=\"background-color:rgba(0, 0, 0, 0)\" class=\"has-inline-color has-white-color\">.<\/span><\/p>\n\n\n\n<p><span style=\"background-color:rgba(0, 0, 0, 0)\" class=\"has-inline-color has-white-color\">.<\/span><\/p>\n\n\n\n<p><span style=\"background-color:rgba(0, 0, 0, 0)\" class=\"has-inline-color has-white-color\">.<\/span><\/p>\n\n\n<div class=\"wp-block-image\">\n<figure class=\"alignright size-medium\"><a href=\"https:\/\/www.lirapopular.cl\/lirapopularxix\/wp-content\/uploads\/2021\/10\/LO0012107.jpg\"><img loading=\"lazy\" decoding=\"async\" width=\"208\" height=\"300\" src=\"https:\/\/www.lirapopular.cl\/lirapopularxix\/wp-content\/uploads\/2021\/10\/LO0012107-208x300.jpg\" alt=\"\" class=\"wp-image-25515\" srcset=\"https:\/\/www.lirapopular.cl\/lirapopularxix\/wp-content\/uploads\/2021\/10\/LO0012107-208x300.jpg 208w, https:\/\/www.lirapopular.cl\/lirapopularxix\/wp-content\/uploads\/2021\/10\/LO0012107.jpg 694w\" sizes=\"auto, (max-width: 208px) 100vw, 208px\" \/><\/a><figcaption class=\"wp-element-caption\">Archivo de Literatura Oral<br \/>Fondo Rodolfo Lenz<\/figcaption><\/figure>\n<\/div>","protected":false},"excerpt":{"rendered":"<p>Autor: Juan Bautista Peralta. Huemul 34.Impresor: Sin informaci\u00f3nTama\u00f1o: 37,5 x 53,2 cmClasificaci\u00f3n: 402 P426c Caja N\u00b05b, C\u00f3digos BN LO0012448, BN C\u00f3digo:&nbsp;LO0012107 Nota: El 1er ejemplar tiene escrito a mano con l\u00e1piz rojo \u201c402\u201d.El 2\u00ba ejemplar tiene escrito a mano con l\u00e1piz azul \u201c12\u201d y con plum\u00f3n &#8220;122&#8221;.El 3er ejemplar tiene escrito a mano con l\u00e1piz [&hellip;]<\/p>\n","protected":false},"author":1,"featured_media":0,"parent":0,"menu_order":0,"comment_status":"closed","ping_status":"closed","template":"","meta":{"footnotes":""},"class_list":["post-21954","page","type-page","status-publish","hentry"],"jetpack_sharing_enabled":true,"_links":{"self":[{"href":"https:\/\/www.lirapopular.cl\/lirapopularxix\/wp-json\/wp\/v2\/pages\/21954","targetHints":{"allow":["GET"]}}],"collection":[{"href":"https:\/\/www.lirapopular.cl\/lirapopularxix\/wp-json\/wp\/v2\/pages"}],"about":[{"href":"https:\/\/www.lirapopular.cl\/lirapopularxix\/wp-json\/wp\/v2\/types\/page"}],"author":[{"embeddable":true,"href":"https:\/\/www.lirapopular.cl\/lirapopularxix\/wp-json\/wp\/v2\/users\/1"}],"replies":[{"embeddable":true,"href":"https:\/\/www.lirapopular.cl\/lirapopularxix\/wp-json\/wp\/v2\/comments?post=21954"}],"version-history":[{"count":0,"href":"https:\/\/www.lirapopular.cl\/lirapopularxix\/wp-json\/wp\/v2\/pages\/21954\/revisions"}],"wp:attachment":[{"href":"https:\/\/www.lirapopular.cl\/lirapopularxix\/wp-json\/wp\/v2\/media?parent=21954"}],"curies":[{"name":"wp","href":"https:\/\/api.w.org\/{rel}","templated":true}]}}