{"id":2192,"date":"2019-08-03T15:54:53","date_gmt":"2019-08-03T19:54:53","guid":{"rendered":"https:\/\/www.lirapopular.cl\/lirapopularxix\/?page_id=2192"},"modified":"2019-08-03T15:54:53","modified_gmt":"2019-08-03T19:54:53","slug":"gran-desafio-por-chile-entre-el-arjentino-i-el-uruguayo","status":"publish","type":"page","link":"https:\/\/www.lirapopular.cl\/lirapopularxix\/gran-desafio-por-chile-entre-el-arjentino-i-el-uruguayo\/","title":{"rendered":"GRAN DESAFIO <br>POR CHILE ENTRE EL ARJENTINO I EL URUGUAYO"},"content":{"rendered":"\n<div class=\"wp-block-image\"><figure class=\"alignright\"><a href=\"https:\/\/www.lirapopular.cl\/lirapopularxix\/wp-content\/uploads\/2019\/08\/574.jpg\"><img loading=\"lazy\" decoding=\"async\" width=\"218\" height=\"300\" src=\"https:\/\/www.lirapopular.cl\/lirapopularxix\/wp-content\/uploads\/2019\/08\/574-218x300.jpg\" alt=\"\" class=\"wp-image-2193\" srcset=\"https:\/\/www.lirapopular.cl\/lirapopularxix\/wp-content\/uploads\/2019\/08\/574-218x300.jpg 218w, https:\/\/www.lirapopular.cl\/lirapopularxix\/wp-content\/uploads\/2019\/08\/574.jpg 727w\" sizes=\"auto, (max-width: 218px) 100vw, 218px\" \/><\/a><figcaption>Colecci\u00f3n Lira Popular de la Universidad de Chile<\/figcaption><\/figure><\/div>\n\n\n\n<p>Autor: El Poeta del Sur Que trabaja en compa\u00f1ia con ROSA ARAVENA<br>Impresor: Sin informaci\u00f3n<br>Tama\u00f1o: 53 x 37,2 cm<br>Clasificaci\u00f3n: 574 A663c Caja N\u00b010a, BN C\u00f3digo:\u00a0LO0012278<\/p>\n\n\n\n<ul class=\"wp-block-list\"><li><a href=\"https:\/\/www.lirapopular.cl\/lirapopularxix\/2019\/08\/03\/combate-del-uruguayo-con-el-arjentino\/\">Combate del uruguayo con el arjentino<\/a><\/li><li><a href=\"https:\/\/www.lirapopular.cl\/lirapopularxix\/2019\/08\/03\/el-amor-por-la-fuerza\/\">El amor por la fuerza<\/a><\/li><li><a href=\"https:\/\/www.lirapopular.cl\/lirapopularxix\/2019\/08\/03\/brindis-6\/\">Brindis<\/a><\/li><li><a href=\"https:\/\/www.lirapopular.cl\/lirapopularxix\/2019\/08\/03\/los-principes-encantados\/\">Los pr\u00edncipes encantados<\/a><\/li><li><a href=\"https:\/\/www.lirapopular.cl\/lirapopularxix\/2019\/08\/03\/versos-de-cueca-para-el-dieziocho\/\">Versos de cueca para el dieziocho<\/a><\/li><li><a href=\"https:\/\/www.lirapopular.cl\/lirapopularxix\/2019\/08\/03\/versos-de-despedida\/\">Versos de despedida<\/a><\/li><\/ul>\n\n\n\n<p>Nota: El 1er ejemplar tiene escrito a mano con l\u00e1piz rojo \u201c574\u201d.<br>El 2\u00ba ejemplar tiene escrito a mano con l\u00e1piz rojo \u201c16\u201d y un timbre &#8220;395&#8221;.<br>Documentos optimizados digitalmente.<\/p>\n\n\n\n<div class=\"wp-block-image is-style-default\"><figure class=\"alignright size-medium\"><a href=\"https:\/\/www.lirapopular.cl\/lirapopularxix\/wp-content\/uploads\/2021\/11\/LO0012278.jpg\"><img loading=\"lazy\" decoding=\"async\" width=\"207\" height=\"300\" src=\"https:\/\/www.lirapopular.cl\/lirapopularxix\/wp-content\/uploads\/2021\/11\/LO0012278-207x300.jpg\" alt=\"\" class=\"wp-image-26049\" srcset=\"https:\/\/www.lirapopular.cl\/lirapopularxix\/wp-content\/uploads\/2021\/11\/LO0012278-207x300.jpg 207w, https:\/\/www.lirapopular.cl\/lirapopularxix\/wp-content\/uploads\/2021\/11\/LO0012278.jpg 691w\" sizes=\"auto, (max-width: 207px) 100vw, 207px\" \/><\/a><figcaption>Archivo de Literatura Oral<br>Fondo Rodolfo Lenz<\/figcaption><\/figure><\/div>\n","protected":false},"excerpt":{"rendered":"<p>Autor: El Poeta del Sur Que trabaja en compa\u00f1ia con ROSA ARAVENAImpresor: Sin informaci\u00f3nTama\u00f1o: 53 x 37,2 cmClasificaci\u00f3n: 574 A663c Caja N\u00b010a, BN C\u00f3digo:\u00a0LO0012278 Combate del uruguayo con el arjentino El amor por la fuerza Brindis Los pr\u00edncipes encantados Versos de cueca para el dieziocho Versos de despedida Nota: El 1er ejemplar tiene escrito a [&hellip;]<\/p>\n","protected":false},"author":1,"featured_media":0,"parent":0,"menu_order":0,"comment_status":"closed","ping_status":"closed","template":"","meta":{"footnotes":""},"class_list":["post-2192","page","type-page","status-publish","hentry"],"jetpack_sharing_enabled":true,"_links":{"self":[{"href":"https:\/\/www.lirapopular.cl\/lirapopularxix\/wp-json\/wp\/v2\/pages\/2192","targetHints":{"allow":["GET"]}}],"collection":[{"href":"https:\/\/www.lirapopular.cl\/lirapopularxix\/wp-json\/wp\/v2\/pages"}],"about":[{"href":"https:\/\/www.lirapopular.cl\/lirapopularxix\/wp-json\/wp\/v2\/types\/page"}],"author":[{"embeddable":true,"href":"https:\/\/www.lirapopular.cl\/lirapopularxix\/wp-json\/wp\/v2\/users\/1"}],"replies":[{"embeddable":true,"href":"https:\/\/www.lirapopular.cl\/lirapopularxix\/wp-json\/wp\/v2\/comments?post=2192"}],"version-history":[{"count":0,"href":"https:\/\/www.lirapopular.cl\/lirapopularxix\/wp-json\/wp\/v2\/pages\/2192\/revisions"}],"wp:attachment":[{"href":"https:\/\/www.lirapopular.cl\/lirapopularxix\/wp-json\/wp\/v2\/media?parent=2192"}],"curies":[{"name":"wp","href":"https:\/\/api.w.org\/{rel}","templated":true}]}}