{"id":21913,"date":"2021-08-29T10:27:44","date_gmt":"2021-08-29T14:27:44","guid":{"rendered":"https:\/\/www.lirapopular.cl\/lirapopularxix\/?page_id=21913"},"modified":"2021-08-29T10:27:44","modified_gmt":"2021-08-29T14:27:44","slug":"una-madre-asesina-a-su-propia-hija","status":"publish","type":"page","link":"https:\/\/www.lirapopular.cl\/lirapopularxix\/una-madre-asesina-a-su-propia-hija\/","title":{"rendered":"Una madre asesina a su <br>propia hija"},"content":{"rendered":"\n<div class=\"wp-block-image\"><figure class=\"alignright size-medium\"><a href=\"https:\/\/www.lirapopular.cl\/lirapopularxix\/wp-content\/uploads\/2021\/08\/Lira_023Mb.jpg\"><img loading=\"lazy\" decoding=\"async\" width=\"212\" height=\"300\" src=\"https:\/\/www.lirapopular.cl\/lirapopularxix\/wp-content\/uploads\/2021\/08\/Lira_023Mb-212x300.jpg\" alt=\"\" class=\"wp-image-21916\" srcset=\"https:\/\/www.lirapopular.cl\/lirapopularxix\/wp-content\/uploads\/2021\/08\/Lira_023Mb-212x300.jpg 212w, https:\/\/www.lirapopular.cl\/lirapopularxix\/wp-content\/uploads\/2021\/08\/Lira_023Mb.jpg 707w\" sizes=\"auto, (max-width: 212px) 100vw, 212px\" \/><\/a><figcaption>Colecci\u00f3n Lira Popular de la<br \/>Universidad de Chile<\/figcaption><\/figure><\/div>\n\n\n\n<p>Autor: Juan Bautista Peralta. Huemul 34.<br \/>Impresor: Sin informaci\u00f3n<br \/>Tama\u00f1o: 37,4 x 53,1 cm<br \/>Clasificaci\u00f3n: 400 P426u Caja N\u00b05b c.2 y 400 P426u Caja N\u00b05b c.1, BN C\u00f3digo:&nbsp;LO0012110<\/p>\n\n\n\n<ul class=\"wp-block-list\"><li><a href=\"https:\/\/www.lirapopular.cl\/lirapopularxix\/2021\/08\/29\/una-madre-asesina-a-supropia-hija\/\">Una madre asesina a su propia hija<\/a><\/li><li><a href=\"https:\/\/www.lirapopular.cl\/lirapopularxix\/2021\/08\/29\/versos-a-lo-divino-9\/\">Versos a lo divino<\/a><\/li><li><a href=\"https:\/\/www.lirapopular.cl\/lirapopularxix\/2021\/08\/29\/horrible-crimen-por-celos\/\">Horrible crimen por celos<\/a><\/li><li><a href=\"https:\/\/www.lirapopular.cl\/lirapopularxix\/2021\/08\/29\/desafioa-cualesquier-popular\/\">Desaf\u00edo a cualesquier popular<\/a><\/li><\/ul>\n\n\n\n<p>Nota: El 1er ejemplar tiene escrito a mano con l\u00e1piz azul \u201c23\u201d.<br \/>El 2\u00ba ejemplar tiene escrito a mano con l\u00e1piz rojo \u201c400\u201d. Le faltan dos l\u00edneas que aparecen en la lira 23.<br \/>El 1er ejemplar tiene escrito a mano con l\u00e1piz azul \u201c-16-\u201d, con grafito &#8220;14&#8221; y con un timbre &#8220;0253&#8221;.<br \/>Documentos optimizados digitalmente.<\/p>\n\n\n\n<div class=\"wp-block-image\"><figure class=\"alignright size-medium\"><a href=\"http:\/\/https:\/\/www.lirapopular.cl\/lirapopularxix\/wp-content\/uploads\/2021\/08\/400-1.jpg\"><img decoding=\"async\" src=\"http:\/\/https:\/\/www.lirapopular.cl\/lirapopularxix\/wp-content\/uploads\/2021\/08\/400-1-214x300.jpg\" alt=\"\" class=\"wp-image-21917\"\/><\/a><figcaption>Colecci\u00f3n Lira Popular de la<br \/>Universidad de Chile<\/figcaption><\/figure><\/div>\n\n\n\n<p><span class=\"has-inline-color has-white-color\">.<\/span><\/p>\n\n\n\n<p><span class=\"has-inline-color has-white-color\">.<\/span><\/p>\n\n\n\n<p><span class=\"has-inline-color has-white-color\">.<\/span><\/p>\n\n\n\n<p><span class=\"has-inline-color has-white-color\">.<\/span><\/p>\n\n\n\n<p><span class=\"has-inline-color has-white-color\">.<\/span><\/p>\n\n\n\n<p><span class=\"has-inline-color has-white-color\">.<\/span><\/p>\n\n\n\n<p><span class=\"has-inline-color has-white-color\">.<\/span><\/p>\n\n\n\n<p><span class=\"has-inline-color has-white-color\">.<\/span><\/p>\n\n\n\n<p><span class=\"has-inline-color has-white-color\">.<\/span><\/p>\n\n\n\n<div class=\"wp-block-image is-style-default\"><figure class=\"alignright size-medium\"><a href=\"https:\/\/www.lirapopular.cl\/lirapopularxix\/wp-content\/uploads\/2021\/11\/LO0012110.jpg\"><img loading=\"lazy\" decoding=\"async\" width=\"208\" height=\"300\" src=\"https:\/\/www.lirapopular.cl\/lirapopularxix\/wp-content\/uploads\/2021\/11\/LO0012110-208x300.jpg\" alt=\"\" class=\"wp-image-26829\" srcset=\"https:\/\/www.lirapopular.cl\/lirapopularxix\/wp-content\/uploads\/2021\/11\/LO0012110-208x300.jpg 208w, https:\/\/www.lirapopular.cl\/lirapopularxix\/wp-content\/uploads\/2021\/11\/LO0012110.jpg 693w\" sizes=\"auto, (max-width: 208px) 100vw, 208px\" \/><\/a><figcaption>Archivo de Literatura Oral<br \/>Fondo Rodolfo Lenz<\/figcaption><\/figure><\/div>\n","protected":false},"excerpt":{"rendered":"<p>Autor: Juan Bautista Peralta. Huemul 34.Impresor: Sin informaci\u00f3nTama\u00f1o: 37,4 x 53,1 cmClasificaci\u00f3n: 400 P426u Caja N\u00b05b c.2 y 400 P426u Caja N\u00b05b c.1, BN C\u00f3digo:&nbsp;LO0012110 Una madre asesina a su propia hija Versos a lo divino Horrible crimen por celos Desaf\u00edo a cualesquier popular Nota: El 1er ejemplar tiene escrito a mano con l\u00e1piz azul [&hellip;]<\/p>\n","protected":false},"author":1,"featured_media":0,"parent":0,"menu_order":0,"comment_status":"closed","ping_status":"closed","template":"","meta":{"footnotes":""},"class_list":["post-21913","page","type-page","status-publish","hentry"],"jetpack_sharing_enabled":true,"_links":{"self":[{"href":"https:\/\/www.lirapopular.cl\/lirapopularxix\/wp-json\/wp\/v2\/pages\/21913","targetHints":{"allow":["GET"]}}],"collection":[{"href":"https:\/\/www.lirapopular.cl\/lirapopularxix\/wp-json\/wp\/v2\/pages"}],"about":[{"href":"https:\/\/www.lirapopular.cl\/lirapopularxix\/wp-json\/wp\/v2\/types\/page"}],"author":[{"embeddable":true,"href":"https:\/\/www.lirapopular.cl\/lirapopularxix\/wp-json\/wp\/v2\/users\/1"}],"replies":[{"embeddable":true,"href":"https:\/\/www.lirapopular.cl\/lirapopularxix\/wp-json\/wp\/v2\/comments?post=21913"}],"version-history":[{"count":0,"href":"https:\/\/www.lirapopular.cl\/lirapopularxix\/wp-json\/wp\/v2\/pages\/21913\/revisions"}],"wp:attachment":[{"href":"https:\/\/www.lirapopular.cl\/lirapopularxix\/wp-json\/wp\/v2\/media?parent=21913"}],"curies":[{"name":"wp","href":"https:\/\/api.w.org\/{rel}","templated":true}]}}