{"id":21895,"date":"2021-08-27T19:02:03","date_gmt":"2021-08-27T23:02:03","guid":{"rendered":"https:\/\/www.lirapopular.cl\/lirapopularxix\/?page_id=21895"},"modified":"2021-08-27T19:02:03","modified_gmt":"2021-08-27T23:02:03","slug":"fuga-de-presos-en-la-penitenciaria","status":"publish","type":"page","link":"https:\/\/www.lirapopular.cl\/lirapopularxix\/fuga-de-presos-en-la-penitenciaria\/","title":{"rendered":"Fuga de presos <br>EN LA PENITENCIARIA <br>MUERTOS I HERIDOS"},"content":{"rendered":"\n<div class=\"wp-block-image\"><figure class=\"alignright size-medium\"><a href=\"http:\/\/https:\/\/www.lirapopular.cl\/lirapopularxix\/wp-content\/uploads\/2021\/08\/399-1.jpg\"><img decoding=\"async\" src=\"http:\/\/https:\/\/www.lirapopular.cl\/lirapopularxix\/wp-content\/uploads\/2021\/08\/399-1-216x300.jpg\" alt=\"\" class=\"wp-image-21898\"\/><\/a><figcaption>Colecci\u00f3n Lira Popular de la<br \/>Universidad de Chile<\/figcaption><\/figure><\/div>\n\n\n\n<p>Autor: Juan Bautista Peralta. Galvez 120.<br \/>Impresor: Sin informaci\u00f3n<br \/>Tama\u00f1o: 37 x 52,2 cm<br \/>Clasificaci\u00f3n: 399 P426p Caja N\u00b05b, BN C\u00f3digo:\u00a0LO0012115<\/p>\n\n\n\n<ul class=\"wp-block-list\"><li><a href=\"https:\/\/www.lirapopular.cl\/lirapopularxix\/2021\/08\/29\/fuga-de-presos-en-lapenitenciariamuertos-i-heridos\/\">Fuga de presos en la penitenciaria. Muertos y heridos<\/a><\/li><li><a href=\"https:\/\/www.lirapopular.cl\/lirapopularxix\/2021\/08\/29\/redondilla\/\">Redondilla<\/a><\/li><li><a href=\"https:\/\/www.lirapopular.cl\/lirapopularxix\/2021\/08\/29\/destruccionde-la-jerusalenvespasiano-i-tito\/\">Destrucci\u00f3n de la Jerusal\u00e9n. Vespasiano y Tito<\/a><\/li><li><a href=\"https:\/\/www.lirapopular.cl\/lirapopularxix\/2021\/08\/29\/contrapunte-de-una-madre-con-la-hijaen-vispera-de-casarse\/\">Contrapunte de una madre con la hija en v\u00edsperas de casarse.<\/a><\/li><\/ul>\n\n\n\n<p>Nota: Hay versi\u00f3n similar con un verso menos, <a href=\"https:\/\/www.lirapopular.cl\/lirapopularxix\/fuga-de-presos-en-la-penitenciaria-2\/\">ver<\/a>.<br \/>El 1er ejemplar tiene escrito a mano con l\u00e1piz rojo \u201c399\u201d.<br \/>El 2\u00ba ejemplar tiene escrito a mano con l\u00e1piz rojo \u201c-23-\u201d, con l\u00e1piz grafito &#8220;29&#8221; y con un timbre &#8220;423&#8221;.<br \/>Documentos optimizados digitalmente.<\/p>\n\n\n\n<p><span class=\"has-inline-color has-white-color\">.<\/span><\/p>\n\n\n\n<div class=\"wp-block-image\"><figure class=\"alignright size-medium\"><a href=\"https:\/\/www.lirapopular.cl\/lirapopularxix\/wp-content\/uploads\/2021\/11\/LO0012115.jpg\"><img loading=\"lazy\" decoding=\"async\" width=\"210\" height=\"300\" src=\"https:\/\/www.lirapopular.cl\/lirapopularxix\/wp-content\/uploads\/2021\/11\/LO0012115-210x300.jpg\" alt=\"\" class=\"wp-image-25977\" srcset=\"https:\/\/www.lirapopular.cl\/lirapopularxix\/wp-content\/uploads\/2021\/11\/LO0012115-210x300.jpg 210w, https:\/\/www.lirapopular.cl\/lirapopularxix\/wp-content\/uploads\/2021\/11\/LO0012115.jpg 700w\" sizes=\"auto, (max-width: 210px) 100vw, 210px\" \/><\/a><figcaption>Archivo de Literatura Oral<br \/>Fondo Rodolfo Lenz<\/figcaption><\/figure><\/div>\n","protected":false},"excerpt":{"rendered":"<p>Autor: Juan Bautista Peralta. Galvez 120.Impresor: Sin informaci\u00f3nTama\u00f1o: 37 x 52,2 cmClasificaci\u00f3n: 399 P426p Caja N\u00b05b, BN C\u00f3digo:\u00a0LO0012115 Fuga de presos en la penitenciaria. Muertos y heridos Redondilla Destrucci\u00f3n de la Jerusal\u00e9n. Vespasiano y Tito Contrapunte de una madre con la hija en v\u00edsperas de casarse. Nota: Hay versi\u00f3n similar con un verso menos, ver.El [&hellip;]<\/p>\n","protected":false},"author":1,"featured_media":0,"parent":0,"menu_order":0,"comment_status":"closed","ping_status":"closed","template":"","meta":{"footnotes":""},"class_list":["post-21895","page","type-page","status-publish","hentry"],"jetpack_sharing_enabled":true,"_links":{"self":[{"href":"https:\/\/www.lirapopular.cl\/lirapopularxix\/wp-json\/wp\/v2\/pages\/21895","targetHints":{"allow":["GET"]}}],"collection":[{"href":"https:\/\/www.lirapopular.cl\/lirapopularxix\/wp-json\/wp\/v2\/pages"}],"about":[{"href":"https:\/\/www.lirapopular.cl\/lirapopularxix\/wp-json\/wp\/v2\/types\/page"}],"author":[{"embeddable":true,"href":"https:\/\/www.lirapopular.cl\/lirapopularxix\/wp-json\/wp\/v2\/users\/1"}],"replies":[{"embeddable":true,"href":"https:\/\/www.lirapopular.cl\/lirapopularxix\/wp-json\/wp\/v2\/comments?post=21895"}],"version-history":[{"count":0,"href":"https:\/\/www.lirapopular.cl\/lirapopularxix\/wp-json\/wp\/v2\/pages\/21895\/revisions"}],"wp:attachment":[{"href":"https:\/\/www.lirapopular.cl\/lirapopularxix\/wp-json\/wp\/v2\/media?parent=21895"}],"curies":[{"name":"wp","href":"https:\/\/api.w.org\/{rel}","templated":true}]}}