{"id":21806,"date":"2021-08-24T17:04:35","date_gmt":"2021-08-24T21:04:35","guid":{"rendered":"https:\/\/www.lirapopular.cl\/lirapopularxix\/?page_id=21806"},"modified":"2021-08-24T17:04:35","modified_gmt":"2021-08-24T21:04:35","slug":"la-guerra-entre-chile-i-la-argentina","status":"publish","type":"page","link":"https:\/\/www.lirapopular.cl\/lirapopularxix\/la-guerra-entre-chile-i-la-argentina\/","title":{"rendered":"La Guerra entre Chile i la Arjentina <br>Proclamada por los Cuyanos"},"content":{"rendered":"\n<div class=\"wp-block-image\"><figure class=\"alignright size-medium\"><a href=\"http:\/\/https:\/\/www.lirapopular.cl\/lirapopularxix\/wp-content\/uploads\/2021\/08\/395-1.jpg\"><img decoding=\"async\" src=\"http:\/\/https:\/\/www.lirapopular.cl\/lirapopularxix\/wp-content\/uploads\/2021\/08\/395-1-215x300.jpg\" alt=\"\" class=\"wp-image-21809\"\/><\/a><figcaption>Colecci\u00f3n Lira Popular de la<br \/>Universidad de Chile<\/figcaption><\/figure><\/div>\n\n\n\n<p>Autor: Juan Bautista Peralta. Huemul 34.<br \/>Impresor: Imp. Albi\u00f3n, S. Diego, <br \/>Tama\u00f1o: 37 x 53,2 cm<br \/>Clasificaci\u00f3n: 395 P426g Caja N\u00b05b, BN C\u00f3digo:&nbsp;LO0012450, BN C\u00f3digo:&nbsp;LO0012117<\/p>\n\n\n\n<ul class=\"wp-block-list\"><li><a href=\"https:\/\/www.lirapopular.cl\/lirapopularxix\/2021\/08\/24\/el-conflito-chileno-arjentinola-guerra-proxima\/\">El conflicto chileno-argentino. La guerra pr\u00f3xima<\/a><\/li><li><a href=\"https:\/\/www.lirapopular.cl\/lirapopularxix\/2021\/08\/25\/la-emigracion-de-chilenos\/\">La emigraci\u00f3n de los chilenos en la Argentina. Vuelven nuestros hermanos en busca de la madre patria<\/a><\/li><li><a href=\"https:\/\/www.lirapopular.cl\/lirapopularxix\/2021\/08\/25\/perdon-del-reo-acostasus-quejas-antes-de-morir\/\">Perd\u00f3n del reo Acosta? Sus quejas antes de morir<\/a><\/li><li><a href=\"https:\/\/www.lirapopular.cl\/lirapopularxix\/2021\/08\/25\/cuadrillazo-internacional\/\">Cuadrillazo internacional<\/a><\/li><li><a href=\"https:\/\/www.lirapopular.cl\/lirapopularxix\/2021\/08\/25\/modo-de-hacer-la-unionpara-librarnos-de-los-abusosde-la-aristocracia\/\">Modo de hacer la uni\u00f3n para librarnos de los abusos de la aristocracia<\/a><\/li><li><a href=\"https:\/\/www.lirapopular.cl\/lirapopularxix\/2021\/08\/25\/buenas-cualidadesde-los-marinos-arjentinos\/\">Buenas cualidades de los marinos argentinos.<\/a><\/li><\/ul>\n\n\n\n<p>Nota: El 1er ejemplar tiene escrito a mano con l\u00e1piz rojo \u201c395\u201d.<br \/>El 2\u00ba ejemplar tiene escrito a mano con plum\u00f3n \u201c124\u201d y texto indefinido con l\u00e1piz azul.<br \/>El 3er ejemplar tiene escrito a mano con l\u00e1piz rojo \u201c-25-\u201d , con grafito &#8220;17&#8221; y con un timbre &#8220;0256&#8221;.<br \/>Documentos optimizados digitalmente.<\/p>\n\n\n\n<p><span class=\"has-inline-color has-white-color\">.<\/span><\/p>\n\n\n\n<div class=\"wp-block-image\"><figure class=\"alignright size-medium\"><a href=\"https:\/\/www.lirapopular.cl\/lirapopularxix\/wp-content\/uploads\/2021\/09\/LO0012450.jpg\"><img decoding=\"async\" src=\"https:\/\/www.lirapopular.cl\/lirapopularxix\/wp-content\/uploads\/2021\/09\/LO0012450-214x300.jpg\" alt=\"\" class=\"wp-image-23637\"\/><\/a><figcaption>Archivo de Literatura Oral<br \/>Colecci\u00f3n Alamiro de \u00c1vila<\/figcaption><\/figure><\/div>\n\n\n\n<p><span class=\"has-inline-color has-white-color\">.<\/span><\/p>\n\n\n\n<p><span class=\"has-inline-color has-white-color\">.<\/span><\/p>\n\n\n\n<p><span class=\"has-inline-color has-white-color\">.<\/span><\/p>\n\n\n\n<p><span class=\"has-inline-color has-white-color\">.<\/span><\/p>\n\n\n\n<p><span class=\"has-inline-color has-white-color\">.<\/span><\/p>\n\n\n\n<p><span class=\"has-inline-color has-white-color\">.<\/span><\/p>\n\n\n\n<p><span class=\"has-inline-color has-white-color\">.<\/span><\/p>\n\n\n\n<p><span class=\"has-inline-color has-white-color\">.<\/span><\/p>\n\n\n\n<p><span class=\"has-inline-color has-white-color\">.<\/span><\/p>\n\n\n\n<p><span class=\"has-inline-color has-white-color\">.<\/span><\/p>\n\n\n\n<div class=\"wp-block-image is-style-default\"><figure class=\"alignright size-medium\"><a href=\"https:\/\/www.lirapopular.cl\/lirapopularxix\/wp-content\/uploads\/2021\/11\/LO0012117.jpg\"><img loading=\"lazy\" decoding=\"async\" width=\"209\" height=\"300\" src=\"https:\/\/www.lirapopular.cl\/lirapopularxix\/wp-content\/uploads\/2021\/11\/LO0012117-209x300.jpg\" alt=\"\" class=\"wp-image-26225\" srcset=\"https:\/\/www.lirapopular.cl\/lirapopularxix\/wp-content\/uploads\/2021\/11\/LO0012117-209x300.jpg 209w, https:\/\/www.lirapopular.cl\/lirapopularxix\/wp-content\/uploads\/2021\/11\/LO0012117.jpg 695w\" sizes=\"auto, (max-width: 209px) 100vw, 209px\" \/><\/a><figcaption>Archivo de Literatura Oral<br \/>Fondo Rodolfo Lenz<\/figcaption><\/figure><\/div>\n","protected":false},"excerpt":{"rendered":"<p>Autor: Juan Bautista Peralta. Huemul 34.Impresor: Imp. Albi\u00f3n, S. Diego, Tama\u00f1o: 37 x 53,2 cmClasificaci\u00f3n: 395 P426g Caja N\u00b05b, BN C\u00f3digo:&nbsp;LO0012450, BN C\u00f3digo:&nbsp;LO0012117 El conflicto chileno-argentino. La guerra pr\u00f3xima La emigraci\u00f3n de los chilenos en la Argentina. Vuelven nuestros hermanos en busca de la madre patria Perd\u00f3n del reo Acosta? Sus quejas antes de morir [&hellip;]<\/p>\n","protected":false},"author":1,"featured_media":0,"parent":0,"menu_order":0,"comment_status":"closed","ping_status":"closed","template":"","meta":{"footnotes":""},"class_list":["post-21806","page","type-page","status-publish","hentry"],"jetpack_sharing_enabled":true,"_links":{"self":[{"href":"https:\/\/www.lirapopular.cl\/lirapopularxix\/wp-json\/wp\/v2\/pages\/21806","targetHints":{"allow":["GET"]}}],"collection":[{"href":"https:\/\/www.lirapopular.cl\/lirapopularxix\/wp-json\/wp\/v2\/pages"}],"about":[{"href":"https:\/\/www.lirapopular.cl\/lirapopularxix\/wp-json\/wp\/v2\/types\/page"}],"author":[{"embeddable":true,"href":"https:\/\/www.lirapopular.cl\/lirapopularxix\/wp-json\/wp\/v2\/users\/1"}],"replies":[{"embeddable":true,"href":"https:\/\/www.lirapopular.cl\/lirapopularxix\/wp-json\/wp\/v2\/comments?post=21806"}],"version-history":[{"count":0,"href":"https:\/\/www.lirapopular.cl\/lirapopularxix\/wp-json\/wp\/v2\/pages\/21806\/revisions"}],"wp:attachment":[{"href":"https:\/\/www.lirapopular.cl\/lirapopularxix\/wp-json\/wp\/v2\/media?parent=21806"}],"curies":[{"name":"wp","href":"https:\/\/api.w.org\/{rel}","templated":true}]}}