{"id":21753,"date":"2021-08-24T10:23:54","date_gmt":"2021-08-24T14:23:54","guid":{"rendered":"https:\/\/www.lirapopular.cl\/lirapopularxix\/?page_id=21753"},"modified":"2021-08-24T10:23:54","modified_gmt":"2021-08-24T14:23:54","slug":"triunfo-de-don-federico-errazuriz-2","status":"publish","type":"page","link":"https:\/\/www.lirapopular.cl\/lirapopularxix\/triunfo-de-don-federico-errazuriz-2\/","title":{"rendered":"TRIUNFO DE DON FEDERICO ERR\u00c1ZURIZ"},"content":{"rendered":"\n<div class=\"wp-block-image\"><figure class=\"alignright size-medium\"><a href=\"https:\/\/www.lirapopular.cl\/lirapopularxix\/wp-content\/uploads\/2021\/08\/21b.jpg\"><img loading=\"lazy\" decoding=\"async\" width=\"216\" height=\"300\" src=\"https:\/\/www.lirapopular.cl\/lirapopularxix\/wp-content\/uploads\/2021\/08\/21b-216x300.jpg\" alt=\"\" class=\"wp-image-21754\" srcset=\"https:\/\/www.lirapopular.cl\/lirapopularxix\/wp-content\/uploads\/2021\/08\/21b-216x300.jpg 216w, https:\/\/www.lirapopular.cl\/lirapopularxix\/wp-content\/uploads\/2021\/08\/21b.jpg 719w\" sizes=\"auto, (max-width: 216px) 100vw, 216px\" \/><\/a><figcaption>Colecci\u00f3n Lira Popular de la<br \/>Universidad de Chile<\/figcaption><\/figure><\/div>\n\n\n\n<p>Autor: Juan Bautista Peralta, Huemul 34.<br \/>Impresor: Sin informaci\u00f3n<br \/>Tama\u00f1o: 38,5 x 55,5 cm<br \/>Clasificaci\u00f3n: 880 P426t y 394 P426t Caja N\u00b05b<\/p>\n\n\n\n<ul class=\"wp-block-list\"><li><a href=\"https:\/\/www.lirapopular.cl\/lirapopularxix\/2021\/08\/24\/triunfo-del-candidato-a-la-presidencia\/\">Triunfo del candidato a la presidencia don Federico Err\u00e1zuriz, sus promesas al pueblo<\/a><\/li><li><a href=\"https:\/\/www.lirapopular.cl\/lirapopularxix\/2021\/08\/24\/un-parricidioen-la-estacion-de-calera-unhijo-da-muerte-a-su-padrecasualmente\/\">Un parricidio en la estaci\u00f3n de Calera, un hijo da muerte a su padre casualmente<\/a><\/li><li><a href=\"https:\/\/www.lirapopular.cl\/lirapopularxix\/2021\/08\/24\/tregua-a-las-cuestionesdebatidas-entre-chilei-la-arjentina\/\">Tregua a la cuestiones debatidas entre Chile y la Argentina<\/a><\/li><li><a href=\"https:\/\/www.lirapopular.cl\/lirapopularxix\/2021\/08\/24\/los-monopolios-odiososen-chile\/\">Los monopolios odiosos en Chile<\/a><\/li><li><a href=\"https:\/\/www.lirapopular.cl\/lirapopularxix\/2021\/08\/24\/celos-con-razon\/\">Celos con raz\u00f3n<\/a><\/li><li><a href=\"https:\/\/www.lirapopular.cl\/lirapopularxix\/2021\/08\/24\/trasformacionde-santiago-por-la-ciudaddeleitosa\/\">Transformaci\u00f3n de Santiago por la ciudad deleitosa<\/a><\/li><\/ul>\n\n\n\n<p>Nota: El 1er ejemplar tiene escrito a mano con l\u00e1piz azul \u201c21\u201d.<br \/>El 2\u00ba ejemplar tiene escrito a mano con l\u00e1piz rojo \u201c394\u201d.<br \/>Documentos optimizados digitalmente.<\/p>\n\n\n\n<p><span class=\"has-inline-color has-white-color\">.<\/span><\/p>\n\n\n\n<div class=\"wp-block-image\"><figure class=\"alignright size-medium\"><a href=\"http:\/\/https:\/\/www.lirapopular.cl\/lirapopularxix\/wp-content\/uploads\/2021\/08\/394b-1.jpg\"><img decoding=\"async\" src=\"http:\/\/https:\/\/www.lirapopular.cl\/lirapopularxix\/wp-content\/uploads\/2021\/08\/394b-1-220x300.jpg\" alt=\"\" class=\"wp-image-21755\"\/><\/a><figcaption>Colecci\u00f3n Lira Popular de la<br \/>Universidad de Chile<\/figcaption><\/figure><\/div>\n","protected":false},"excerpt":{"rendered":"<p>Autor: Juan Bautista Peralta, Huemul 34.Impresor: Sin informaci\u00f3nTama\u00f1o: 38,5 x 55,5 cmClasificaci\u00f3n: 880 P426t y 394 P426t Caja N\u00b05b Triunfo del candidato a la presidencia don Federico Err\u00e1zuriz, sus promesas al pueblo Un parricidio en la estaci\u00f3n de Calera, un hijo da muerte a su padre casualmente Tregua a la cuestiones debatidas entre Chile y [&hellip;]<\/p>\n","protected":false},"author":1,"featured_media":0,"parent":0,"menu_order":0,"comment_status":"closed","ping_status":"closed","template":"","meta":{"footnotes":""},"class_list":["post-21753","page","type-page","status-publish","hentry"],"jetpack_sharing_enabled":true,"_links":{"self":[{"href":"https:\/\/www.lirapopular.cl\/lirapopularxix\/wp-json\/wp\/v2\/pages\/21753","targetHints":{"allow":["GET"]}}],"collection":[{"href":"https:\/\/www.lirapopular.cl\/lirapopularxix\/wp-json\/wp\/v2\/pages"}],"about":[{"href":"https:\/\/www.lirapopular.cl\/lirapopularxix\/wp-json\/wp\/v2\/types\/page"}],"author":[{"embeddable":true,"href":"https:\/\/www.lirapopular.cl\/lirapopularxix\/wp-json\/wp\/v2\/users\/1"}],"replies":[{"embeddable":true,"href":"https:\/\/www.lirapopular.cl\/lirapopularxix\/wp-json\/wp\/v2\/comments?post=21753"}],"version-history":[{"count":0,"href":"https:\/\/www.lirapopular.cl\/lirapopularxix\/wp-json\/wp\/v2\/pages\/21753\/revisions"}],"wp:attachment":[{"href":"https:\/\/www.lirapopular.cl\/lirapopularxix\/wp-json\/wp\/v2\/media?parent=21753"}],"curies":[{"name":"wp","href":"https:\/\/api.w.org\/{rel}","templated":true}]}}