{"id":21734,"date":"2021-08-23T20:40:45","date_gmt":"2021-08-24T00:40:45","guid":{"rendered":"https:\/\/www.lirapopular.cl\/lirapopularxix\/?page_id=21734"},"modified":"2021-08-23T20:40:45","modified_gmt":"2021-08-24T00:40:45","slug":"proclamacion-del-nuevo-presidente","status":"publish","type":"page","link":"https:\/\/www.lirapopular.cl\/lirapopularxix\/proclamacion-del-nuevo-presidente\/","title":{"rendered":"PROCLAMACION DEL NUEVO PRESIDENTE DE LA REPUBLICA <br>TRIUNFO DE LA ALIANZA LIBERAL CONSERVADORA"},"content":{"rendered":"\n<div class=\"wp-block-image\"><figure class=\"alignright size-medium\"><a href=\"http:\/\/https:\/\/www.lirapopular.cl\/lirapopularxix\/wp-content\/uploads\/2021\/08\/393-1.jpg\"><img decoding=\"async\" src=\"http:\/\/https:\/\/www.lirapopular.cl\/lirapopularxix\/wp-content\/uploads\/2021\/08\/393-1-217x300.jpg\" alt=\"\" class=\"wp-image-21737\"\/><\/a><figcaption>Colecci\u00f3n Lira Popular de la<br \/>Universidad de Chile<\/figcaption><\/figure><\/div>\n\n\n\n<p>Autor: Juan Bautista Peralta\u2013 Calle Huemul 34.<br \/>Impresor: 18,103\u2013 Imp. C.<br \/>Tama\u00f1o: 37,2 x 53,5 cm<br \/>Clasificaci\u00f3n: 393 P426p Caja N\u00b05b, BN C\u00f3digo:\u00a0LO0012111<\/p>\n\n\n\n<ul class=\"wp-block-list\"><li><a href=\"https:\/\/www.lirapopular.cl\/lirapopularxix\/2021\/08\/24\/la-proclamacion-del-nuevo-presidente\/\">Proclamaci\u00f3n del nuevo presidente. El triunfo de la alianza liberal conservadora<\/a><\/li><li><a href=\"https:\/\/www.lirapopular.cl\/lirapopularxix\/2021\/08\/24\/triunfo-de-don-federicoerrazuriz-2\/\">Triunfo de don Federico Err\u00e1zuriz<\/a><\/li><li><a href=\"https:\/\/www.lirapopular.cl\/lirapopularxix\/2021\/08\/24\/las-promesas-del-nuevopresidente-2\/\">Las promesas del nuevo presidente<\/a><\/li><li><a href=\"https:\/\/www.lirapopular.cl\/lirapopularxix\/2021\/08\/24\/sobre-el-pillaje-ensantiago-2\/\">Sobre el pillaje en Santiago<\/a><\/li><li><a href=\"https:\/\/www.lirapopular.cl\/lirapopularxix\/2021\/08\/24\/la-conversion-de-mariamagdalena-2\/\">La conversi\u00f3n de Mar\u00eda Magdalena<\/a><\/li><\/ul>\n\n\n\n<p>Nota: El 1er ejemplar tiene escrito a mano con l\u00e1piz rojo \u201c393\u201d.<br \/>El 2\u00ba ejemplar tiene escrito a mano con l\u00e1piz azul \u201c-19-\u201d con grafito &#8220;Hern D Lenz D R Pohlmeary&#8221;, &#8220;20&#8221; y con un timbre &#8220;356&#8221;.<br \/>Documentos optimizados digitalmente.<\/p>\n\n\n\n<div class=\"wp-block-image is-style-default\"><figure class=\"alignright size-medium\"><a href=\"https:\/\/www.lirapopular.cl\/lirapopularxix\/wp-content\/uploads\/2021\/11\/LO0012111.jpg\"><img loading=\"lazy\" decoding=\"async\" width=\"206\" height=\"300\" src=\"https:\/\/www.lirapopular.cl\/lirapopularxix\/wp-content\/uploads\/2021\/11\/LO0012111-206x300.jpg\" alt=\"\" class=\"wp-image-26767\" srcset=\"https:\/\/www.lirapopular.cl\/lirapopularxix\/wp-content\/uploads\/2021\/11\/LO0012111-206x300.jpg 206w, https:\/\/www.lirapopular.cl\/lirapopularxix\/wp-content\/uploads\/2021\/11\/LO0012111.jpg 687w\" sizes=\"auto, (max-width: 206px) 100vw, 206px\" \/><\/a><figcaption>Archivo de Literatura Oral<br \/>Fondo Rodolfo Lenz<\/figcaption><\/figure><\/div>\n","protected":false},"excerpt":{"rendered":"<p>Autor: Juan Bautista Peralta\u2013 Calle Huemul 34.Impresor: 18,103\u2013 Imp. C.Tama\u00f1o: 37,2 x 53,5 cmClasificaci\u00f3n: 393 P426p Caja N\u00b05b, BN C\u00f3digo:\u00a0LO0012111 Proclamaci\u00f3n del nuevo presidente. El triunfo de la alianza liberal conservadora Triunfo de don Federico Err\u00e1zuriz Las promesas del nuevo presidente Sobre el pillaje en Santiago La conversi\u00f3n de Mar\u00eda Magdalena Nota: El 1er ejemplar [&hellip;]<\/p>\n","protected":false},"author":1,"featured_media":0,"parent":0,"menu_order":0,"comment_status":"closed","ping_status":"closed","template":"","meta":{"footnotes":""},"class_list":["post-21734","page","type-page","status-publish","hentry"],"jetpack_sharing_enabled":true,"_links":{"self":[{"href":"https:\/\/www.lirapopular.cl\/lirapopularxix\/wp-json\/wp\/v2\/pages\/21734","targetHints":{"allow":["GET"]}}],"collection":[{"href":"https:\/\/www.lirapopular.cl\/lirapopularxix\/wp-json\/wp\/v2\/pages"}],"about":[{"href":"https:\/\/www.lirapopular.cl\/lirapopularxix\/wp-json\/wp\/v2\/types\/page"}],"author":[{"embeddable":true,"href":"https:\/\/www.lirapopular.cl\/lirapopularxix\/wp-json\/wp\/v2\/users\/1"}],"replies":[{"embeddable":true,"href":"https:\/\/www.lirapopular.cl\/lirapopularxix\/wp-json\/wp\/v2\/comments?post=21734"}],"version-history":[{"count":0,"href":"https:\/\/www.lirapopular.cl\/lirapopularxix\/wp-json\/wp\/v2\/pages\/21734\/revisions"}],"wp:attachment":[{"href":"https:\/\/www.lirapopular.cl\/lirapopularxix\/wp-json\/wp\/v2\/media?parent=21734"}],"curies":[{"name":"wp","href":"https:\/\/api.w.org\/{rel}","templated":true}]}}