{"id":21698,"date":"2021-08-23T17:54:50","date_gmt":"2021-08-23T21:54:50","guid":{"rendered":"https:\/\/www.lirapopular.cl\/lirapopularxix\/?page_id=21698"},"modified":"2021-08-23T17:54:50","modified_gmt":"2021-08-23T21:54:50","slug":"detalles-sobre-el-sangriento-drama","status":"publish","type":"page","link":"https:\/\/www.lirapopular.cl\/lirapopularxix\/detalles-sobre-el-sangriento-drama\/","title":{"rendered":"Detalles sobre el sangriento drama del Hospital de San Borja"},"content":{"rendered":"\n<div class=\"wp-block-image\"><figure class=\"alignright size-medium\"><a href=\"http:\/\/https:\/\/www.lirapopular.cl\/lirapopularxix\/wp-content\/uploads\/2021\/08\/391-1.jpg\"><img decoding=\"async\" src=\"http:\/\/https:\/\/www.lirapopular.cl\/lirapopularxix\/wp-content\/uploads\/2021\/08\/391-1-220x300.jpg\" alt=\"\" class=\"wp-image-21701\"\/><\/a><figcaption>Colecci\u00f3n Lira Popular de la<br \/>Universidad de Chile<\/figcaption><\/figure><\/div>\n\n\n\n<p>Autor: Juan Bautista Peralta.\u2013 Calle Huemul, 34.<br \/>Impresor: 18,328\u2013 Imp. C.<br \/>Tama\u00f1o: 37 x 52,8 cm<br \/>Clasificaci\u00f3n: 391 P426d Caja N\u00b05b, BN C\u00f3digo: LO0012456<\/p>\n\n\n\n<ul class=\"wp-block-list\"><li><a href=\"https:\/\/www.lirapopular.cl\/lirapopularxix\/2021\/08\/23\/el-sangriento-dramadel-hospital-de-san-borja\/\">Detalles sobre el sangriento drama del hospital de San Borja<\/a><\/li><li><a href=\"https:\/\/www.lirapopular.cl\/lirapopularxix\/2021\/08\/23\/en-conmemoracionde-los-fieles-difuntos\/\">En conmemoraci\u00f3n de los fieles difuntos<\/a><\/li><li><a href=\"https:\/\/www.lirapopular.cl\/lirapopularxix\/2021\/08\/23\/contrapuntode-una-madre-con-la-hija-envispera-de-casarse\/\">Contrapunto de una madre con la hija en v\u00edspera de casarse<\/a><\/li><li><a href=\"https:\/\/www.lirapopular.cl\/lirapopularxix\/2021\/08\/23\/tonadas-para-las-ninas-2\/\">Tonadas para las ni\u00f1as<\/a><\/li><\/ul>\n\n\n\n<p>Nota: El 1er ejemplar tiene escrito a mano con l\u00e1piz rojo \u201c391\u201d.<br \/>El 2\u00ba ejemplar tiene escrito a mano con l\u00e1piz azul \u201c8\u201d y con plum\u00f3n &#8220;130&#8221;.<br \/>Documentos optimizados digitalmente.<\/p>\n\n\n\n<p><span class=\"has-inline-color has-white-color\">.<\/span><\/p>\n\n\n\n<p><span class=\"has-inline-color has-white-color\">.<\/span><\/p>\n\n\n\n<div class=\"wp-block-image\"><figure class=\"alignright size-medium\"><a href=\"https:\/\/www.lirapopular.cl\/lirapopularxix\/wp-content\/uploads\/2021\/09\/LO0012456.jpg\"><img decoding=\"async\" src=\"https:\/\/www.lirapopular.cl\/lirapopularxix\/wp-content\/uploads\/2021\/09\/LO0012456-211x300.jpg\" alt=\"\" class=\"wp-image-23015\"\/><\/a><figcaption>Archivo de Literatura Oral<br \/>Colecci\u00f3n Alamiro de \u00c1vila<\/figcaption><\/figure><\/div>\n","protected":false},"excerpt":{"rendered":"<p>Autor: Juan Bautista Peralta.\u2013 Calle Huemul, 34.Impresor: 18,328\u2013 Imp. C.Tama\u00f1o: 37 x 52,8 cmClasificaci\u00f3n: 391 P426d Caja N\u00b05b, BN C\u00f3digo: LO0012456 Detalles sobre el sangriento drama del hospital de San Borja En conmemoraci\u00f3n de los fieles difuntos Contrapunto de una madre con la hija en v\u00edspera de casarse Tonadas para las ni\u00f1as Nota: El 1er [&hellip;]<\/p>\n","protected":false},"author":1,"featured_media":0,"parent":0,"menu_order":0,"comment_status":"closed","ping_status":"closed","template":"","meta":{"footnotes":""},"class_list":["post-21698","page","type-page","status-publish","hentry"],"jetpack_sharing_enabled":true,"_links":{"self":[{"href":"https:\/\/www.lirapopular.cl\/lirapopularxix\/wp-json\/wp\/v2\/pages\/21698","targetHints":{"allow":["GET"]}}],"collection":[{"href":"https:\/\/www.lirapopular.cl\/lirapopularxix\/wp-json\/wp\/v2\/pages"}],"about":[{"href":"https:\/\/www.lirapopular.cl\/lirapopularxix\/wp-json\/wp\/v2\/types\/page"}],"author":[{"embeddable":true,"href":"https:\/\/www.lirapopular.cl\/lirapopularxix\/wp-json\/wp\/v2\/users\/1"}],"replies":[{"embeddable":true,"href":"https:\/\/www.lirapopular.cl\/lirapopularxix\/wp-json\/wp\/v2\/comments?post=21698"}],"version-history":[{"count":0,"href":"https:\/\/www.lirapopular.cl\/lirapopularxix\/wp-json\/wp\/v2\/pages\/21698\/revisions"}],"wp:attachment":[{"href":"https:\/\/www.lirapopular.cl\/lirapopularxix\/wp-json\/wp\/v2\/media?parent=21698"}],"curies":[{"name":"wp","href":"https:\/\/api.w.org\/{rel}","templated":true}]}}