{"id":2168,"date":"2019-08-02T23:35:08","date_gmt":"2019-08-03T03:35:08","guid":{"rendered":"https:\/\/www.lirapopular.cl\/lirapopularxix\/?page_id=2168"},"modified":"2019-08-02T23:35:08","modified_gmt":"2019-08-03T03:35:08","slug":"el-gran-crimen-de-la-alameda-gran-salteo-en-una-panaderia","status":"publish","type":"page","link":"https:\/\/www.lirapopular.cl\/lirapopularxix\/el-gran-crimen-de-la-alameda-gran-salteo-en-una-panaderia\/","title":{"rendered":"El gran cr\u00edmen de la Alameda <br>GRAN SALTEO EN UNA PANADERIA"},"content":{"rendered":"\n<div class=\"wp-block-image\"><figure class=\"alignright\"><a href=\"https:\/\/www.lirapopular.cl\/lirapopularxix\/wp-content\/uploads\/2019\/08\/553.jpg\"><img loading=\"lazy\" decoding=\"async\" width=\"216\" height=\"300\" src=\"https:\/\/www.lirapopular.cl\/lirapopularxix\/wp-content\/uploads\/2019\/08\/553-216x300.jpg\" alt=\"\" class=\"wp-image-2169\" srcset=\"https:\/\/www.lirapopular.cl\/lirapopularxix\/wp-content\/uploads\/2019\/08\/553-216x300.jpg 216w, https:\/\/www.lirapopular.cl\/lirapopularxix\/wp-content\/uploads\/2019\/08\/553.jpg 720w\" sizes=\"auto, (max-width: 216px) 100vw, 216px\" \/><\/a><figcaption>Colecci\u00f3n Lira Popular de la Universidad de Chile<\/figcaption><\/figure><\/div>\n\n\n\n<p>Autor: Rosa Aravena<br>Impresor: Sin informaci\u00f3n<br>Tama\u00f1o: 52,8 x 37,2 cm<br>Clasificaci\u00f3n: 553 A663g Caja N\u00b010a<\/p>\n\n\n\n<ul class=\"wp-block-list\"><li><a href=\"https:\/\/www.lirapopular.cl\/lirapopularxix\/2019\/08\/02\/gran-salteo-i-asesinato-en-una-panaderia-de-la-alameda\/\">Gran salteo y asesinato en una panaderia de la Alameda<\/a><\/li><li><a href=\"https:\/\/www.lirapopular.cl\/lirapopularxix\/2019\/08\/02\/los-banquetes-al-presidente-errazuriz\/\">Los banquetes al presidente Err\u00e1zuriz<\/a><\/li><li><a href=\"https:\/\/www.lirapopular.cl\/lirapopularxix\/2019\/08\/02\/defensa-de-la-mujer\/\">Defensa de la mujer<\/a><\/li><li><a href=\"https:\/\/www.lirapopular.cl\/lirapopularxix\/2019\/08\/02\/la-doctrina-verdadera\/\">La doctrina verdadera<\/a><\/li><li><a href=\"https:\/\/www.lirapopular.cl\/lirapopularxix\/2019\/08\/02\/adioses-de-anjelito\/\">Adioses de angelito<\/a><\/li><li><a href=\"https:\/\/www.lirapopular.cl\/lirapopularxix\/2019\/08\/02\/el-guardian-que-aoroco-ala-querida\/\">El guardi\u00e1n que ahorc\u00f3 a la querida<\/a><\/li><\/ul>\n\n\n\n<p>Nota: Este ejemplar tiene escrito a mano con l\u00e1piz rojo \u201c553\u201d<\/p>\n\n\n\n<p>Texto manuscrito: <br>&#8220;Jerusalen Lalhis<br>Hebron Eylan<br>Perimoth&#8221;<\/p>\n","protected":false},"excerpt":{"rendered":"<p>Autor: Rosa AravenaImpresor: Sin informaci\u00f3nTama\u00f1o: 52,8 x 37,2 cmClasificaci\u00f3n: 553 A663g Caja N\u00b010a Gran salteo y asesinato en una panaderia de la Alameda Los banquetes al presidente Err\u00e1zuriz Defensa de la mujer La doctrina verdadera Adioses de angelito El guardi\u00e1n que ahorc\u00f3 a la querida Nota: Este ejemplar tiene escrito a mano con l\u00e1piz rojo [&hellip;]<\/p>\n","protected":false},"author":1,"featured_media":0,"parent":0,"menu_order":0,"comment_status":"closed","ping_status":"closed","template":"","meta":{"footnotes":""},"class_list":["post-2168","page","type-page","status-publish","hentry"],"jetpack_sharing_enabled":true,"_links":{"self":[{"href":"https:\/\/www.lirapopular.cl\/lirapopularxix\/wp-json\/wp\/v2\/pages\/2168","targetHints":{"allow":["GET"]}}],"collection":[{"href":"https:\/\/www.lirapopular.cl\/lirapopularxix\/wp-json\/wp\/v2\/pages"}],"about":[{"href":"https:\/\/www.lirapopular.cl\/lirapopularxix\/wp-json\/wp\/v2\/types\/page"}],"author":[{"embeddable":true,"href":"https:\/\/www.lirapopular.cl\/lirapopularxix\/wp-json\/wp\/v2\/users\/1"}],"replies":[{"embeddable":true,"href":"https:\/\/www.lirapopular.cl\/lirapopularxix\/wp-json\/wp\/v2\/comments?post=2168"}],"version-history":[{"count":0,"href":"https:\/\/www.lirapopular.cl\/lirapopularxix\/wp-json\/wp\/v2\/pages\/2168\/revisions"}],"wp:attachment":[{"href":"https:\/\/www.lirapopular.cl\/lirapopularxix\/wp-json\/wp\/v2\/media?parent=2168"}],"curies":[{"name":"wp","href":"https:\/\/api.w.org\/{rel}","templated":true}]}}