{"id":21653,"date":"2021-08-23T09:44:27","date_gmt":"2021-08-23T13:44:27","guid":{"rendered":"https:\/\/www.lirapopular.cl\/lirapopularxix\/?page_id=21653"},"modified":"2021-08-23T09:44:27","modified_gmt":"2021-08-23T13:44:27","slug":"ejecucion-del-soldado-vilches","status":"publish","type":"page","link":"https:\/\/www.lirapopular.cl\/lirapopularxix\/ejecucion-del-soldado-vilches\/","title":{"rendered":"EJECUCION DEL SOLDADO VILCHES, QUE DI\u00d3 MUERTE A DOS PERSONAS EN SU CUARTEL <br>La reunion del Congreso pleno. Consejo del Popular en la actual contienda pol\u00edtica."},"content":{"rendered":"\n<div class=\"wp-block-image\"><figure class=\"alignright size-medium\"><a href=\"http:\/\/https:\/\/www.lirapopular.cl\/lirapopularxix\/wp-content\/uploads\/2021\/08\/389-1.jpg\"><img decoding=\"async\" src=\"http:\/\/https:\/\/www.lirapopular.cl\/lirapopularxix\/wp-content\/uploads\/2021\/08\/389-1-217x300.jpg\" alt=\"\" class=\"wp-image-21656\"\/><\/a><figcaption>Colecci\u00f3n Lira Popular de la<br \/>Universidad de Chile<\/figcaption><\/figure><\/div>\n\n\n\n<p>Autor: Juan Bautista Peralta.\u2013 Calle Huemul 34.<br \/>Impresor: 18,103\u2013Imp. C.<br \/>Tama\u00f1o: 37,3 x 53,4 cm<br \/>Clasificaci\u00f3n: 389 P426e Caja N\u00b04b<\/p>\n\n\n\n<ul class=\"wp-block-list\"><li><a href=\"https:\/\/www.lirapopular.cl\/lirapopularxix\/2021\/08\/23\/ejecucion-del-soldadovilchesque-dio-muerte-a-dos-personasen-su-cuartel\/\">Ejecuci\u00f3n del soldado Vilches, que dio muerte a dos personas en su cuartel<\/a><\/li><li><a href=\"https:\/\/www.lirapopular.cl\/lirapopularxix\/2021\/08\/23\/versos-dedicados-a-santarosa\/\">Versos dedicados a Santa Rosa<\/a><\/li><li><a href=\"https:\/\/www.lirapopular.cl\/lirapopularxix\/2021\/08\/23\/contestacion-a-las-falsasdeclaraciones-de-una-ofen-dida\/\">Contestaci\u00f3n a las falsas declaraciones de una ofendida<\/a><\/li><li><a href=\"https:\/\/www.lirapopular.cl\/lirapopularxix\/2021\/08\/23\/la-union-en-chile\/\">La uni\u00f3n de Chile<\/a><\/li><li><a href=\"https:\/\/www.lirapopular.cl\/lirapopularxix\/2021\/08\/23\/carta-de-un-pretendientea-su-querida\/\">Carta de un pretendiente a su querida<\/a><\/li><li><a href=\"https:\/\/www.lirapopular.cl\/lirapopularxix\/2021\/08\/23\/la-reunion-del-congresoplenoconsejos-del-popular-en-laactual-contienda-politica\/\">La reuni\u00f3n del congreso pleno. Consejos del popular en la actual contienda pol\u00edtica.<\/a><\/li><\/ul>\n\n\n\n<p>Nota: Este ejemplar tiene escrito a mano con l\u00e1piz rojo \u201c389\u201d.<br \/>Documento optimizado digitalmente.<\/p>\n","protected":false},"excerpt":{"rendered":"<p>Autor: Juan Bautista Peralta.\u2013 Calle Huemul 34.Impresor: 18,103\u2013Imp. C.Tama\u00f1o: 37,3 x 53,4 cmClasificaci\u00f3n: 389 P426e Caja N\u00b04b Ejecuci\u00f3n del soldado Vilches, que dio muerte a dos personas en su cuartel Versos dedicados a Santa Rosa Contestaci\u00f3n a las falsas declaraciones de una ofendida La uni\u00f3n de Chile Carta de un pretendiente a su querida La [&hellip;]<\/p>\n","protected":false},"author":1,"featured_media":0,"parent":0,"menu_order":0,"comment_status":"closed","ping_status":"closed","template":"","meta":{"footnotes":""},"class_list":["post-21653","page","type-page","status-publish","hentry"],"jetpack_sharing_enabled":true,"_links":{"self":[{"href":"https:\/\/www.lirapopular.cl\/lirapopularxix\/wp-json\/wp\/v2\/pages\/21653","targetHints":{"allow":["GET"]}}],"collection":[{"href":"https:\/\/www.lirapopular.cl\/lirapopularxix\/wp-json\/wp\/v2\/pages"}],"about":[{"href":"https:\/\/www.lirapopular.cl\/lirapopularxix\/wp-json\/wp\/v2\/types\/page"}],"author":[{"embeddable":true,"href":"https:\/\/www.lirapopular.cl\/lirapopularxix\/wp-json\/wp\/v2\/users\/1"}],"replies":[{"embeddable":true,"href":"https:\/\/www.lirapopular.cl\/lirapopularxix\/wp-json\/wp\/v2\/comments?post=21653"}],"version-history":[{"count":0,"href":"https:\/\/www.lirapopular.cl\/lirapopularxix\/wp-json\/wp\/v2\/pages\/21653\/revisions"}],"wp:attachment":[{"href":"https:\/\/www.lirapopular.cl\/lirapopularxix\/wp-json\/wp\/v2\/media?parent=21653"}],"curies":[{"name":"wp","href":"https:\/\/api.w.org\/{rel}","templated":true}]}}