{"id":21560,"date":"2021-08-19T16:50:03","date_gmt":"2021-08-19T20:50:03","guid":{"rendered":"https:\/\/www.lirapopular.cl\/lirapopularxix\/?page_id=21560"},"modified":"2021-08-19T16:50:03","modified_gmt":"2021-08-19T20:50:03","slug":"desgraciado-suceso-en-el-cuartel","status":"publish","type":"page","link":"https:\/\/www.lirapopular.cl\/lirapopularxix\/desgraciado-suceso-en-el-cuartel\/","title":{"rendered":"DESGRACIADO SUCESO EN EL CUARTEL DE ARTILLERIA <br>UN DOBLE CR\u00cdMEN EN EL CUARTEL DE INJENIEROS"},"content":{"rendered":"\n<div class=\"wp-block-image\"><figure class=\"alignright size-medium\"><a href=\"http:\/\/https:\/\/www.lirapopular.cl\/lirapopularxix\/wp-content\/uploads\/2021\/08\/385-1.jpg\"><img decoding=\"async\" src=\"http:\/\/https:\/\/www.lirapopular.cl\/lirapopularxix\/wp-content\/uploads\/2021\/08\/385-1-210x300.jpg\" alt=\"\" class=\"wp-image-21563\"\/><\/a><figcaption>Colecci\u00f3n Lira Popular de la<br \/>Universidad de Chile<\/figcaption><\/figure><\/div>\n\n\n\n<p>Autor: Juan Bautista Peralta. Calle Huemul 34.<br \/>Impresor: 18,079\u2013Imp. C.<br \/>Tama\u00f1o: 36 x 53,2 cm<br \/>Clasificaci\u00f3n: 385 P426d Caja N\u00b04b, C\u00f3digos BN LO0012453<\/p>\n\n\n\n<ul class=\"wp-block-list\"><li><a href=\"https:\/\/www.lirapopular.cl\/lirapopularxix\/2021\/08\/19\/desgraciado-sucesoen-el-cuartel-de-artilleria\/\">Desgraciado suceso en el Cuartel de Artiller\u00eda<\/a><\/li><li><a href=\"https:\/\/www.lirapopular.cl\/lirapopularxix\/2021\/08\/19\/un-doble-crimenen-el-cuartel-de-injenieros\/\">Un doble crimen en el Cuartel de Ingenieros<\/a><\/li><li><a href=\"https:\/\/www.lirapopular.cl\/lirapopularxix\/2021\/08\/19\/lo-que-le-paso-al-popularen\/\">Lo que le pas\u00f3 a un popular en un casamiento (continuaci\u00f3n)<\/a><\/li><li><a href=\"https:\/\/www.lirapopular.cl\/lirapopularxix\/2021\/08\/19\/sentimientosi-maldiciones-de-una-ninaenganada\/\">Sentimientos y maldiciones de una ni\u00f1a enga\u00f1ada<\/a><\/li><li><a href=\"https:\/\/www.lirapopular.cl\/lirapopularxix\/2021\/08\/19\/versos-de-carlo-magno\/\">Versos de Carlo Magno<\/a><\/li><li><a href=\"https:\/\/www.lirapopular.cl\/lirapopularxix\/2021\/08\/19\/versos-por-el-viejo-testa-mento\/\">Versos por el Viejo Testamento.<\/a><\/li><\/ul>\n\n\n\n<p>Nota: El 1er ejemplar tiene escrito a mano con l\u00e1piz rojo \u201c385\u201d. Texto manuscrito &#8220;X ojo&#8221;.<br \/>El 2\u00ba ejemplar tiene escrito a mano con l\u00e1piz azul \u201c7\u201d y con plum\u00f3n &#8220;127&#8221;.<br \/>Es en parte reimpresi\u00f3n de lira 386 P426u Caja N\u00b04b c.1, <a href=\"https:\/\/www.lirapopular.cl\/lirapopularxix\/un-doble-crimen-en-el-cuartel-de-injenieros\/\">ver<\/a>.<br \/>Documentos optimizados digitalmente.<\/p>\n\n\n\n<p><span class=\"has-inline-color has-white-color\">.<\/span><\/p>\n\n\n\n<p><span class=\"has-inline-color has-white-color\">.<\/span><\/p>\n\n\n\n<div class=\"wp-block-image\"><figure class=\"alignright size-medium\"><a href=\"https:\/\/www.lirapopular.cl\/lirapopularxix\/wp-content\/uploads\/2021\/09\/LO0012453.jpg\"><img loading=\"lazy\" decoding=\"async\" width=\"211\" height=\"300\" src=\"https:\/\/www.lirapopular.cl\/lirapopularxix\/wp-content\/uploads\/2021\/09\/LO0012453-211x300.jpg\" alt=\"\" class=\"wp-image-23009\" srcset=\"https:\/\/www.lirapopular.cl\/lirapopularxix\/wp-content\/uploads\/2021\/09\/LO0012453-211x300.jpg 211w, https:\/\/www.lirapopular.cl\/lirapopularxix\/wp-content\/uploads\/2021\/09\/LO0012453.jpg 703w\" sizes=\"auto, (max-width: 211px) 100vw, 211px\" \/><\/a><figcaption>Archivo de Literatura Oral<br \/>Colecci\u00f3n Alamiro de \u00c1vila<\/figcaption><\/figure><\/div>\n","protected":false},"excerpt":{"rendered":"<p>Autor: Juan Bautista Peralta. Calle Huemul 34.Impresor: 18,079\u2013Imp. C.Tama\u00f1o: 36 x 53,2 cmClasificaci\u00f3n: 385 P426d Caja N\u00b04b, C\u00f3digos BN LO0012453 Desgraciado suceso en el Cuartel de Artiller\u00eda Un doble crimen en el Cuartel de Ingenieros Lo que le pas\u00f3 a un popular en un casamiento (continuaci\u00f3n) Sentimientos y maldiciones de una ni\u00f1a enga\u00f1ada Versos de [&hellip;]<\/p>\n","protected":false},"author":1,"featured_media":0,"parent":0,"menu_order":0,"comment_status":"closed","ping_status":"closed","template":"","meta":{"footnotes":""},"class_list":["post-21560","page","type-page","status-publish","hentry"],"jetpack_sharing_enabled":true,"_links":{"self":[{"href":"https:\/\/www.lirapopular.cl\/lirapopularxix\/wp-json\/wp\/v2\/pages\/21560","targetHints":{"allow":["GET"]}}],"collection":[{"href":"https:\/\/www.lirapopular.cl\/lirapopularxix\/wp-json\/wp\/v2\/pages"}],"about":[{"href":"https:\/\/www.lirapopular.cl\/lirapopularxix\/wp-json\/wp\/v2\/types\/page"}],"author":[{"embeddable":true,"href":"https:\/\/www.lirapopular.cl\/lirapopularxix\/wp-json\/wp\/v2\/users\/1"}],"replies":[{"embeddable":true,"href":"https:\/\/www.lirapopular.cl\/lirapopularxix\/wp-json\/wp\/v2\/comments?post=21560"}],"version-history":[{"count":0,"href":"https:\/\/www.lirapopular.cl\/lirapopularxix\/wp-json\/wp\/v2\/pages\/21560\/revisions"}],"wp:attachment":[{"href":"https:\/\/www.lirapopular.cl\/lirapopularxix\/wp-json\/wp\/v2\/media?parent=21560"}],"curies":[{"name":"wp","href":"https:\/\/api.w.org\/{rel}","templated":true}]}}