{"id":21521,"date":"2021-08-18T19:36:32","date_gmt":"2021-08-18T23:36:32","guid":{"rendered":"https:\/\/www.lirapopular.cl\/lirapopularxix\/?page_id=21521"},"modified":"2021-08-18T19:36:32","modified_gmt":"2021-08-18T23:36:32","slug":"perdon-para-el-reo-briceno","status":"publish","type":"page","link":"https:\/\/www.lirapopular.cl\/lirapopularxix\/perdon-para-el-reo-briceno\/","title":{"rendered":"PERDON PARA EL REO BRICE\u00d1O"},"content":{"rendered":"<div class=\"wp-block-image\">\n<figure class=\"alignright size-medium\"><a href=\"http:\/\/https:\/\/www.lirapopular.cl\/lirapopularxix\/wp-content\/uploads\/2021\/08\/383-1.jpg\"><img decoding=\"async\" src=\"http:\/\/https:\/\/www.lirapopular.cl\/lirapopularxix\/wp-content\/uploads\/2021\/08\/383-1-300x216.jpg\" alt=\"\" class=\"wp-image-21522\"\/><\/a><figcaption class=\"wp-element-caption\">Colecci\u00f3n Lira Popular de la<br \/>Universidad de Chile<\/figcaption><\/figure>\n<\/div>\n\n\n<p>Autor: Juan Bautista Peralta. G\u00e1lvez, n\u00fam. 120<br \/>Impresor: Imp. Albi\u00f3n, San Diego 45-B<br \/>Tama\u00f1o: 27,1 x 37,5 cm<br \/>Clasificaci\u00f3n: 383 P426p Caja N\u00b01b<\/p>\n\n\n\n<ul class=\"wp-block-list\">\n<li><a href=\"https:\/\/www.lirapopular.cl\/lirapopularxix\/2021\/08\/19\/perdon-para-el-reo-briceno\/\">Perd\u00f3n para el reo Brice\u00f1o<\/a><\/li>\n\n\n\n<li><a href=\"https:\/\/www.lirapopular.cl\/lirapopularxix\/2021\/08\/19\/fusilamiento-del-reo-briceno\/\">Fusilamiento del reo Brice\u00f1o<\/a><\/li>\n\n\n\n<li><a href=\"https:\/\/www.lirapopular.cl\/lirapopularxix\/2021\/08\/19\/carta-del-reo-briceno\/\">Carta del reo Brice\u00f1o<\/a><\/li>\n\n\n\n<li><a href=\"https:\/\/www.lirapopular.cl\/lirapopularxix\/2021\/08\/19\/contestacion-al-poeta-meneses\/\">Contestaci\u00f3n al poeta Meneses<\/a><\/li>\n\n\n\n<li><a href=\"https:\/\/www.lirapopular.cl\/lirapopularxix\/2021\/08\/19\/brindis-12\/\">Brindis<\/a><\/li>\n<\/ul>\n\n\n\n<p>Nota: Este ejemplar tiene escrito a mano con l\u00e1piz rojo \u201c383\u201d.<br \/>Por el reverso hay dos ovillejos manuscritos:<br \/><br \/>Mi amor te mando por fiel<br \/>Clavel<br \/>Y por ti no siento pena<br \/>Azucena<br \/>Te adoro como una<br \/>Rosa<br \/>Al mirarte ni\u00f1a hermosa<br \/>Me encuentro alegre i xxx<br \/>Es porque te tengo en mi mano<br \/>Clavel, azucena y rosa.<\/p>\n\n\n\n<p>Te quiero sin veleidad<br \/>Edad<br \/>Herida labro en cierto caso<br \/>Plaso<br \/>Sufro tu desd\u00e9n una\u00f1o<br \/>Enga\u00f1o<br \/>Y no me basto de verte<br \/>Muerte<br \/>En este trance tan fuerte<br \/>Me quejo i xxx de mi<br \/>Solo esperando por ti<br \/>Edad, plaso, enga\u00f1o i muerte<\/p>\n\n\n\n<p>Documentos optimizados digitalmente.<\/p>\n\n\n\n<p>.<\/p>\n\n\n<div class=\"wp-block-image\">\n<figure class=\"alignright size-medium\"><a href=\"http:\/\/https:\/\/www.lirapopular.cl\/lirapopularxix\/wp-content\/uploads\/2021\/08\/383-1rev.jpg\"><img decoding=\"async\" src=\"http:\/\/https:\/\/www.lirapopular.cl\/lirapopularxix\/wp-content\/uploads\/2021\/08\/383-1rev-223x300.jpg\" alt=\"\" class=\"wp-image-21540\"\/><\/a><figcaption class=\"wp-element-caption\">Reverso<br \/>Colecci\u00f3n Lira Popular de la<br \/>Universidad de Chile<\/figcaption><\/figure>\n<\/div>","protected":false},"excerpt":{"rendered":"<p>Autor: Juan Bautista Peralta. G\u00e1lvez, n\u00fam. 120Impresor: Imp. Albi\u00f3n, San Diego 45-BTama\u00f1o: 27,1 x 37,5 cmClasificaci\u00f3n: 383 P426p Caja N\u00b01b Nota: Este ejemplar tiene escrito a mano con l\u00e1piz rojo \u201c383\u201d.Por el reverso hay dos ovillejos manuscritos: Mi amor te mando por fielClavelY por ti no siento penaAzucenaTe adoro como unaRosaAl mirarte ni\u00f1a hermosaMe encuentro [&hellip;]<\/p>\n","protected":false},"author":1,"featured_media":0,"parent":0,"menu_order":0,"comment_status":"closed","ping_status":"closed","template":"","meta":{"footnotes":""},"class_list":["post-21521","page","type-page","status-publish","hentry"],"jetpack_sharing_enabled":true,"_links":{"self":[{"href":"https:\/\/www.lirapopular.cl\/lirapopularxix\/wp-json\/wp\/v2\/pages\/21521","targetHints":{"allow":["GET"]}}],"collection":[{"href":"https:\/\/www.lirapopular.cl\/lirapopularxix\/wp-json\/wp\/v2\/pages"}],"about":[{"href":"https:\/\/www.lirapopular.cl\/lirapopularxix\/wp-json\/wp\/v2\/types\/page"}],"author":[{"embeddable":true,"href":"https:\/\/www.lirapopular.cl\/lirapopularxix\/wp-json\/wp\/v2\/users\/1"}],"replies":[{"embeddable":true,"href":"https:\/\/www.lirapopular.cl\/lirapopularxix\/wp-json\/wp\/v2\/comments?post=21521"}],"version-history":[{"count":0,"href":"https:\/\/www.lirapopular.cl\/lirapopularxix\/wp-json\/wp\/v2\/pages\/21521\/revisions"}],"wp:attachment":[{"href":"https:\/\/www.lirapopular.cl\/lirapopularxix\/wp-json\/wp\/v2\/media?parent=21521"}],"curies":[{"name":"wp","href":"https:\/\/api.w.org\/{rel}","templated":true}]}}