{"id":21501,"date":"2021-08-18T18:55:22","date_gmt":"2021-08-18T22:55:22","guid":{"rendered":"https:\/\/www.lirapopular.cl\/lirapopularxix\/?page_id=21501"},"modified":"2021-08-18T18:55:22","modified_gmt":"2021-08-18T22:55:22","slug":"encapilladura","status":"publish","type":"page","link":"https:\/\/www.lirapopular.cl\/lirapopularxix\/encapilladura\/","title":{"rendered":"ENCAPILLADURA DEL REO JUAN <br>RUIZ GOMEZ"},"content":{"rendered":"\n<div class=\"wp-block-image\"><figure class=\"alignright size-medium\"><a href=\"https:\/\/www.lirapopular.cl\/lirapopularxix\/wp-content\/uploads\/2021\/08\/382.jpg\"><img loading=\"lazy\" decoding=\"async\" width=\"300\" height=\"222\" src=\"https:\/\/www.lirapopular.cl\/lirapopularxix\/wp-content\/uploads\/2021\/08\/382-300x222.jpg\" alt=\"\" class=\"wp-image-21505\" srcset=\"https:\/\/www.lirapopular.cl\/lirapopularxix\/wp-content\/uploads\/2021\/08\/382-300x222.jpg 300w, https:\/\/www.lirapopular.cl\/lirapopularxix\/wp-content\/uploads\/2021\/08\/382-768x568.jpg 768w, https:\/\/www.lirapopular.cl\/lirapopularxix\/wp-content\/uploads\/2021\/08\/382.jpg 1000w\" sizes=\"auto, (max-width: 300px) 100vw, 300px\" \/><\/a><figcaption>Colecci\u00f3n Lira Popular de la<br \/>Universidad de Chile<\/figcaption><\/figure><\/div>\n\n\n\n<p>Autor:  Juan B. Peralta. G\u00e1lvez 120.<br \/>Impresor: Imp. Albi\u00f3n, San Diego 45-B.<br \/>Tama\u00f1o: 27,4 x 37,4 cm<br \/>Clasificaci\u00f3n: 382 P426e Caja N\u00b01b<\/p>\n\n\n\n<ul class=\"wp-block-list\"><li><a href=\"https:\/\/www.lirapopular.cl\/lirapopularxix\/2021\/08\/18\/encapilladura-del-reo-juanruiz-gomez\/\">Encapilladura del reo Juan Ruiz G\u00f3mez<\/a><\/li><li><a href=\"https:\/\/www.lirapopular.cl\/lirapopularxix\/2021\/08\/18\/un-desnaturalizado-padre\/\">Un desnaturalizado padre<\/a><\/li><li><a href=\"https:\/\/www.lirapopular.cl\/lirapopularxix\/2021\/08\/18\/viaje-de-la-gran-civila-a-roma\/\">Viaje de la gran Sibila a Roma<\/a><\/li><li><a href=\"https:\/\/www.lirapopular.cl\/lirapopularxix\/2021\/08\/18\/autorizacion-del-popular\/\">Autorizaci\u00f3n del popular<\/a><\/li><li><a href=\"https:\/\/www.lirapopular.cl\/lirapopularxix\/2021\/08\/18\/conjuracionde-antipatro-contra-herodes\/\">Conjuraci\u00f3n de Ant\u00edpatro con Herodes.<\/a><\/li><\/ul>\n\n\n\n<p>Nota: Este ejemplar tiene escrito a mano con l\u00e1piz rojo \u201c382\u201d.<br \/>Documento optimizado digitalmente.<\/p>\n","protected":false},"excerpt":{"rendered":"<p>Autor: Juan B. Peralta. G\u00e1lvez 120.Impresor: Imp. Albi\u00f3n, San Diego 45-B.Tama\u00f1o: 27,4 x 37,4 cmClasificaci\u00f3n: 382 P426e Caja N\u00b01b Encapilladura del reo Juan Ruiz G\u00f3mez Un desnaturalizado padre Viaje de la gran Sibila a Roma Autorizaci\u00f3n del popular Conjuraci\u00f3n de Ant\u00edpatro con Herodes. Nota: Este ejemplar tiene escrito a mano con l\u00e1piz rojo \u201c382\u201d.Documento optimizado [&hellip;]<\/p>\n","protected":false},"author":1,"featured_media":0,"parent":0,"menu_order":0,"comment_status":"closed","ping_status":"closed","template":"","meta":{"footnotes":""},"class_list":["post-21501","page","type-page","status-publish","hentry"],"jetpack_sharing_enabled":true,"_links":{"self":[{"href":"https:\/\/www.lirapopular.cl\/lirapopularxix\/wp-json\/wp\/v2\/pages\/21501","targetHints":{"allow":["GET"]}}],"collection":[{"href":"https:\/\/www.lirapopular.cl\/lirapopularxix\/wp-json\/wp\/v2\/pages"}],"about":[{"href":"https:\/\/www.lirapopular.cl\/lirapopularxix\/wp-json\/wp\/v2\/types\/page"}],"author":[{"embeddable":true,"href":"https:\/\/www.lirapopular.cl\/lirapopularxix\/wp-json\/wp\/v2\/users\/1"}],"replies":[{"embeddable":true,"href":"https:\/\/www.lirapopular.cl\/lirapopularxix\/wp-json\/wp\/v2\/comments?post=21501"}],"version-history":[{"count":0,"href":"https:\/\/www.lirapopular.cl\/lirapopularxix\/wp-json\/wp\/v2\/pages\/21501\/revisions"}],"wp:attachment":[{"href":"https:\/\/www.lirapopular.cl\/lirapopularxix\/wp-json\/wp\/v2\/media?parent=21501"}],"curies":[{"name":"wp","href":"https:\/\/api.w.org\/{rel}","templated":true}]}}