{"id":21484,"date":"2021-08-18T16:46:49","date_gmt":"2021-08-18T20:46:49","guid":{"rendered":"https:\/\/www.lirapopular.cl\/lirapopularxix\/?page_id=21484"},"modified":"2021-08-18T16:46:49","modified_gmt":"2021-08-18T20:46:49","slug":"captura-del-ex-coronel-fuentes","status":"publish","type":"page","link":"https:\/\/www.lirapopular.cl\/lirapopularxix\/captura-del-ex-coronel-fuentes\/","title":{"rendered":"CAPTURA DEL EX-CORONEL FUENTES"},"content":{"rendered":"\n<div class=\"wp-block-image\"><figure class=\"alignright size-medium\"><a href=\"http:\/\/https:\/\/www.lirapopular.cl\/lirapopularxix\/wp-content\/uploads\/2021\/08\/381-1.jpg\"><img decoding=\"async\" src=\"http:\/\/https:\/\/www.lirapopular.cl\/lirapopularxix\/wp-content\/uploads\/2021\/08\/381-1-300x237.jpg\" alt=\"\" class=\"wp-image-21485\"\/><\/a><figcaption>Colecci\u00f3n Lira Popular de la<br \/>Universidad de Chile<\/figcaption><\/figure><\/div>\n\n\n\n<p>Autor: Juan Bautista Peralta. G\u00e1lvez 120.<br \/>Impresor: Sin informaci\u00f3n<br \/>Tama\u00f1o: 27,2 x 34,8 cm<br \/>Clasificaci\u00f3n: 381 P426c Caja N\u00b01b<\/p>\n\n\n\n<ul class=\"wp-block-list\"><li><a href=\"https:\/\/www.lirapopular.cl\/lirapopularxix\/2021\/08\/18\/captura-del-ex-coronel-fuentes\/\">Captura del excoronel Fuentes<\/a><\/li><li><a href=\"https:\/\/www.lirapopular.cl\/lirapopularxix\/2021\/08\/18\/suenos-del-reo-briceno-en-la-prision\/\">Sue\u00f1os del reo Brice\u00f1o en la prisi\u00f3n<\/a><\/li><li><a href=\"https:\/\/www.lirapopular.cl\/lirapopularxix\/2021\/08\/18\/el-complot-del-dia-ocho\/\">El complot del d\u00eda ocho<\/a><\/li><li><a href=\"https:\/\/www.lirapopular.cl\/lirapopularxix\/2021\/08\/18\/versos-a-los-poetas-de-santiago\/\">Versos a los poetas de Santiago<\/a><\/li><\/ul>\n\n\n\n<p>Nota: Este ejemplar tiene escrito a mano con l\u00e1piz rojo \u201c381\u201d.<br \/>Documento optimizado digitalmente.<\/p>\n","protected":false},"excerpt":{"rendered":"<p>Autor: Juan Bautista Peralta. G\u00e1lvez 120.Impresor: Sin informaci\u00f3nTama\u00f1o: 27,2 x 34,8 cmClasificaci\u00f3n: 381 P426c Caja N\u00b01b Captura del excoronel Fuentes Sue\u00f1os del reo Brice\u00f1o en la prisi\u00f3n El complot del d\u00eda ocho Versos a los poetas de Santiago Nota: Este ejemplar tiene escrito a mano con l\u00e1piz rojo \u201c381\u201d.Documento optimizado digitalmente.<\/p>\n","protected":false},"author":1,"featured_media":0,"parent":0,"menu_order":0,"comment_status":"closed","ping_status":"closed","template":"","meta":{"footnotes":""},"class_list":["post-21484","page","type-page","status-publish","hentry"],"jetpack_sharing_enabled":true,"_links":{"self":[{"href":"https:\/\/www.lirapopular.cl\/lirapopularxix\/wp-json\/wp\/v2\/pages\/21484","targetHints":{"allow":["GET"]}}],"collection":[{"href":"https:\/\/www.lirapopular.cl\/lirapopularxix\/wp-json\/wp\/v2\/pages"}],"about":[{"href":"https:\/\/www.lirapopular.cl\/lirapopularxix\/wp-json\/wp\/v2\/types\/page"}],"author":[{"embeddable":true,"href":"https:\/\/www.lirapopular.cl\/lirapopularxix\/wp-json\/wp\/v2\/users\/1"}],"replies":[{"embeddable":true,"href":"https:\/\/www.lirapopular.cl\/lirapopularxix\/wp-json\/wp\/v2\/comments?post=21484"}],"version-history":[{"count":0,"href":"https:\/\/www.lirapopular.cl\/lirapopularxix\/wp-json\/wp\/v2\/pages\/21484\/revisions"}],"wp:attachment":[{"href":"https:\/\/www.lirapopular.cl\/lirapopularxix\/wp-json\/wp\/v2\/media?parent=21484"}],"curies":[{"name":"wp","href":"https:\/\/api.w.org\/{rel}","templated":true}]}}