{"id":21431,"date":"2021-08-17T17:06:57","date_gmt":"2021-08-17T21:06:57","guid":{"rendered":"https:\/\/www.lirapopular.cl\/lirapopularxix\/?page_id=21431"},"modified":"2021-08-17T17:06:57","modified_gmt":"2021-08-17T21:06:57","slug":"famoso-contrapunto-de-los-candidatos","status":"publish","type":"page","link":"https:\/\/www.lirapopular.cl\/lirapopularxix\/famoso-contrapunto-de-los-candidatos\/","title":{"rendered":"FAMOSO CONTRAPUNTO <br>DE LOS CANDIDATOS <br>Don Vicente Reyes <br>i Federico Err\u00e1zuriz"},"content":{"rendered":"\n<div class=\"wp-block-image\"><figure class=\"alignright size-medium\"><a href=\"https:\/\/www.lirapopular.cl\/lirapopularxix\/wp-content\/uploads\/2021\/08\/Lira_017Mb.jpg\"><img loading=\"lazy\" decoding=\"async\" width=\"223\" height=\"300\" src=\"https:\/\/www.lirapopular.cl\/lirapopularxix\/wp-content\/uploads\/2021\/08\/Lira_017Mb-223x300.jpg\" alt=\"\" class=\"wp-image-21434\" srcset=\"https:\/\/www.lirapopular.cl\/lirapopularxix\/wp-content\/uploads\/2021\/08\/Lira_017Mb-223x300.jpg 223w, https:\/\/www.lirapopular.cl\/lirapopularxix\/wp-content\/uploads\/2021\/08\/Lira_017Mb.jpg 743w\" sizes=\"auto, (max-width: 223px) 100vw, 223px\" \/><\/a><figcaption>Colecci\u00f3n Lira Popular de la<br \/>Universidad de Chile<\/figcaption><\/figure><\/div>\n\n\n\n<p>Autor: Juan B. Peralta. Huemul 34<br \/>Impresor: Imp. Albi\u00f3n, San Diego 45-B<br \/>Tama\u00f1o: 39 x 54,7 cm<br \/>Clasificaci\u00f3n: 879 P426f Caja N\u00b0 6b, BN C\u00f3digo:\u00a0LO0012120<\/p>\n\n\n\n<ul class=\"wp-block-list\"><li><a href=\"https:\/\/www.lirapopular.cl\/lirapopularxix\/2021\/08\/17\/acalorada-polemica-entre-los-candidatos\/\">Acalorada pol\u00e9mica entre los candidatos a la presidencia de la rep\u00fablica. Err\u00e1zuriz y el se\u00f1or Reyes<\/a><\/li><li><a href=\"https:\/\/www.lirapopular.cl\/lirapopularxix\/2021\/08\/17\/dos-nuevos-cadalzos-ejecucion-de-dos-desgraciadosproximamente\/\">Dos nuevos cadalzos. Ejecuci\u00f3n de dos desgraciados pr\u00f3ximamente<\/a><\/li><li><a href=\"https:\/\/www.lirapopular.cl\/lirapopularxix\/2021\/08\/17\/huelga-de-los-suplementeros\/\">Huelga de los suplementeros en Santiago. Intervenci\u00f3n de la polic\u00eda, abuso del oficial Valladares<\/a><\/li><li><a href=\"https:\/\/www.lirapopular.cl\/lirapopularxix\/2021\/08\/17\/versos-por-literatura\/\">Versos por literatura<\/a><\/li><li><a href=\"https:\/\/www.lirapopular.cl\/lirapopularxix\/2021\/08\/17\/un-prisionero-de-amor\/\">Un prisionero de amor<\/a><\/li><\/ul>\n\n\n\n<p>Nota: El 1er ejemplar tiene escrito a mano con l\u00e1piz azul \u201c17\u201d. El 2\u00ba ejemplar tiene escrito a mano con l\u00e1piz rojo \u201c-28-\u201d con un timbre &#8220;357&#8221; y con l\u00e1piz grafito &#8220;= 12 doble&#8221;, &#8220;1896&#8221;.<br \/>Documentos optimizados digitalmente.<\/p>\n\n\n\n<p>.<\/p>\n\n\n\n<div class=\"wp-block-image\"><figure class=\"alignright size-medium\"><a href=\"https:\/\/www.lirapopular.cl\/lirapopularxix\/wp-content\/uploads\/2021\/11\/LO0012120.jpg\"><img loading=\"lazy\" decoding=\"async\" width=\"212\" height=\"300\" src=\"https:\/\/www.lirapopular.cl\/lirapopularxix\/wp-content\/uploads\/2021\/11\/LO0012120-212x300.jpg\" alt=\"\" class=\"wp-image-25965\" srcset=\"https:\/\/www.lirapopular.cl\/lirapopularxix\/wp-content\/uploads\/2021\/11\/LO0012120-212x300.jpg 212w, https:\/\/www.lirapopular.cl\/lirapopularxix\/wp-content\/uploads\/2021\/11\/LO0012120.jpg 705w\" sizes=\"auto, (max-width: 212px) 100vw, 212px\" \/><\/a><figcaption>Archivo de Literatura Oral<br \/>Fondo Rodolfo Lenz<\/figcaption><\/figure><\/div>\n","protected":false},"excerpt":{"rendered":"<p>Autor: Juan B. Peralta. Huemul 34Impresor: Imp. Albi\u00f3n, San Diego 45-BTama\u00f1o: 39 x 54,7 cmClasificaci\u00f3n: 879 P426f Caja N\u00b0 6b, BN C\u00f3digo:\u00a0LO0012120 Acalorada pol\u00e9mica entre los candidatos a la presidencia de la rep\u00fablica. Err\u00e1zuriz y el se\u00f1or Reyes Dos nuevos cadalzos. Ejecuci\u00f3n de dos desgraciados pr\u00f3ximamente Huelga de los suplementeros en Santiago. Intervenci\u00f3n de la [&hellip;]<\/p>\n","protected":false},"author":1,"featured_media":0,"parent":0,"menu_order":0,"comment_status":"closed","ping_status":"closed","template":"","meta":{"footnotes":""},"class_list":["post-21431","page","type-page","status-publish","hentry"],"jetpack_sharing_enabled":true,"_links":{"self":[{"href":"https:\/\/www.lirapopular.cl\/lirapopularxix\/wp-json\/wp\/v2\/pages\/21431","targetHints":{"allow":["GET"]}}],"collection":[{"href":"https:\/\/www.lirapopular.cl\/lirapopularxix\/wp-json\/wp\/v2\/pages"}],"about":[{"href":"https:\/\/www.lirapopular.cl\/lirapopularxix\/wp-json\/wp\/v2\/types\/page"}],"author":[{"embeddable":true,"href":"https:\/\/www.lirapopular.cl\/lirapopularxix\/wp-json\/wp\/v2\/users\/1"}],"replies":[{"embeddable":true,"href":"https:\/\/www.lirapopular.cl\/lirapopularxix\/wp-json\/wp\/v2\/comments?post=21431"}],"version-history":[{"count":0,"href":"https:\/\/www.lirapopular.cl\/lirapopularxix\/wp-json\/wp\/v2\/pages\/21431\/revisions"}],"wp:attachment":[{"href":"https:\/\/www.lirapopular.cl\/lirapopularxix\/wp-json\/wp\/v2\/media?parent=21431"}],"curies":[{"name":"wp","href":"https:\/\/api.w.org\/{rel}","templated":true}]}}