{"id":21410,"date":"2021-08-17T12:44:32","date_gmt":"2021-08-17T16:44:32","guid":{"rendered":"https:\/\/www.lirapopular.cl\/lirapopularxix\/?page_id=21410"},"modified":"2021-08-17T12:44:32","modified_gmt":"2021-08-17T16:44:32","slug":"puesto-en-capilla-su-proxima-ejecusion","status":"publish","type":"page","link":"https:\/\/www.lirapopular.cl\/lirapopularxix\/puesto-en-capilla-su-proxima-ejecusion\/","title":{"rendered":"EL REO BUSTAMENTE <br>PUESTO EN CAPILLA <br>SU PROXIMA EJECUSION"},"content":{"rendered":"\n<div class=\"wp-block-image\"><figure class=\"alignright size-medium\"><a href=\"http:\/\/https:\/\/www.lirapopular.cl\/lirapopularxix\/wp-content\/uploads\/2021\/08\/380-1.jpg\"><img decoding=\"async\" src=\"http:\/\/https:\/\/www.lirapopular.cl\/lirapopularxix\/wp-content\/uploads\/2021\/08\/380-1-217x300.jpg\" alt=\"\" class=\"wp-image-21476\"\/><\/a><figcaption>Colecci\u00f3n Lira Popular de la<br \/>Universidad de Chile<\/figcaption><\/figure><\/div>\n\n\n\n<p>Autor: Juan Bautista Peralta, Poeta Santiaguino Huemul 34.<br \/>Impresor: Imprenta Albi\u00f3n, San Diego 45B<br \/>Tama\u00f1o: 38,2 x 50,3 cm<br \/>Clasificaci\u00f3n: 380 P426r Caja N\u00b04b y 878 P426p Caja N\u00b0 6b, BN C\u00f3digo:&nbsp;LO0012114&nbsp;&#8211;&nbsp;LO0012104<\/p>\n\n\n\n<ul class=\"wp-block-list\"><li><a href=\"https:\/\/www.lirapopular.cl\/lirapopularxix\/2021\/08\/17\/versosdel-reo-xxx-puestoen-capilla-i-su-proxima-ejecucion\/\">Versos del reo Bustamente puesto en capilla y su pr\u00f3xima ejecuci\u00f3n<\/a><\/li><li><a href=\"https:\/\/www.lirapopular.cl\/lirapopularxix\/2021\/08\/17\/cartas-del-reo-xxxen-visperas-de-su-muerte\/\">Cartas del reo Bustamente en v\u00edsperas de su muerte<\/a><\/li><li><a href=\"https:\/\/www.lirapopular.cl\/lirapopularxix\/2021\/08\/17\/versospor-la-samaritana\/\">Versos por la samaritana<\/a><\/li><li><a href=\"https:\/\/www.lirapopular.cl\/lirapopularxix\/2021\/08\/17\/contestacional-poeta-meneses-2\/\">Contestaci\u00f3n al poeta Meneses<\/a><\/li><li><a href=\"https:\/\/www.lirapopular.cl\/lirapopularxix\/2021\/08\/17\/polemicade-dos-amantes-por-celos\/\">Pol\u00e9mica de dos amantes por celos<\/a><\/li><li><a href=\"https:\/\/www.lirapopular.cl\/lirapopularxix\/2021\/08\/17\/contestacionde-la-querida\/\">Contestaci\u00f3n de la querida.<\/a><\/li><\/ul>\n\n\n\n<p>Nota: Tanto la colecci\u00f3n de la U. de Chile como la de R. Lenz conservan dos ejemplares diferentes: en uno de ellos la lira fue cortada arriba y tachado el nombre del reo, lo que imped\u00eda saber a qui\u00e9n se refer\u00eda.<br \/>El 1er ejemplar tiene escrito a mano con l\u00e1piz rojo \u201c380\u201d. Por el reverso hay cuartetas manuscritas.<br \/>El 2\u00ba ejemplar tiene escrito a mano con l\u00e1piz azul \u201c15\u201d y borrado el apellido &#8220;Bustamante&#8221;. Texto manuscrito: &#8220;Manuel Invanero m&#8221;. <br \/>El 3er ejemplar tiene escrito a mano con l\u00e1piz rojo \u201c-22-\u201d, con un timbre &#8220;0244&#8221; y borrado el apellido &#8220;Bustamante&#8221;. Texto manuscrito &#8220;= 4 repetido&#8221;, &#8220;X&#8221;, &#8220;4\u221a&#8221;.<br \/>El 4\u00ba ejemplar tiene escrito a mano con l\u00e1piz rojo \u201c-12-\u201d. Texto manuscrito &#8220;4&#8221; y con un timbre &#8220;0241&#8221;.<br \/>Documentos optimizados digitalmente.<\/p>\n\n\n\n<p><span class=\"has-inline-color has-white-color\">.<\/span><\/p>\n\n\n\n<div class=\"wp-block-image\"><figure class=\"alignright size-medium\"><a href=\"http:\/\/https:\/\/www.lirapopular.cl\/lirapopularxix\/wp-content\/uploads\/2021\/08\/380rev-1.jpg\"><img decoding=\"async\" src=\"http:\/\/https:\/\/www.lirapopular.cl\/lirapopularxix\/wp-content\/uploads\/2021\/08\/380rev-1-257x300.jpg\" alt=\"\" class=\"wp-image-21478\"\/><\/a><figcaption>Reverso<br \/>Colecci\u00f3n Lira Popular de la<br \/>Universidad de Chile<\/figcaption><\/figure><\/div>\n\n\n\n<p><span class=\"has-inline-color has-white-color\">.<\/span><\/p>\n\n\n\n<p><span class=\"has-inline-color has-white-color\">.<\/span><\/p>\n\n\n\n<p><span class=\"has-inline-color has-white-color\">.<\/span><\/p>\n\n\n\n<p><span class=\"has-inline-color has-white-color\">.<\/span><\/p>\n\n\n\n<p><span class=\"has-inline-color has-white-color\">.<\/span><\/p>\n\n\n\n<p><span class=\"has-inline-color has-white-color\">.<\/span><\/p>\n\n\n\n<p><span class=\"has-inline-color has-white-color\">.<\/span><\/p>\n\n\n\n<p><span class=\"has-inline-color has-white-color\">.<\/span><\/p>\n\n\n\n<p><span class=\"has-inline-color has-white-color\">.<\/span><\/p>\n\n\n\n<p><span class=\"has-inline-color has-white-color\">.<\/span><\/p>\n\n\n\n<p><span class=\"has-inline-color has-white-color\">.<\/span><\/p>\n\n\n\n<div class=\"wp-block-image\"><figure class=\"alignright size-medium\"><a href=\"https:\/\/www.lirapopular.cl\/lirapopularxix\/wp-content\/uploads\/2021\/08\/015b.jpg\"><img loading=\"lazy\" decoding=\"async\" width=\"237\" height=\"300\" src=\"https:\/\/www.lirapopular.cl\/lirapopularxix\/wp-content\/uploads\/2021\/08\/015b-237x300.jpg\" alt=\"\" class=\"wp-image-21411\" srcset=\"https:\/\/www.lirapopular.cl\/lirapopularxix\/wp-content\/uploads\/2021\/08\/015b-237x300.jpg 237w, https:\/\/www.lirapopular.cl\/lirapopularxix\/wp-content\/uploads\/2021\/08\/015b-768x973.jpg 768w, https:\/\/www.lirapopular.cl\/lirapopularxix\/wp-content\/uploads\/2021\/08\/015b.jpg 789w\" sizes=\"auto, (max-width: 237px) 100vw, 237px\" \/><\/a><figcaption>Colecci\u00f3n Lira Popular de la<br \/>Universidad de Chile<\/figcaption><\/figure><\/div>\n\n\n\n<p><span class=\"has-inline-color has-white-color\">.<\/span><\/p>\n\n\n\n<p><span class=\"has-inline-color has-white-color\">.<\/span><\/p>\n\n\n\n<p><span class=\"has-inline-color has-white-color\">.<\/span><\/p>\n\n\n\n<p><span class=\"has-inline-color has-white-color\">.<\/span><\/p>\n\n\n\n<p><span class=\"has-inline-color has-white-color\">.<\/span><\/p>\n\n\n\n<p><span class=\"has-inline-color has-white-color\">.<\/span><\/p>\n\n\n\n<p><span class=\"has-inline-color has-white-color\">.<\/span><\/p>\n\n\n\n<p><span class=\"has-inline-color has-white-color\">.<\/span><\/p>\n\n\n\n<p><span class=\"has-inline-color has-white-color\">.<\/span><\/p>\n\n\n\n<p><span class=\"has-inline-color has-white-color\">.<\/span><\/p>\n\n\n\n<div class=\"wp-block-image\"><figure class=\"alignright size-medium\"><a href=\"https:\/\/www.lirapopular.cl\/lirapopularxix\/wp-content\/uploads\/2021\/11\/LO0012114.jpg\"><img loading=\"lazy\" decoding=\"async\" width=\"216\" height=\"300\" src=\"https:\/\/www.lirapopular.cl\/lirapopularxix\/wp-content\/uploads\/2021\/11\/LO0012114-216x300.jpg\" alt=\"\" class=\"wp-image-25882\" srcset=\"https:\/\/www.lirapopular.cl\/lirapopularxix\/wp-content\/uploads\/2021\/11\/LO0012114-216x300.jpg 216w, https:\/\/www.lirapopular.cl\/lirapopularxix\/wp-content\/uploads\/2021\/11\/LO0012114.jpg 720w\" sizes=\"auto, (max-width: 216px) 100vw, 216px\" \/><\/a><figcaption>Archivo de Literatura Oral<br \/>Fondo Rodolfo Lenz<\/figcaption><\/figure><\/div>\n\n\n\n<p><span class=\"has-inline-color has-white-color\">.<\/span><\/p>\n\n\n\n<p><span class=\"has-inline-color has-white-color\">.<\/span><\/p>\n\n\n\n<p><span class=\"has-inline-color has-white-color\">.<\/span><\/p>\n\n\n\n<p><span class=\"has-inline-color has-white-color\">.<\/span><\/p>\n\n\n\n<p><span class=\"has-inline-color has-white-color\">.<\/span><\/p>\n\n\n\n<p><span class=\"has-inline-color has-white-color\">.<\/span><\/p>\n\n\n\n<p><span class=\"has-inline-color has-white-color\">.<\/span><\/p>\n\n\n\n<p><span class=\"has-inline-color has-white-color\">.<\/span><\/p>\n\n\n\n<p><span class=\"has-inline-color has-white-color\">.<\/span><\/p>\n\n\n\n<p><span class=\"has-inline-color has-white-color\">.<\/span><\/p>\n\n\n\n<div class=\"wp-block-image\"><figure class=\"alignright size-medium\"><a href=\"https:\/\/www.lirapopular.cl\/lirapopularxix\/wp-content\/uploads\/2021\/11\/LO0012104.jpg\"><img loading=\"lazy\" decoding=\"async\" width=\"207\" height=\"300\" src=\"https:\/\/www.lirapopular.cl\/lirapopularxix\/wp-content\/uploads\/2021\/11\/LO0012104-207x300.jpg\" alt=\"\" class=\"wp-image-25883\" srcset=\"https:\/\/www.lirapopular.cl\/lirapopularxix\/wp-content\/uploads\/2021\/11\/LO0012104-207x300.jpg 207w, https:\/\/www.lirapopular.cl\/lirapopularxix\/wp-content\/uploads\/2021\/11\/LO0012104.jpg 690w\" sizes=\"auto, (max-width: 207px) 100vw, 207px\" \/><\/a><figcaption>Archivo de Literatura Oral<br \/>Fondo Rodolfo Lenz<\/figcaption><\/figure><\/div>\n","protected":false},"excerpt":{"rendered":"<p>Autor: Juan Bautista Peralta, Poeta Santiaguino Huemul 34.Impresor: Imprenta Albi\u00f3n, San Diego 45BTama\u00f1o: 38,2 x 50,3 cmClasificaci\u00f3n: 380 P426r Caja N\u00b04b y 878 P426p Caja N\u00b0 6b, BN C\u00f3digo:&nbsp;LO0012114&nbsp;&#8211;&nbsp;LO0012104 Versos del reo Bustamente puesto en capilla y su pr\u00f3xima ejecuci\u00f3n Cartas del reo Bustamente en v\u00edsperas de su muerte Versos por la samaritana Contestaci\u00f3n al [&hellip;]<\/p>\n","protected":false},"author":1,"featured_media":0,"parent":0,"menu_order":0,"comment_status":"closed","ping_status":"closed","template":"","meta":{"footnotes":""},"class_list":["post-21410","page","type-page","status-publish","hentry"],"jetpack_sharing_enabled":true,"_links":{"self":[{"href":"https:\/\/www.lirapopular.cl\/lirapopularxix\/wp-json\/wp\/v2\/pages\/21410","targetHints":{"allow":["GET"]}}],"collection":[{"href":"https:\/\/www.lirapopular.cl\/lirapopularxix\/wp-json\/wp\/v2\/pages"}],"about":[{"href":"https:\/\/www.lirapopular.cl\/lirapopularxix\/wp-json\/wp\/v2\/types\/page"}],"author":[{"embeddable":true,"href":"https:\/\/www.lirapopular.cl\/lirapopularxix\/wp-json\/wp\/v2\/users\/1"}],"replies":[{"embeddable":true,"href":"https:\/\/www.lirapopular.cl\/lirapopularxix\/wp-json\/wp\/v2\/comments?post=21410"}],"version-history":[{"count":0,"href":"https:\/\/www.lirapopular.cl\/lirapopularxix\/wp-json\/wp\/v2\/pages\/21410\/revisions"}],"wp:attachment":[{"href":"https:\/\/www.lirapopular.cl\/lirapopularxix\/wp-json\/wp\/v2\/media?parent=21410"}],"curies":[{"name":"wp","href":"https:\/\/api.w.org\/{rel}","templated":true}]}}