{"id":21394,"date":"2021-08-17T11:40:37","date_gmt":"2021-08-17T15:40:37","guid":{"rendered":"https:\/\/www.lirapopular.cl\/lirapopularxix\/?page_id=21394"},"modified":"2021-08-17T11:40:37","modified_gmt":"2021-08-17T15:40:37","slug":"el-reo-acuna-pide-perdon-a-la-madre","status":"publish","type":"page","link":"https:\/\/www.lirapopular.cl\/lirapopularxix\/el-reo-acuna-pide-perdon-a-la-madre\/","title":{"rendered":"El reo Acu\u00f1a pide perdon a la madre."},"content":{"rendered":"\n<div class=\"wp-block-image\"><figure class=\"alignright size-medium\"><a href=\"http:\/\/https:\/\/www.lirapopular.cl\/lirapopularxix\/wp-content\/uploads\/2021\/08\/549-1.jpg\"><img decoding=\"async\" src=\"http:\/\/https:\/\/www.lirapopular.cl\/lirapopularxix\/wp-content\/uploads\/2021\/08\/549-1-300x226.jpg\" alt=\"\" class=\"wp-image-21397\"\/><\/a><figcaption>Colecci\u00f3n Lira Popular de la<br \/>Universidad de Chile<\/figcaption><\/figure><\/div>\n\n\n\n<p>Autor: Juan de Dios Peralta<br \/>Impresor: Impreso por P. Ramirez.\u2014Ech\u00e1urren, 6.<br \/>Tama\u00f1o: 26 x 33,5 cm<br \/>Clasificaci\u00f3n: 549 P426m Caja N\u00b01a<\/p>\n\n\n\n<ul class=\"wp-block-list\"><li><a href=\"https:\/\/www.lirapopular.cl\/lirapopularxix\/2021\/08\/17\/mas-datos-del-reo-acuna\/\">M\u00e1s datos del reo Acu\u00f1a<\/a><\/li><li><a href=\"https:\/\/www.lirapopular.cl\/lirapopularxix\/2021\/08\/17\/el-reo-acuna-pide-perdon-a-la-madre\/\">El reo Acu\u00f1a pide perd\u00f3n a la madre<\/a><\/li><li><a href=\"https:\/\/www.lirapopular.cl\/lirapopularxix\/2021\/08\/17\/desengano-del-mundo\/\">Desenga\u00f1o del mundo<\/a><\/li><li><a href=\"https:\/\/www.lirapopular.cl\/lirapopularxix\/2021\/08\/17\/refleccion-del-reo\/\">Reflexi\u00f3n del reo<\/a><\/li><\/ul>\n\n\n\n<p>Nota: Este ejemplar tiene escrito a mano con l\u00e1piz rojo \u201c549\u201d.<br \/>Documento optimizado digitalmente.<\/p>\n","protected":false},"excerpt":{"rendered":"<p>Autor: Juan de Dios PeraltaImpresor: Impreso por P. Ramirez.\u2014Ech\u00e1urren, 6.Tama\u00f1o: 26 x 33,5 cmClasificaci\u00f3n: 549 P426m Caja N\u00b01a M\u00e1s datos del reo Acu\u00f1a El reo Acu\u00f1a pide perd\u00f3n a la madre Desenga\u00f1o del mundo Reflexi\u00f3n del reo Nota: Este ejemplar tiene escrito a mano con l\u00e1piz rojo \u201c549\u201d.Documento optimizado digitalmente.<\/p>\n","protected":false},"author":1,"featured_media":0,"parent":0,"menu_order":0,"comment_status":"closed","ping_status":"closed","template":"","meta":{"footnotes":""},"class_list":["post-21394","page","type-page","status-publish","hentry"],"jetpack_sharing_enabled":true,"_links":{"self":[{"href":"https:\/\/www.lirapopular.cl\/lirapopularxix\/wp-json\/wp\/v2\/pages\/21394","targetHints":{"allow":["GET"]}}],"collection":[{"href":"https:\/\/www.lirapopular.cl\/lirapopularxix\/wp-json\/wp\/v2\/pages"}],"about":[{"href":"https:\/\/www.lirapopular.cl\/lirapopularxix\/wp-json\/wp\/v2\/types\/page"}],"author":[{"embeddable":true,"href":"https:\/\/www.lirapopular.cl\/lirapopularxix\/wp-json\/wp\/v2\/users\/1"}],"replies":[{"embeddable":true,"href":"https:\/\/www.lirapopular.cl\/lirapopularxix\/wp-json\/wp\/v2\/comments?post=21394"}],"version-history":[{"count":0,"href":"https:\/\/www.lirapopular.cl\/lirapopularxix\/wp-json\/wp\/v2\/pages\/21394\/revisions"}],"wp:attachment":[{"href":"https:\/\/www.lirapopular.cl\/lirapopularxix\/wp-json\/wp\/v2\/media?parent=21394"}],"curies":[{"name":"wp","href":"https:\/\/api.w.org\/{rel}","templated":true}]}}