{"id":21376,"date":"2021-08-17T10:34:28","date_gmt":"2021-08-17T14:34:28","guid":{"rendered":"https:\/\/www.lirapopular.cl\/lirapopularxix\/?page_id=21376"},"modified":"2021-08-17T10:34:28","modified_gmt":"2021-08-17T14:34:28","slug":"el-homicidio-de-la-elisa-farias","status":"publish","type":"page","link":"https:\/\/www.lirapopular.cl\/lirapopularxix\/el-homicidio-de-la-elisa-farias\/","title":{"rendered":"El homicidio de la Elisa Farias"},"content":{"rendered":"\n<div class=\"wp-block-image\"><figure class=\"alignright size-medium\"><a href=\"http:\/\/https:\/\/www.lirapopular.cl\/lirapopularxix\/wp-content\/uploads\/2021\/08\/547-1.jpg\"><img decoding=\"async\" src=\"http:\/\/https:\/\/www.lirapopular.cl\/lirapopularxix\/wp-content\/uploads\/2021\/08\/547-1-300x223.jpg\" alt=\"\" class=\"wp-image-21380\"\/><\/a><figcaption>Colecci\u00f3n Lira Popular de la<br \/>Universidad de Chile<\/figcaption><\/figure><\/div>\n\n\n\n<p>Autor: Juan de Dios Peralta.<br \/>Impresor: Impreso por P. Ramirez.\u2014Ech\u00e1urren, 6.<br \/>Tama\u00f1o: 25,5 x 34,1 cm<br \/>Clasificaci\u00f3n: 547 P426p Caja N\u00b01a<\/p>\n\n\n\n<ul class=\"wp-block-list\"><li><a href=\"https:\/\/www.lirapopular.cl\/lirapopularxix\/2021\/08\/17\/por-mano-de-una-mujer\/\">Por mano de una mujer<\/a><\/li><li><a href=\"https:\/\/www.lirapopular.cl\/lirapopularxix\/2021\/08\/17\/el-homicidio-de-la-elisa-farias\/\">El homicidio de la Elisa Far\u00edas<\/a><\/li><li><a href=\"https:\/\/www.lirapopular.cl\/lirapopularxix\/2021\/08\/17\/fratricidio\/\">Fratricidio<\/a><\/li><li><a href=\"https:\/\/www.lirapopular.cl\/lirapopularxix\/2021\/08\/17\/la-lei-pareja-no-es-dura-2\/\">La ley pareja no es dura<\/a><\/li><\/ul>\n\n\n\n<p>Nota: Este ejemplar tiene escrito a mano con l\u00e1piz rojo \u201c547\u201d. Por el reverso texto manuscrito con grafito y tinta: &#8220;1887 Dia 18 &#8211; Dia 18 &#8211; de Disiembre &#8211; Dedisiembre &#8211; C. D. C. M. &#8211; C. D. C. M.&#8221;<br \/>Documento optimizado digitalmente.<\/p>\n\n\n\n<p><span class=\"has-inline-color has-white-color\">,<\/span><\/p>\n\n\n\n<p><span class=\"has-inline-color has-white-color\">,<\/span><\/p>\n\n\n\n<div class=\"wp-block-image\"><figure class=\"alignright size-medium\"><a href=\"http:\/\/https:\/\/www.lirapopular.cl\/lirapopularxix\/wp-content\/uploads\/2021\/08\/547rev-1.jpg\"><img decoding=\"async\" src=\"http:\/\/https:\/\/www.lirapopular.cl\/lirapopularxix\/wp-content\/uploads\/2021\/08\/547rev-1-300x223.jpg\" alt=\"\" class=\"wp-image-21391\"\/><\/a><figcaption>Colecci\u00f3n Lira Popular de la<br \/>Universidad de Chile<\/figcaption><\/figure><\/div>\n","protected":false},"excerpt":{"rendered":"<p>Autor: Juan de Dios Peralta.Impresor: Impreso por P. Ramirez.\u2014Ech\u00e1urren, 6.Tama\u00f1o: 25,5 x 34,1 cmClasificaci\u00f3n: 547 P426p Caja N\u00b01a Por mano de una mujer El homicidio de la Elisa Far\u00edas Fratricidio La ley pareja no es dura Nota: Este ejemplar tiene escrito a mano con l\u00e1piz rojo \u201c547\u201d. Por el reverso texto manuscrito con grafito y [&hellip;]<\/p>\n","protected":false},"author":1,"featured_media":0,"parent":0,"menu_order":0,"comment_status":"closed","ping_status":"closed","template":"","meta":{"footnotes":""},"class_list":["post-21376","page","type-page","status-publish","hentry"],"jetpack_sharing_enabled":true,"_links":{"self":[{"href":"https:\/\/www.lirapopular.cl\/lirapopularxix\/wp-json\/wp\/v2\/pages\/21376","targetHints":{"allow":["GET"]}}],"collection":[{"href":"https:\/\/www.lirapopular.cl\/lirapopularxix\/wp-json\/wp\/v2\/pages"}],"about":[{"href":"https:\/\/www.lirapopular.cl\/lirapopularxix\/wp-json\/wp\/v2\/types\/page"}],"author":[{"embeddable":true,"href":"https:\/\/www.lirapopular.cl\/lirapopularxix\/wp-json\/wp\/v2\/users\/1"}],"replies":[{"embeddable":true,"href":"https:\/\/www.lirapopular.cl\/lirapopularxix\/wp-json\/wp\/v2\/comments?post=21376"}],"version-history":[{"count":0,"href":"https:\/\/www.lirapopular.cl\/lirapopularxix\/wp-json\/wp\/v2\/pages\/21376\/revisions"}],"wp:attachment":[{"href":"https:\/\/www.lirapopular.cl\/lirapopularxix\/wp-json\/wp\/v2\/media?parent=21376"}],"curies":[{"name":"wp","href":"https:\/\/api.w.org\/{rel}","templated":true}]}}