{"id":21360,"date":"2021-08-15T16:20:24","date_gmt":"2021-08-15T20:20:24","guid":{"rendered":"https:\/\/www.lirapopular.cl\/lirapopularxix\/?page_id=21360"},"modified":"2021-08-15T16:20:24","modified_gmt":"2021-08-15T20:20:24","slug":"acuna-pide-perdon","status":"publish","type":"page","link":"https:\/\/www.lirapopular.cl\/lirapopularxix\/acuna-pide-perdon\/","title":{"rendered":"Acu\u00f1a pide perdon."},"content":{"rendered":"\n<div class=\"wp-block-image\"><figure class=\"alignright size-medium\"><a href=\"http:\/\/https:\/\/www.lirapopular.cl\/lirapopularxix\/wp-content\/uploads\/2021\/08\/546-1.jpg\"><img decoding=\"async\" src=\"http:\/\/https:\/\/www.lirapopular.cl\/lirapopularxix\/wp-content\/uploads\/2021\/08\/546-1-300x220.jpg\" alt=\"\" class=\"wp-image-21361\"\/><\/a><figcaption>Colecci\u00f3n Lira Popular de la<br \/>Universidad de Chile<\/figcaption><\/figure><\/div>\n\n\n\n<p>Autor: Juan de Dios Peralta.<br \/>Impresor: Impreso por P. Ram\u00edrez.\u2013Ech\u00e1urren 6.<br \/>Tama\u00f1o: 23,7 x 34,1 cm<br \/>Clasificaci\u00f3n: 546 P426a Caja N\u00b01a, BN C\u00f3digo:\u00a0LO0012268<\/p>\n\n\n\n<ul class=\"wp-block-list\"><li><a href=\"https:\/\/www.lirapopular.cl\/lirapopularxix\/2021\/08\/15\/condena-del-reo-acuna\/\">Condena del reo Acu\u00f1a<\/a><\/li><li><a href=\"https:\/\/www.lirapopular.cl\/lirapopularxix\/2021\/08\/15\/acuna-pide-perdon\/\">Acu\u00f1a pide perd\u00f3n<\/a><\/li><li><a href=\"https:\/\/www.lirapopular.cl\/lirapopularxix\/2021\/08\/15\/carta-de-acuna\/\">Carta de Acu\u00f1a<\/a><\/li><li><a href=\"https:\/\/www.lirapopular.cl\/lirapopularxix\/2021\/08\/15\/algunos-detalles\/\">Algunos detalles<\/a><\/li><\/ul>\n\n\n\n<p>Nota: El 1er ejemplar tiene escrito a mano con l\u00e1piz rojo \u201c546\u201d.<br \/>El 2\u00ba ejemplar tiene escrito a mano con l\u00e1piz rojo \u201c-6-\u201d, con un timbre &#8220;0239&#8221; y con l\u00e1piz grafito &#8220;antes de 93&#8221;, &#8220;1&#8221;.<br \/>Documentos optimizados digitalmente.<\/p>\n\n\n\n<p><span class=\"has-inline-color has-white-color\">.<\/span><\/p>\n\n\n\n<div class=\"wp-block-image\"><figure class=\"alignright size-medium\"><a href=\"https:\/\/www.lirapopular.cl\/lirapopularxix\/wp-content\/uploads\/2021\/10\/LO0012268.jpg\"><img loading=\"lazy\" decoding=\"async\" width=\"300\" height=\"244\" src=\"https:\/\/www.lirapopular.cl\/lirapopularxix\/wp-content\/uploads\/2021\/10\/LO0012268-300x244.jpg\" alt=\"\" class=\"wp-image-25526\" srcset=\"https:\/\/www.lirapopular.cl\/lirapopularxix\/wp-content\/uploads\/2021\/10\/LO0012268-300x244.jpg 300w, https:\/\/www.lirapopular.cl\/lirapopularxix\/wp-content\/uploads\/2021\/10\/LO0012268-768x625.jpg 768w, https:\/\/www.lirapopular.cl\/lirapopularxix\/wp-content\/uploads\/2021\/10\/LO0012268.jpg 1000w\" sizes=\"auto, (max-width: 300px) 100vw, 300px\" \/><\/a><figcaption>Archivo de Literatura Oral<br \/>Fondo Rodolfo Lenz<\/figcaption><\/figure><\/div>\n","protected":false},"excerpt":{"rendered":"<p>Autor: Juan de Dios Peralta.Impresor: Impreso por P. Ram\u00edrez.\u2013Ech\u00e1urren 6.Tama\u00f1o: 23,7 x 34,1 cmClasificaci\u00f3n: 546 P426a Caja N\u00b01a, BN C\u00f3digo:\u00a0LO0012268 Condena del reo Acu\u00f1a Acu\u00f1a pide perd\u00f3n Carta de Acu\u00f1a Algunos detalles Nota: El 1er ejemplar tiene escrito a mano con l\u00e1piz rojo \u201c546\u201d.El 2\u00ba ejemplar tiene escrito a mano con l\u00e1piz rojo \u201c-6-\u201d, con [&hellip;]<\/p>\n","protected":false},"author":1,"featured_media":0,"parent":0,"menu_order":0,"comment_status":"closed","ping_status":"closed","template":"","meta":{"footnotes":""},"class_list":["post-21360","page","type-page","status-publish","hentry"],"jetpack_sharing_enabled":true,"_links":{"self":[{"href":"https:\/\/www.lirapopular.cl\/lirapopularxix\/wp-json\/wp\/v2\/pages\/21360","targetHints":{"allow":["GET"]}}],"collection":[{"href":"https:\/\/www.lirapopular.cl\/lirapopularxix\/wp-json\/wp\/v2\/pages"}],"about":[{"href":"https:\/\/www.lirapopular.cl\/lirapopularxix\/wp-json\/wp\/v2\/types\/page"}],"author":[{"embeddable":true,"href":"https:\/\/www.lirapopular.cl\/lirapopularxix\/wp-json\/wp\/v2\/users\/1"}],"replies":[{"embeddable":true,"href":"https:\/\/www.lirapopular.cl\/lirapopularxix\/wp-json\/wp\/v2\/comments?post=21360"}],"version-history":[{"count":0,"href":"https:\/\/www.lirapopular.cl\/lirapopularxix\/wp-json\/wp\/v2\/pages\/21360\/revisions"}],"wp:attachment":[{"href":"https:\/\/www.lirapopular.cl\/lirapopularxix\/wp-json\/wp\/v2\/media?parent=21360"}],"curies":[{"name":"wp","href":"https:\/\/api.w.org\/{rel}","templated":true}]}}