{"id":21315,"date":"2021-08-14T22:30:36","date_gmt":"2021-08-15T02:30:36","guid":{"rendered":"https:\/\/www.lirapopular.cl\/lirapopularxix\/?page_id=21315"},"modified":"2021-08-14T22:30:36","modified_gmt":"2021-08-15T02:30:36","slug":"captura-de-un-bandido-alberto-navarrete-en-su-prision","status":"publish","type":"page","link":"https:\/\/www.lirapopular.cl\/lirapopularxix\/captura-de-un-bandido-alberto-navarrete-en-su-prision\/","title":{"rendered":"Captura de un bandido <br>ALBERTO NAVARRETE EN SU PRISION"},"content":{"rendered":"\n<div class=\"wp-block-image\"><figure class=\"alignright size-medium\"><a href=\"http:\/\/https:\/\/www.lirapopular.cl\/lirapopularxix\/wp-content\/uploads\/2021\/08\/543-1.jpg\"><img decoding=\"async\" src=\"http:\/\/https:\/\/www.lirapopular.cl\/lirapopularxix\/wp-content\/uploads\/2021\/08\/543-1-253x300.jpg\" alt=\"\" class=\"wp-image-21317\"\/><\/a><figcaption>Colecci\u00f3n Lira Popular de la<br \/>Universidad de Chile<\/figcaption><\/figure><\/div>\n\n\n\n<p>Autor: Juan de Dios Peralta.<br \/>Impresor: Impreso por P. Ram\u00edrez.\u2013Ech\u00e1urren 6.<br \/>Tama\u00f1o: 20 x 25,2 cm<br \/>Clasificaci\u00f3n: 543 P426c Caja N\u00b01a<\/p>\n\n\n\n<ul class=\"wp-block-list\"><li><a href=\"https:\/\/www.lirapopular.cl\/lirapopularxix\/2021\/08\/15\/contricion-del-reo\/\">Constricci\u00f3n del reo<\/a><\/li><li><a href=\"https:\/\/www.lirapopular.cl\/lirapopularxix\/2021\/08\/15\/captura-de-un-bandido-alberto-navarrete-en-su-prision\/\">Captura de un bandido. Alberto Navarrete en su prisi\u00f3n<\/a><\/li><\/ul>\n\n\n\n<p>Documento optimizado digitalmente.<\/p>\n","protected":false},"excerpt":{"rendered":"<p>Autor: Juan de Dios Peralta.Impresor: Impreso por P. Ram\u00edrez.\u2013Ech\u00e1urren 6.Tama\u00f1o: 20 x 25,2 cmClasificaci\u00f3n: 543 P426c Caja N\u00b01a Constricci\u00f3n del reo Captura de un bandido. Alberto Navarrete en su prisi\u00f3n Documento optimizado digitalmente.<\/p>\n","protected":false},"author":1,"featured_media":0,"parent":0,"menu_order":0,"comment_status":"closed","ping_status":"closed","template":"","meta":{"footnotes":""},"class_list":["post-21315","page","type-page","status-publish","hentry"],"jetpack_sharing_enabled":true,"_links":{"self":[{"href":"https:\/\/www.lirapopular.cl\/lirapopularxix\/wp-json\/wp\/v2\/pages\/21315","targetHints":{"allow":["GET"]}}],"collection":[{"href":"https:\/\/www.lirapopular.cl\/lirapopularxix\/wp-json\/wp\/v2\/pages"}],"about":[{"href":"https:\/\/www.lirapopular.cl\/lirapopularxix\/wp-json\/wp\/v2\/types\/page"}],"author":[{"embeddable":true,"href":"https:\/\/www.lirapopular.cl\/lirapopularxix\/wp-json\/wp\/v2\/users\/1"}],"replies":[{"embeddable":true,"href":"https:\/\/www.lirapopular.cl\/lirapopularxix\/wp-json\/wp\/v2\/comments?post=21315"}],"version-history":[{"count":0,"href":"https:\/\/www.lirapopular.cl\/lirapopularxix\/wp-json\/wp\/v2\/pages\/21315\/revisions"}],"wp:attachment":[{"href":"https:\/\/www.lirapopular.cl\/lirapopularxix\/wp-json\/wp\/v2\/media?parent=21315"}],"curies":[{"name":"wp","href":"https:\/\/api.w.org\/{rel}","templated":true}]}}