{"id":21279,"date":"2021-08-14T13:05:20","date_gmt":"2021-08-14T17:05:20","guid":{"rendered":"https:\/\/www.lirapopular.cl\/lirapopularxix\/?page_id=21279"},"modified":"2021-08-14T13:05:20","modified_gmt":"2021-08-14T17:05:20","slug":"ejecucion-del-reo-lobos","status":"publish","type":"page","link":"https:\/\/www.lirapopular.cl\/lirapopularxix\/ejecucion-del-reo-lobos\/","title":{"rendered":"Ejecucion del reo Lobos"},"content":{"rendered":"\n<div class=\"wp-block-image\"><figure class=\"alignright size-medium\"><a href=\"http:\/\/https:\/\/www.lirapopular.cl\/lirapopularxix\/wp-content\/uploads\/2021\/08\/541-1.jpg\"><img decoding=\"async\" src=\"http:\/\/https:\/\/www.lirapopular.cl\/lirapopularxix\/wp-content\/uploads\/2021\/08\/541-1-300x224.jpg\" alt=\"\" class=\"wp-image-21280\"\/><\/a><figcaption>Colecci\u00f3n Lira Popular de la<br \/>Universidad de Chile<\/figcaption><\/figure><\/div>\n\n\n\n<p>Autor: Juan de Dios Peralta.<br \/>Impresor: Impreso por P. Ram\u00edrez.\u2013Ech\u00e1urren 6.<br \/>Tama\u00f1o: 25,3 x 25,3 cm<br \/>Clasificaci\u00f3n: 541 P426n Caja N\u00b01a<\/p>\n\n\n\n<ul class=\"wp-block-list\"><li><a href=\"https:\/\/www.lirapopular.cl\/lirapopularxix\/2021\/08\/14\/la-negativa-del-reo\/\">La negativa del reo<\/a><\/li><li><a href=\"https:\/\/www.lirapopular.cl\/lirapopularxix\/2021\/08\/14\/ejecucion-del-reo-lobos\/\">Ejecuci\u00f3n del reo Lobos<\/a><\/li><li><a href=\"https:\/\/www.lirapopular.cl\/lirapopularxix\/2021\/08\/14\/salvador-farias\/\">Salvador Far\u00edas<\/a><\/li><li><a href=\"https:\/\/www.lirapopular.cl\/lirapopularxix\/2021\/08\/14\/preguntas\/\">Preguntas<\/a><\/li><\/ul>\n\n\n\n<p>Nota: Este ejemplar tiene escrito a mano con l\u00e1piz rojo \u201c541\u201d.<br \/>Usa el mismo grabado que lira 542 P426e Caja N\u00b01a, <a href=\"https:\/\/www.lirapopular.cl\/lirapopularxix\/ejecucion-de-belarmino-ponce\/\">ver<\/a> y 544 P426s Caja N\u00b01a, <a href=\"https:\/\/www.lirapopular.cl\/lirapopularxix\/ejecucion-del-reo-acuna\/\">ver<\/a>..<br \/>Documento optimizado digitalmente.<\/p>\n","protected":false},"excerpt":{"rendered":"<p>Autor: Juan de Dios Peralta.Impresor: Impreso por P. Ram\u00edrez.\u2013Ech\u00e1urren 6.Tama\u00f1o: 25,3 x 25,3 cmClasificaci\u00f3n: 541 P426n Caja N\u00b01a La negativa del reo Ejecuci\u00f3n del reo Lobos Salvador Far\u00edas Preguntas Nota: Este ejemplar tiene escrito a mano con l\u00e1piz rojo \u201c541\u201d.Usa el mismo grabado que lira 542 P426e Caja N\u00b01a, ver y 544 P426s Caja N\u00b01a, [&hellip;]<\/p>\n","protected":false},"author":1,"featured_media":0,"parent":0,"menu_order":0,"comment_status":"open","ping_status":"closed","template":"","meta":{"footnotes":""},"class_list":["post-21279","page","type-page","status-publish","hentry"],"jetpack_sharing_enabled":true,"_links":{"self":[{"href":"https:\/\/www.lirapopular.cl\/lirapopularxix\/wp-json\/wp\/v2\/pages\/21279","targetHints":{"allow":["GET"]}}],"collection":[{"href":"https:\/\/www.lirapopular.cl\/lirapopularxix\/wp-json\/wp\/v2\/pages"}],"about":[{"href":"https:\/\/www.lirapopular.cl\/lirapopularxix\/wp-json\/wp\/v2\/types\/page"}],"author":[{"embeddable":true,"href":"https:\/\/www.lirapopular.cl\/lirapopularxix\/wp-json\/wp\/v2\/users\/1"}],"replies":[{"embeddable":true,"href":"https:\/\/www.lirapopular.cl\/lirapopularxix\/wp-json\/wp\/v2\/comments?post=21279"}],"version-history":[{"count":0,"href":"https:\/\/www.lirapopular.cl\/lirapopularxix\/wp-json\/wp\/v2\/pages\/21279\/revisions"}],"wp:attachment":[{"href":"https:\/\/www.lirapopular.cl\/lirapopularxix\/wp-json\/wp\/v2\/media?parent=21279"}],"curies":[{"name":"wp","href":"https:\/\/api.w.org\/{rel}","templated":true}]}}