{"id":2125,"date":"2019-08-02T01:49:45","date_gmt":"2019-08-02T05:49:45","guid":{"rendered":"https:\/\/www.lirapopular.cl\/lirapopularxix\/?page_id=2125"},"modified":"2019-08-02T01:49:45","modified_gmt":"2019-08-02T05:49:45","slug":"el-crimen-de-la-calle-santa-rosa-versos-de-pascua-y-noche-buena","status":"publish","type":"page","link":"https:\/\/www.lirapopular.cl\/lirapopularxix\/el-crimen-de-la-calle-santa-rosa-versos-de-pascua-y-noche-buena\/","title":{"rendered":"El Cr\u00edmen de la calle Santa Rosa <br>Versos de Pascua y Noche Buena"},"content":{"rendered":"\n<div class=\"wp-block-image\"><figure class=\"alignright\"><a href=\"https:\/\/www.lirapopular.cl\/lirapopularxix\/wp-content\/uploads\/2019\/08\/551.jpg\"><img loading=\"lazy\" decoding=\"async\" width=\"217\" height=\"300\" src=\"https:\/\/www.lirapopular.cl\/lirapopularxix\/wp-content\/uploads\/2019\/08\/551-217x300.jpg\" alt=\"\" class=\"wp-image-2127\" srcset=\"https:\/\/www.lirapopular.cl\/lirapopularxix\/wp-content\/uploads\/2019\/08\/551-217x300.jpg 217w, https:\/\/www.lirapopular.cl\/lirapopularxix\/wp-content\/uploads\/2019\/08\/551.jpg 722w\" sizes=\"auto, (max-width: 217px) 100vw, 217px\" \/><\/a><figcaption>Colecci\u00f3n Lira Popular de la <br>Universidad de Chile<\/figcaption><\/figure><\/div>\n\n\n\n<p>Autor: Rosa Aravena<br>Impresor: Sin informaci\u00f3n<br>Tama\u00f1o: 52,8 x 37 cm<br>Clasificaci\u00f3n: 551 A663 Caja N\u00b010a<\/p>\n\n\n\n<ul class=\"wp-block-list\"><li><a href=\"https:\/\/www.lirapopular.cl\/lirapopularxix\/2019\/08\/02\/el-municipal-que-mato-al-alcalde-en-la-calle-santa-rosa\/\">El municipal que mato al alcalde en la calle Santa Rosa<\/a><\/li><li><a href=\"https:\/\/www.lirapopular.cl\/lirapopularxix\/2019\/08\/02\/las-4-senoritas-ahogadas-en-el-canal-san-carlos\/\">Las 4 se\u00f1oritas ahogadas en el Canal San Carlos<\/a><\/li><li><a href=\"https:\/\/www.lirapopular.cl\/lirapopularxix\/2019\/08\/02\/la-noche-buena\/\">La Noche Buena<\/a><\/li><li><a href=\"https:\/\/www.lirapopular.cl\/lirapopularxix\/2019\/08\/02\/nacimiento-del-nino-dios\/\">Nacimiento del Ni\u00f1o Dios<\/a><\/li><li><a href=\"https:\/\/www.lirapopular.cl\/lirapopularxix\/2019\/08\/02\/el-huaso-2\/\">El huaso<\/a><\/li><li><a href=\"https:\/\/www.lirapopular.cl\/lirapopularxix\/2019\/08\/02\/el-discreto-i-el-huaso-el-discreto\/\">El discreto y el huaso<\/a><\/li><\/ul>\n\n\n\n<p>Nota: Este ejemplar tiene escrito a mano con l\u00e1piz rojo \u201c551\u201d<\/p>\n","protected":false},"excerpt":{"rendered":"<p>Autor: Rosa AravenaImpresor: Sin informaci\u00f3nTama\u00f1o: 52,8 x 37 cmClasificaci\u00f3n: 551 A663 Caja N\u00b010a El municipal que mato al alcalde en la calle Santa Rosa Las 4 se\u00f1oritas ahogadas en el Canal San Carlos La Noche Buena Nacimiento del Ni\u00f1o Dios El huaso El discreto y el huaso Nota: Este ejemplar tiene escrito a mano con [&hellip;]<\/p>\n","protected":false},"author":1,"featured_media":0,"parent":0,"menu_order":0,"comment_status":"closed","ping_status":"closed","template":"","meta":{"footnotes":""},"class_list":["post-2125","page","type-page","status-publish","hentry"],"jetpack_sharing_enabled":true,"_links":{"self":[{"href":"https:\/\/www.lirapopular.cl\/lirapopularxix\/wp-json\/wp\/v2\/pages\/2125","targetHints":{"allow":["GET"]}}],"collection":[{"href":"https:\/\/www.lirapopular.cl\/lirapopularxix\/wp-json\/wp\/v2\/pages"}],"about":[{"href":"https:\/\/www.lirapopular.cl\/lirapopularxix\/wp-json\/wp\/v2\/types\/page"}],"author":[{"embeddable":true,"href":"https:\/\/www.lirapopular.cl\/lirapopularxix\/wp-json\/wp\/v2\/users\/1"}],"replies":[{"embeddable":true,"href":"https:\/\/www.lirapopular.cl\/lirapopularxix\/wp-json\/wp\/v2\/comments?post=2125"}],"version-history":[{"count":0,"href":"https:\/\/www.lirapopular.cl\/lirapopularxix\/wp-json\/wp\/v2\/pages\/2125\/revisions"}],"wp:attachment":[{"href":"https:\/\/www.lirapopular.cl\/lirapopularxix\/wp-json\/wp\/v2\/media?parent=2125"}],"curies":[{"name":"wp","href":"https:\/\/api.w.org\/{rel}","templated":true}]}}