{"id":21238,"date":"2021-08-13T17:50:11","date_gmt":"2021-08-13T21:50:11","guid":{"rendered":"https:\/\/www.lirapopular.cl\/lirapopularxix\/?page_id=21238"},"modified":"2021-08-13T17:50:11","modified_gmt":"2021-08-13T21:50:11","slug":"un-hijo-infame","status":"publish","type":"page","link":"https:\/\/www.lirapopular.cl\/lirapopularxix\/un-hijo-infame\/","title":{"rendered":"UN  HIJO INFAME"},"content":{"rendered":"<div class=\"wp-block-image\">\n<figure class=\"alignright size-medium\"><a href=\"http:\/\/https:\/\/www.lirapopular.cl\/lirapopularxix\/wp-content\/uploads\/2021\/08\/675-1.jpg\"><img decoding=\"async\" src=\"http:\/\/https:\/\/www.lirapopular.cl\/lirapopularxix\/wp-content\/uploads\/2021\/08\/675-1-215x300.jpg\" alt=\"\" class=\"wp-image-21239\"\/><\/a><figcaption class=\"wp-element-caption\">Colecci\u00f3n Lira Popular de la<br \/>Universidad de Chile<\/figcaption><\/figure>\n<\/div>\n\n\n<p>Autor: Jonatas &#8211; Pepe.<br \/>Impresor: Sin informaci\u00f3n<br \/>Tama\u00f1o: 27,4 x 37,2 cm<br \/>Clasificaci\u00f3n: 675 P425 Caja N\u00b03a<\/p>\n\n\n\n<ul class=\"wp-block-list\">\n<li><a href=\"https:\/\/www.lirapopular.cl\/lirapopularxix\/2021\/08\/13\/un-hijo-infame\/\">Un hijo infame<\/a><\/li>\n\n\n\n<li><a href=\"https:\/\/www.lirapopular.cl\/lirapopularxix\/2021\/08\/13\/incendio-en-valparaiso\/\">Incendio en Valpara\u00edso<\/a><\/li>\n\n\n\n<li><a href=\"https:\/\/www.lirapopular.cl\/lirapopularxix\/2021\/08\/13\/la-influenzao-garrotazo\/\">La influenza o garrotazo<\/a><\/li>\n\n\n\n<li><a href=\"https:\/\/www.lirapopular.cl\/lirapopularxix\/2021\/08\/13\/a-mariquita\/\">A Mariquita<\/a><\/li>\n<\/ul>\n\n\n\n<p>Nota: Este ejemplar tiene escrito a mano con l\u00e1piz rojo \u201c675\u201d.<br \/>Por el reverso hay texto manuscrito:<\/p>\n\n\n\n<p>Se\u00f1or don Pedro Geria<br \/>De malas un contrapunto<br \/>Los dos por un mismo asunto<br \/>Haber cual sale bensio<br \/>Su poes\u00eda es muy bella<br \/>Para xxx<br \/>Y la mia a la contraria<br \/>Xxx por la misma huella<br \/>No crea que me hace mella<br \/>Ni aunque me he xxx<br \/>Y si en contra le porf\u00eda<br \/>Ubste con su educaci\u00f3n<br \/>Puede darme una lecci\u00f3n<br \/>Se\u00f1or don Pedro Geria<\/p>\n\n\n\n<p>Pedro Nolasco Geria<\/p>\n\n\n\n<p><br \/>Documento optimizado digitalmente.<\/p>\n\n\n\n<p><span class=\"has-inline-color has-white-color\">.<\/span><\/p>\n\n\n\n<p><span class=\"has-inline-color has-white-color\">.<\/span><\/p>\n\n\n\n<p><span class=\"has-inline-color has-white-color\">.<\/span><\/p>\n\n\n<div class=\"wp-block-image\">\n<figure class=\"alignright size-medium\"><a href=\"http:\/\/https:\/\/www.lirapopular.cl\/lirapopularxix\/wp-content\/uploads\/2021\/08\/675v-1.jpg\"><img decoding=\"async\" src=\"http:\/\/https:\/\/www.lirapopular.cl\/lirapopularxix\/wp-content\/uploads\/2021\/08\/675v-1-209x300.jpg\" alt=\"\" class=\"wp-image-21243\"\/><\/a><figcaption class=\"wp-element-caption\">Colecci\u00f3n Lira Popular de la<br \/>Universidad de Chile<\/figcaption><\/figure>\n<\/div>\n\n\n<p><span class=\"has-inline-color has-white-color\">.<\/span><\/p>\n","protected":false},"excerpt":{"rendered":"<p>Autor: Jonatas &#8211; Pepe.Impresor: Sin informaci\u00f3nTama\u00f1o: 27,4 x 37,2 cmClasificaci\u00f3n: 675 P425 Caja N\u00b03a Nota: Este ejemplar tiene escrito a mano con l\u00e1piz rojo \u201c675\u201d.Por el reverso hay texto manuscrito: Se\u00f1or don Pedro GeriaDe malas un contrapuntoLos dos por un mismo asuntoHaber cual sale bensioSu poes\u00eda es muy bellaPara xxxY la mia a la contrariaXxx [&hellip;]<\/p>\n","protected":false},"author":1,"featured_media":0,"parent":0,"menu_order":0,"comment_status":"closed","ping_status":"closed","template":"","meta":{"footnotes":""},"class_list":["post-21238","page","type-page","status-publish","hentry"],"jetpack_sharing_enabled":true,"_links":{"self":[{"href":"https:\/\/www.lirapopular.cl\/lirapopularxix\/wp-json\/wp\/v2\/pages\/21238","targetHints":{"allow":["GET"]}}],"collection":[{"href":"https:\/\/www.lirapopular.cl\/lirapopularxix\/wp-json\/wp\/v2\/pages"}],"about":[{"href":"https:\/\/www.lirapopular.cl\/lirapopularxix\/wp-json\/wp\/v2\/types\/page"}],"author":[{"embeddable":true,"href":"https:\/\/www.lirapopular.cl\/lirapopularxix\/wp-json\/wp\/v2\/users\/1"}],"replies":[{"embeddable":true,"href":"https:\/\/www.lirapopular.cl\/lirapopularxix\/wp-json\/wp\/v2\/comments?post=21238"}],"version-history":[{"count":0,"href":"https:\/\/www.lirapopular.cl\/lirapopularxix\/wp-json\/wp\/v2\/pages\/21238\/revisions"}],"wp:attachment":[{"href":"https:\/\/www.lirapopular.cl\/lirapopularxix\/wp-json\/wp\/v2\/media?parent=21238"}],"curies":[{"name":"wp","href":"https:\/\/api.w.org\/{rel}","templated":true}]}}